{"id":583,"date":"2020-12-17T00:34:55","date_gmt":"2020-12-17T00:34:55","guid":{"rendered":"https:\/\/phox.whmcsdes.com\/shiny\/?page_id=583"},"modified":"2022-12-30T15:06:26","modified_gmt":"2022-12-30T15:06:26","slug":"about-us","status":"publish","type":"page","link":"https:\/\/onehostingeurope.com\/it\/chi-siamo\/","title":{"rendered":"Chi siamo"},"content":{"rendered":"<div data-elementor-type=\"wp-page\" data-elementor-id=\"583\" class=\"elementor elementor-583\" data-elementor-post-type=\"page\">\n\t\t\t\t\t\t<section class=\"elementor-section elementor-top-section elementor-element elementor-element-f2a3e2e elementor-section-boxed elementor-section-height-default elementor-section-height-default\" data-id=\"f2a3e2e\" data-element_type=\"section\" data-settings=\"{&quot;background_background&quot;:&quot;classic&quot;,&quot;shape_divider_bottom&quot;:&quot;tilt&quot;}\">\n\t\t\t\t\t\t\t<div class=\"elementor-background-overlay\"><\/div>\n\t\t\t\t\t\t<div class=\"elementor-shape elementor-shape-bottom\" data-negative=\"false\">\n\t\t\t<svg xmlns=\"http:\/\/www.w3.org\/2000\/svg\" viewbox=\"0 0 1000 100\" preserveaspectratio=\"none\">\n\t<path class=\"elementor-shape-fill\" d=\"M0,6V0h1000v100L0,6z\"\/>\n<\/svg>\t\t<\/div>\n\t\t\t\t\t<div class=\"elementor-container elementor-column-gap-default\">\n\t\t\t\t\t<div class=\"elementor-column elementor-col-50 elementor-top-column elementor-element elementor-element-cae9c0d\" data-id=\"cae9c0d\" data-element_type=\"column\">\n\t\t\t<div class=\"elementor-widget-wrap elementor-element-populated\">\n\t\t\t\t\t\t<div class=\"elementor-element elementor-element-171770f elementor-widget elementor-widget-wdes-section-header-widget\" data-id=\"171770f\" data-element_type=\"widget\" data-widget_type=\"wdes-section-header-widget.default\">\n\t\t\t\t<div class=\"elementor-widget-container\">\n\t\t\t<section class=\"widget-content wdes-widget-section-header\"><div class=\"wdes-widget-inner wdes-text-align-left\"><h1 class=\"wdes-section-header-primary\">Costruiamo il web moderno<\/h1><div class=\"wdes-section-header-description\">Hai gi\u00e0 un sito web? Dategli la casa che merita. Con tempi di caricamento leader del settore.<\/div><\/div><\/section>\t\t<\/div>\n\t\t\t\t<\/div>\n\t\t\t\t\t<\/div>\n\t\t<\/div>\n\t\t\t\t<div class=\"elementor-column elementor-col-50 elementor-top-column elementor-element elementor-element-8626b6e\" data-id=\"8626b6e\" data-element_type=\"column\">\n\t\t\t<div class=\"elementor-widget-wrap elementor-element-populated\">\n\t\t\t\t\t\t<div class=\"elementor-element elementor-element-143e53e elementor-invisible elementor-widget elementor-widget-image\" data-id=\"143e53e\" data-element_type=\"widget\" data-settings=\"{&quot;_animation&quot;:&quot;fadeInRight&quot;}\" data-widget_type=\"image.default\">\n\t\t\t\t<div class=\"elementor-widget-container\">\n\t\t\t\t\t\t\t\t\t\t\t\t\t<img decoding=\"async\" src=\"https:\/\/onehostingeurope.com\/wp-content\/uploads\/elementor\/thumbs\/about-r1i0sh9mova9m3h065nvbuykg5lyx9fx78ay3d0e0w.png\" title=\"di\" alt=\"di\" loading=\"lazy\" \/>\t\t\t\t\t\t\t\t\t\t\t\t\t<\/div>\n\t\t\t\t<\/div>\n\t\t\t\t\t<\/div>\n\t\t<\/div>\n\t\t\t\t\t<\/div>\n\t\t<\/section>\n\t\t\t\t<section class=\"elementor-section elementor-top-section elementor-element elementor-element-56e0e36 elementor-section-boxed elementor-section-height-default elementor-section-height-default\" data-id=\"56e0e36\" data-element_type=\"section\">\n\t\t\t\t\t\t<div class=\"elementor-container elementor-column-gap-default\">\n\t\t\t\t\t<div class=\"elementor-column elementor-col-25 elementor-top-column elementor-element elementor-element-ad19098\" data-id=\"ad19098\" data-element_type=\"column\">\n\t\t\t<div class=\"elementor-widget-wrap elementor-element-populated\">\n\t\t\t\t\t\t<div class=\"elementor-element elementor-element-5aa6e7a elementor-position-top elementor-widget elementor-widget-image-box\" data-id=\"5aa6e7a\" data-element_type=\"widget\" data-widget_type=\"image-box.default\">\n\t\t\t\t<div class=\"elementor-widget-container\">\n\t\t\t<div class=\"elementor-image-box-wrapper\"><figure class=\"elementor-image-box-img\"><a href=\"#\" tabindex=\"-1\"><img decoding=\"async\" src=\"https:\/\/onehostingeurope.com\/wp-content\/uploads\/elementor\/thumbs\/house-r1i0sh9mov7voemzyn7ji0giu04bkj4yal81kxlla8.png\" title=\"Casa\" alt=\"Casa\" loading=\"lazy\" \/><\/a><\/figure><div class=\"elementor-image-box-content\"><h3 class=\"elementor-image-box-title\"><a href=\"#\">Esplora le carriere<\/a><\/h3><p class=\"elementor-image-box-description\">Trova con noi il lavoro dei tuoi sogni.<\/p><\/div><\/div>\t\t<\/div>\n\t\t\t\t<\/div>\n\t\t\t\t\t<\/div>\n\t\t<\/div>\n\t\t\t\t<div class=\"elementor-column elementor-col-25 elementor-top-column elementor-element elementor-element-c3fa0e7\" data-id=\"c3fa0e7\" data-element_type=\"column\">\n\t\t\t<div class=\"elementor-widget-wrap elementor-element-populated\">\n\t\t\t\t\t\t<div class=\"elementor-element elementor-element-7265a47 elementor-position-top elementor-widget elementor-widget-image-box\" data-id=\"7265a47\" data-element_type=\"widget\" data-widget_type=\"image-box.default\">\n\t\t\t\t<div class=\"elementor-widget-container\">\n\t\t\t<div class=\"elementor-image-box-wrapper\"><figure class=\"elementor-image-box-img\"><a href=\"https:\/\/onehostingeurope.com\/creation-website\/\" tabindex=\"-1\"><img decoding=\"async\" src=\"https:\/\/onehostingeurope.com\/wp-content\/uploads\/elementor\/thumbs\/editing-r1i0sh9mov7voemzyn7ji0giu04bkj4yal81kxlla8.png\" title=\"la modifica\" alt=\"la modifica\" loading=\"lazy\" \/><\/a><\/figure><div class=\"elementor-image-box-content\"><h3 class=\"elementor-image-box-title\"><a href=\"https:\/\/onehostingeurope.com\/creation-website\/\">Informazioni stampa<\/a><\/h3><p class=\"elementor-image-box-description\">Scrivere o parlare di noi?<\/p><\/div><\/div>\t\t<\/div>\n\t\t\t\t<\/div>\n\t\t\t\t\t<\/div>\n\t\t<\/div>\n\t\t\t\t<div class=\"elementor-column elementor-col-25 elementor-top-column elementor-element elementor-element-d141997\" data-id=\"d141997\" data-element_type=\"column\">\n\t\t\t<div class=\"elementor-widget-wrap elementor-element-populated\">\n\t\t\t\t\t\t<div class=\"elementor-element elementor-element-093ee3f elementor-position-top elementor-widget elementor-widget-image-box\" data-id=\"093ee3f\" data-element_type=\"widget\" data-widget_type=\"image-box.default\">\n\t\t\t\t<div class=\"elementor-widget-container\">\n\t\t\t<div class=\"elementor-image-box-wrapper\"><figure class=\"elementor-image-box-img\"><a href=\"https:\/\/onehostingeurope.com\/creation-website\/\" tabindex=\"-1\"><img decoding=\"async\" src=\"https:\/\/onehostingeurope.com\/wp-content\/uploads\/elementor\/thumbs\/maximize-r1i0sh9mov7voemzyn7ji0giu04bkj4yal81kxlla8.png\" title=\"massimizzare\" alt=\"massimizzare\" loading=\"lazy\" \/><\/a><\/figure><div class=\"elementor-image-box-content\"><h3 class=\"elementor-image-box-title\"><a href=\"https:\/\/onehostingeurope.com\/creation-website\/\">Scopri i nostri lavori<\/a><\/h3><p class=\"elementor-image-box-description\">Esplora tutte le cose.<\/p><\/div><\/div>\t\t<\/div>\n\t\t\t\t<\/div>\n\t\t\t\t\t<\/div>\n\t\t<\/div>\n\t\t\t\t<div class=\"elementor-column elementor-col-25 elementor-top-column elementor-element elementor-element-2e70847\" data-id=\"2e70847\" data-element_type=\"column\">\n\t\t\t<div class=\"elementor-widget-wrap elementor-element-populated\">\n\t\t\t\t\t\t<div class=\"elementor-element elementor-element-9244374 elementor-position-top elementor-widget elementor-widget-image-box\" data-id=\"9244374\" data-element_type=\"widget\" data-widget_type=\"image-box.default\">\n\t\t\t\t<div class=\"elementor-widget-container\">\n\t\t\t<div class=\"elementor-image-box-wrapper\"><figure class=\"elementor-image-box-img\"><a href=\"https:\/\/onehostingeurope.com\/contact-us\/\" tabindex=\"-1\"><img decoding=\"async\" src=\"https:\/\/onehostingeurope.com\/wp-content\/uploads\/elementor\/thumbs\/goal-1-r1i0sh9mov7voemzyn7ji0giu04bkj4yal81kxlla8.png\" title=\"obiettivo\" alt=\"obiettivo\" loading=\"lazy\" \/><\/a><\/figure><div class=\"elementor-image-box-content\"><h3 class=\"elementor-image-box-title\"><a href=\"https:\/\/onehostingeurope.com\/contact-us\/\">Comando<\/a><\/h3><p class=\"elementor-image-box-description\">Incontra il nostro gruppo dirigente.<\/p><\/div><\/div>\t\t<\/div>\n\t\t\t\t<\/div>\n\t\t\t\t\t<\/div>\n\t\t<\/div>\n\t\t\t\t\t<\/div>\n\t\t<\/section>\n\t\t\t\t<section class=\"elementor-section elementor-top-section elementor-element elementor-element-e15dd1f elementor-section-boxed elementor-section-height-default elementor-section-height-default\" data-id=\"e15dd1f\" data-element_type=\"section\" data-settings=\"{&quot;background_background&quot;:&quot;classic&quot;,&quot;shape_divider_top&quot;:&quot;tilt&quot;,&quot;shape_divider_bottom&quot;:&quot;tilt&quot;}\">\n\t\t\t\t\t<div class=\"elementor-shape elementor-shape-top\" data-negative=\"false\">\n\t\t\t<svg xmlns=\"http:\/\/www.w3.org\/2000\/svg\" viewbox=\"0 0 1000 100\" preserveaspectratio=\"none\">\n\t<path class=\"elementor-shape-fill\" d=\"M0,6V0h1000v100L0,6z\"\/>\n<\/svg>\t\t<\/div>\n\t\t\t\t<div class=\"elementor-shape elementor-shape-bottom\" data-negative=\"false\">\n\t\t\t<svg xmlns=\"http:\/\/www.w3.org\/2000\/svg\" viewbox=\"0 0 1000 100\" preserveaspectratio=\"none\">\n\t<path class=\"elementor-shape-fill\" d=\"M0,6V0h1000v100L0,6z\"\/>\n<\/svg>\t\t<\/div>\n\t\t\t\t\t<div class=\"elementor-container elementor-column-gap-default\">\n\t\t\t\t\t<div class=\"elementor-column elementor-col-50 elementor-top-column elementor-element elementor-element-1a605e4\" data-id=\"1a605e4\" data-element_type=\"column\">\n\t\t\t<div class=\"elementor-widget-wrap elementor-element-populated\">\n\t\t\t\t\t\t<div class=\"elementor-element elementor-element-213cf5c shiny-demo-domain elementor-widget elementor-widget-wdes-section-header-widget\" data-id=\"213cf5c\" data-element_type=\"widget\" data-widget_type=\"wdes-section-header-widget.default\">\n\t\t\t\t<div class=\"elementor-widget-container\">\n\t\t\t<section class=\"widget-content wdes-widget-section-header\"><div class=\"wdes-widget-inner wdes-text-align-left\"><h1 class=\"wdes-section-header-primary\">Le nostre competenze e competenze<\/h1><div class=\"wdes-section-header-description\">Inizia definendo il problema. Abbi il coraggio di affrontare un problema da una prospettiva diversa. Pianifica in anticipo, ma agisci con decisione. Considera che l&#039;approccio pi\u00f9 semplice \u00e8 spesso il migliore.<\/div><\/div><\/section>\t\t<\/div>\n\t\t\t\t<\/div>\n\t\t\t\t<div class=\"elementor-element elementor-element-7944511 elementor-align-left elementor-widget elementor-widget-button\" data-id=\"7944511\" data-element_type=\"widget\" data-widget_type=\"button.default\">\n\t\t\t\t<div class=\"elementor-widget-container\">\n\t\t\t\t\t\t\t<div class=\"elementor-button-wrapper\">\n\t\t\t\t\t<a class=\"elementor-button elementor-button-link elementor-size-sm\" href=\"https:\/\/onehostingeurope.com\/creation-website\/\">\n\t\t\t\t\t\t<span class=\"elementor-button-content-wrapper\">\n\t\t\t\t\t\t\t\t\t<span class=\"elementor-button-text\">Vedi le nostre competenze<\/span>\n\t\t\t\t\t<\/span>\n\t\t\t\t\t<\/a>\n\t\t\t\t<\/div>\n\t\t\t\t\t\t<\/div>\n\t\t\t\t<\/div>\n\t\t\t\t\t<\/div>\n\t\t<\/div>\n\t\t\t\t<div class=\"elementor-column elementor-col-50 elementor-top-column elementor-element elementor-element-d83897d\" data-id=\"d83897d\" data-element_type=\"column\">\n\t\t\t<div class=\"elementor-widget-wrap elementor-element-populated\">\n\t\t\t\t\t\t<div class=\"elementor-element elementor-element-2bef7b6 elementor-widget elementor-widget-progress\" data-id=\"2bef7b6\" data-element_type=\"widget\" data-widget_type=\"progress.default\">\n\t\t\t\t<div class=\"elementor-widget-container\">\n\t\t\t\t\t\t<span class=\"elementor-title\" id=\"elementor-progress-bar-2bef7b6\">\n\t\t\t\tSocial media\t\t\t<\/span>\n\t\t\n\t\t<div aria-labelledby=\"elementor-progress-bar-2bef7b6\" class=\"elementor-progress-wrapper\" role=\"progressbar\" aria-valuemin=\"0\" aria-valuemax=\"100\" aria-valuenow=\"75\">\n\t\t\t<div class=\"elementor-progress-bar\" data-max=\"75\">\n\t\t\t\t<span class=\"elementor-progress-text\"><\/span>\n\t\t\t\t\t\t\t\t\t<span class=\"elementor-progress-percentage\">75%<\/span>\n\t\t\t\t\t\t\t<\/div>\n\t\t<\/div>\n\t\t\t\t<\/div>\n\t\t\t\t<\/div>\n\t\t\t\t<div class=\"elementor-element elementor-element-a2f7e0b elementor-widget elementor-widget-progress\" data-id=\"a2f7e0b\" data-element_type=\"widget\" data-widget_type=\"progress.default\">\n\t\t\t\t<div class=\"elementor-widget-container\">\n\t\t\t\t\t\t<span class=\"elementor-title\" id=\"elementor-progress-bar-a2f7e0b\">\n\t\t\t\tCodifica\t\t\t<\/span>\n\t\t\n\t\t<div aria-labelledby=\"elementor-progress-bar-a2f7e0b\" class=\"elementor-progress-wrapper\" role=\"progressbar\" aria-valuemin=\"0\" aria-valuemax=\"100\" aria-valuenow=\"67\">\n\t\t\t<div class=\"elementor-progress-bar\" data-max=\"67\">\n\t\t\t\t<span class=\"elementor-progress-text\"><\/span>\n\t\t\t\t\t\t\t\t\t<span class=\"elementor-progress-percentage\">67%<\/span>\n\t\t\t\t\t\t\t<\/div>\n\t\t<\/div>\n\t\t\t\t<\/div>\n\t\t\t\t<\/div>\n\t\t\t\t<div class=\"elementor-element elementor-element-65d1917 elementor-widget elementor-widget-progress\" data-id=\"65d1917\" data-element_type=\"widget\" data-widget_type=\"progress.default\">\n\t\t\t\t<div class=\"elementor-widget-container\">\n\t\t\t\t\t\t<span class=\"elementor-title\" id=\"elementor-progress-bar-65d1917\">\n\t\t\t\tMarketing\t\t\t<\/span>\n\t\t\n\t\t<div aria-labelledby=\"elementor-progress-bar-65d1917\" class=\"elementor-progress-wrapper\" role=\"progressbar\" aria-valuemin=\"0\" aria-valuemax=\"100\" aria-valuenow=\"93\">\n\t\t\t<div class=\"elementor-progress-bar\" data-max=\"93\">\n\t\t\t\t<span class=\"elementor-progress-text\"><\/span>\n\t\t\t\t\t\t\t\t\t<span class=\"elementor-progress-percentage\">93%<\/span>\n\t\t\t\t\t\t\t<\/div>\n\t\t<\/div>\n\t\t\t\t<\/div>\n\t\t\t\t<\/div>\n\t\t\t\t\t<\/div>\n\t\t<\/div>\n\t\t\t\t\t<\/div>\n\t\t<\/section>\n\t\t\t\t<section class=\"elementor-section elementor-top-section elementor-element elementor-element-4dbb997 elementor-section-boxed elementor-section-height-default elementor-section-height-default\" data-id=\"4dbb997\" data-element_type=\"section\">\n\t\t\t\t\t\t<div class=\"elementor-container elementor-column-gap-default\">\n\t\t\t\t\t<div class=\"elementor-column elementor-col-100 elementor-top-column elementor-element elementor-element-53ed2a9b\" data-id=\"53ed2a9b\" data-element_type=\"column\">\n\t\t\t<div class=\"elementor-widget-wrap elementor-element-populated\">\n\t\t\t\t\t\t<div class=\"elementor-element elementor-element-15adf3b elementor-widget elementor-widget-wdes-section-header-widget\" data-id=\"15adf3b\" data-element_type=\"widget\" data-widget_type=\"wdes-section-header-widget.default\">\n\t\t\t\t<div class=\"elementor-widget-container\">\n\t\t\t<section class=\"widget-content wdes-widget-section-header\"><div class=\"wdes-widget-inner wdes-text-align-center\"><h1 class=\"wdes-section-header-primary\">I nostri clienti, il nostro successo<\/h1><\/div><\/section>\t\t<\/div>\n\t\t\t\t<\/div>\n\t\t\t\t<div class=\"elementor-element elementor-element-57751654 elementor-widget elementor-widget-wdes_testimonials\" data-id=\"57751654\" data-element_type=\"widget\" data-widget_type=\"wdes_testimonials.default\">\n\t\t\t\t<div class=\"elementor-widget-container\">\n\t\t\t<div class=\"elementor-wdes_testimonials wdes-testimonials\"><div class=\"wdes-testimonials-instance owl-carousel owl-theme wdes-testimonials-comment-corner\" data-settings=\"{&quot;items&quot;:{&quot;desktop&quot;:3,&quot;tablet&quot;:false,&quot;mobile&quot;:false},&quot;autoplay&quot;:true,&quot;autoplayHoverPause&quot;:false,&quot;autoplaySpeed&quot;:500,&quot;loop&quot;:false,&quot;nav&quot;:true,&quot;dots&quot;:false,&quot;autoHeight&quot;:true,&quot;rtl&quot;:false}\"><div class=\"wdes-testimonials-item\" ><div class=\"wdes-testimonials-item-inner\" ><div class=\"wdes-testimonials-content\" ><div class=\"wdes-testimonials-image\" ><img decoding=\"async\" class=\"wdes-testimonials-image-tag\" src=\"https:\/\/onehostingeurope.com\/wp-content\/uploads\/2022\/12\/Home-TodaysBoat.png\" alt=\"Home-OggiBarca\" ><\/div><p class=\"wdes-testimonials-comment\" > <span>Per un principiante totale ha reso l&#039;intera esperienza semplice e diretta. Ho ancora commesso degli errori, ma il loro servizio clienti \u00e8 stato incredibilmente competente e paziente.<\/span><\/p><div class=\"wdes-testimonials-name\" ><span>Manu Skaff<\/span><\/div><div class=\"wdes-testimonials-position\" > <span>Cliente<\/span><\/div><div class=\"wdes-testimonials-rating\" data-rating=\"5\" > <span><i class=\"active-star fas fa-star\" aria-hidden=\"true\" ><\/i><i class=\"active-star fas fa-star\" aria-hidden=\"true\" ><\/i><i class=\"active-star fas fa-star\" aria-hidden=\"true\" ><\/i><i class=\"active-star fas fa-star\" aria-hidden=\"true\" ><\/i><i class=\"active-star fas fa-star\" aria-hidden=\"true\" ><\/i><\/span><\/div><\/div><\/div><\/div><div class=\"wdes-testimonials-item\" ><div class=\"wdes-testimonials-item-inner\" ><div class=\"wdes-testimonials-content\" ><div class=\"wdes-testimonials-image\" ><img decoding=\"async\" class=\"wdes-testimonials-image-tag\" src=\"https:\/\/onehostingeurope.com\/wp-content\/uploads\/2022\/12\/Eliane-Adoul-Cannes-DIVORCE-DROIT-PENAL-ACCIDENT-1.png\" alt=\"-Eliane-Adoul-Cannes-DIVORZIO-DROITO-PENALE-INCIDENTE\" ><\/div><p class=\"wdes-testimonials-comment\" > <span>Non posso dire di aver mai avuto un&#039;interazione meno che soddisfacente con EliteHostingEurope nei 5 anni in cui ho utilizzato i loro servizi e il loro sito web. Creazione da parte del team molto veloce.<\/span><\/p><div class=\"wdes-testimonials-name\" ><span>Eliane Adul<\/span><\/div><div class=\"wdes-testimonials-position\" > <span>Cliente<\/span><\/div><div class=\"wdes-testimonials-rating\" data-rating=\"5\" > <span><i class=\"active-star fas fa-star\" aria-hidden=\"true\" ><\/i><i class=\"active-star fas fa-star\" aria-hidden=\"true\" ><\/i><i class=\"active-star fas fa-star\" aria-hidden=\"true\" ><\/i><i class=\"active-star fas fa-star\" aria-hidden=\"true\" ><\/i><i class=\"active-star fas fa-star\" aria-hidden=\"true\" ><\/i><\/span><\/div><\/div><\/div><\/div><div class=\"wdes-testimonials-item\" ><div class=\"wdes-testimonials-item-inner\" ><div class=\"wdes-testimonials-content\" ><div class=\"wdes-testimonials-image\" ><img decoding=\"async\" class=\"wdes-testimonials-image-tag\" src=\"https:\/\/onehostingeurope.com\/wp-content\/uploads\/2022\/12\/Nettoyage-Auto-Moto-Bateau-Avion-Clean-PACA.png\" alt=\"Nettoyage-Auto-Moto-Bateau-Avion-Clean-PACA\" ><\/div><p class=\"wdes-testimonials-comment\" > <span>L&#039;esperienza che ho ricevuto \u00e8 stata eccellente per quanto riguarda la chat del servizio clienti LIVE con Bo. Ci \u00e8 voluto un po&#039; per trovare la live chat, ma una volta trovata, il servizio \u00e8 stato ottimo<\/span><\/p><div class=\"wdes-testimonials-name\" ><span>Cristophe Binet<\/span><\/div><div class=\"wdes-testimonials-position\" > <span>Cliente<\/span><\/div><div class=\"wdes-testimonials-rating\" data-rating=\"5\" > <span><i class=\"active-star fas fa-star\" aria-hidden=\"true\" ><\/i><i class=\"active-star fas fa-star\" aria-hidden=\"true\" ><\/i><i class=\"active-star fas fa-star\" aria-hidden=\"true\" ><\/i><i class=\"active-star fas fa-star\" aria-hidden=\"true\" ><\/i><i class=\"active-star fas fa-star\" aria-hidden=\"true\" ><\/i><\/span><\/div><\/div><\/div><\/div><div class=\"wdes-testimonials-item\" ><div class=\"wdes-testimonials-item-inner\" ><div class=\"wdes-testimonials-content\" ><div class=\"wdes-testimonials-image\" ><img decoding=\"async\" class=\"wdes-testimonials-image-tag\" src=\"https:\/\/onehostingeurope.com\/wp-content\/uploads\/2022\/12\/Home-OneBestMarine.png\" alt=\"Home-OneBestMarine\" ><\/div><p class=\"wdes-testimonials-comment\" > <span>Rob ha reso la mia esperienza fantastica! Non sono mai stato affrontato con tanta pazienza su un problema tecnico che ho avuto. Questo \u00e8 il SERVIZIO CLIENTI di livello superiore! il miglior servizio!!!<\/span><\/p><div class=\"wdes-testimonials-name\" ><span>Vittorio Baudin<\/span><\/div><div class=\"wdes-testimonials-position\" > <span>Cliente<\/span><\/div><div class=\"wdes-testimonials-rating\" data-rating=\"5\" > <span><i class=\"active-star fas fa-star\" aria-hidden=\"true\" ><\/i><i class=\"active-star fas fa-star\" aria-hidden=\"true\" ><\/i><i class=\"active-star fas fa-star\" aria-hidden=\"true\" ><\/i><i class=\"active-star fas fa-star\" aria-hidden=\"true\" ><\/i><i class=\"active-star fas fa-star\" aria-hidden=\"true\" ><\/i><\/span><\/div><\/div><\/div><\/div><\/div><\/div>\t\t<\/div>\n\t\t\t\t<\/div>\n\t\t\t\t\t<\/div>\n\t\t<\/div>\n\t\t\t\t\t<\/div>\n\t\t<\/section>\n\t\t\t\t<section class=\"elementor-section elementor-top-section elementor-element elementor-element-29e0e88 elementor-section-boxed elementor-section-height-default elementor-section-height-default\" data-id=\"29e0e88\" data-element_type=\"section\" data-settings=\"{&quot;background_background&quot;:&quot;classic&quot;}\">\n\t\t\t\t\t\t<div class=\"elementor-container elementor-column-gap-default\">\n\t\t\t\t\t<div class=\"elementor-column elementor-col-100 elementor-top-column elementor-element elementor-element-cd6dbdd\" data-id=\"cd6dbdd\" data-element_type=\"column\">\n\t\t\t<div class=\"elementor-widget-wrap elementor-element-populated\">\n\t\t\t\t\t\t<div class=\"elementor-element elementor-element-aceb029 elementor-widget__width-initial elementor-widget-mobile__width-inherit elementor-widget elementor-widget-wdes-section-header-widget\" data-id=\"aceb029\" data-element_type=\"widget\" data-widget_type=\"wdes-section-header-widget.default\">\n\t\t\t\t<div class=\"elementor-widget-container\">\n\t\t\t<section class=\"widget-content wdes-widget-section-header\"><div class=\"wdes-widget-inner wdes-text-align-center\"><h1 class=\"wdes-section-header-primary\">30-giorni rimborso garantito<\/h1><div class=\"wdes-section-header-description\">Se non sei soddisfatto dei nostri servizi per qualsiasi motivo, ti rimborseremo il pagamento. Nessun problema, nessun rischio.<\/div><\/div><\/section>\t\t<\/div>\n\t\t\t\t<\/div>\n\t\t\t\t\t<\/div>\n\t\t<\/div>\n\t\t\t\t\t<\/div>\n\t\t<\/section>\n\t\t\t\t<\/div>","protected":false},"excerpt":{"rendered":"<p>Costruiamo il web moderno Hai gi\u00e0 un sito web? Dategli la casa che merita. Con tempi di caricamento leader del settore. Esplora Carriere Trova il lavoro dei tuoi sogni con noi. Info stampa Scrivere o parlare di noi? Dai un&#039;occhiata ai nostri lavori Esplora tutte le cose. Leadership Incontra il nostro gruppo dirigente. Le nostre capacit\u00e0 e competenze Iniziate definendo il problema. [\u2026]<\/p>","protected":false},"author":1,"featured_media":0,"parent":0,"menu_order":0,"comment_status":"closed","ping_status":"closed","template":"","meta":{"footnotes":""},"class_list":["post-583","page","type-page","status-publish","hentry"],"_links":{"self":[{"href":"https:\/\/onehostingeurope.com\/it\/wp-json\/wp\/v2\/pages\/583","targetHints":{"allow":["GET"]}}],"collection":[{"href":"https:\/\/onehostingeurope.com\/it\/wp-json\/wp\/v2\/pages"}],"about":[{"href":"https:\/\/onehostingeurope.com\/it\/wp-json\/wp\/v2\/types\/page"}],"author":[{"embeddable":true,"href":"https:\/\/onehostingeurope.com\/it\/wp-json\/wp\/v2\/users\/1"}],"replies":[{"embeddable":true,"href":"https:\/\/onehostingeurope.com\/it\/wp-json\/wp\/v2\/comments?post=583"}],"version-history":[{"count":28,"href":"https:\/\/onehostingeurope.com\/it\/wp-json\/wp\/v2\/pages\/583\/revisions"}],"predecessor-version":[{"id":1610,"href":"https:\/\/onehostingeurope.com\/it\/wp-json\/wp\/v2\/pages\/583\/revisions\/1610"}],"wp:attachment":[{"href":"https:\/\/onehostingeurope.com\/it\/wp-json\/wp\/v2\/media?parent=583"}],"curies":[{"name":"wp","href":"https:\/\/api.w.org\/{rel}","templated":true}]}}