{"id":2496,"date":"2024-06-03T12:47:14","date_gmt":"2024-06-03T12:47:14","guid":{"rendered":"https:\/\/onehostingeurope.com\/?page_id=2496"},"modified":"2024-06-03T13:31:53","modified_gmt":"2024-06-03T13:31:53","slug":"youtube-monetization","status":"publish","type":"page","link":"https:\/\/onehostingeurope.com\/it\/monetizzazione-su-youtube\/","title":{"rendered":"Monetizzazione di YouTube"},"content":{"rendered":"<div data-elementor-type=\"wp-page\" data-elementor-id=\"2496\" class=\"elementor elementor-2496\" data-elementor-post-type=\"page\">\n\t\t\t\t\t\t<section class=\"elementor-section elementor-top-section elementor-element elementor-element-26f1137 elementor-section-boxed elementor-section-height-default elementor-section-height-default\" data-id=\"26f1137\" data-element_type=\"section\">\n\t\t\t\t\t\t<div class=\"elementor-container elementor-column-gap-default\">\n\t\t\t\t\t<div class=\"elementor-column elementor-col-100 elementor-top-column elementor-element elementor-element-2e7b5e9\" data-id=\"2e7b5e9\" data-element_type=\"column\">\n\t\t\t<div class=\"elementor-widget-wrap elementor-element-populated\">\n\t\t\t\t\t\t<div class=\"elementor-element elementor-element-36cb380 elementor-widget elementor-widget-image\" data-id=\"36cb380\" data-element_type=\"widget\" data-widget_type=\"image.default\">\n\t\t\t\t<div class=\"elementor-widget-container\">\n\t\t\t\t\t\t\t\t\t\t\t\t\t<img fetchpriority=\"high\" decoding=\"async\" width=\"1920\" height=\"1080\" src=\"https:\/\/onehostingeurope.com\/wp-content\/uploads\/2024\/05\/How-To-Promote-Music-in-2025-1.png\" class=\"attachment-full size-full wp-image-2315\" alt=\"\" srcset=\"https:\/\/onehostingeurope.com\/wp-content\/uploads\/2024\/05\/How-To-Promote-Music-in-2025-1.png 1920w, https:\/\/onehostingeurope.com\/wp-content\/uploads\/2024\/05\/How-To-Promote-Music-in-2025-1-300x169.png 300w, https:\/\/onehostingeurope.com\/wp-content\/uploads\/2024\/05\/How-To-Promote-Music-in-2025-1-1024x576.png 1024w, https:\/\/onehostingeurope.com\/wp-content\/uploads\/2024\/05\/How-To-Promote-Music-in-2025-1-768x432.png 768w, https:\/\/onehostingeurope.com\/wp-content\/uploads\/2024\/05\/How-To-Promote-Music-in-2025-1-1536x864.png 1536w, https:\/\/onehostingeurope.com\/wp-content\/uploads\/2024\/05\/How-To-Promote-Music-in-2025-1-18x10.png 18w, https:\/\/onehostingeurope.com\/wp-content\/uploads\/2024\/05\/How-To-Promote-Music-in-2025-1-416x234.png 416w\" sizes=\"(max-width: 1920px) 100vw, 1920px\" \/>\t\t\t\t\t\t\t\t\t\t\t\t\t<\/div>\n\t\t\t\t<\/div>\n\t\t\t\t\t<\/div>\n\t\t<\/div>\n\t\t\t\t\t<\/div>\n\t\t<\/section>\n\t\t\t\t<section class=\"elementor-section elementor-top-section elementor-element elementor-element-cf00e2b elementor-section-boxed elementor-section-height-default elementor-section-height-default\" data-id=\"cf00e2b\" data-element_type=\"section\">\n\t\t\t\t\t\t<div class=\"elementor-container elementor-column-gap-default\">\n\t\t\t\t\t<div class=\"elementor-column elementor-col-100 elementor-top-column elementor-element elementor-element-aa47348\" data-id=\"aa47348\" data-element_type=\"column\">\n\t\t\t<div class=\"elementor-widget-wrap elementor-element-populated\">\n\t\t\t\t\t\t<div class=\"elementor-element elementor-element-4cf4cf5 elementor-widget elementor-widget-heading\" data-id=\"4cf4cf5\" data-element_type=\"widget\" data-widget_type=\"heading.default\">\n\t\t\t\t<div class=\"elementor-widget-container\">\n\t\t\t<h2 class=\"elementor-heading-title elementor-size-default\">Pacchetto monetizzazione YouTube<\/h2>\t\t<\/div>\n\t\t\t\t<\/div>\n\t\t\t\t<div class=\"elementor-element elementor-element-c2cde6a elementor-widget elementor-widget-text-editor\" data-id=\"c2cde6a\" data-element_type=\"widget\" data-widget_type=\"text-editor.default\">\n\t\t\t\t<div class=\"elementor-widget-container\">\n\t\t\t\t\t\t\t<p style=\"text-align: center;\">Oggi parleremo di come aumentare le ore di visualizzazione sul tuo canale YouTube. Per fare questo discuteremo diverse questioni: segreti chiave che ti aiuteranno a farlo&nbsp;<b>aumentare le ore di visualizzazione di YouTube<\/b>, cosa sono i contenuti sempreverdi e come possiamo aiutarti.<\/p>\n<h2 style=\"text-align: center;\">ecco i motivi per cui \u00e8 necessario un tempo di visualizzazione pi\u00f9 lungo<\/h2>\n<p><\/p>\n<ol>\n<li style=\"list-style-type: none;\">\n<ol>\n<li><b>Prima di tutto, \u00e8 importante per la monetizzazione di YouTube.<\/b><\/li>\n<\/ol>\n<\/li>\n<\/ol>\n<p><ins>Per connettere la monetizzazione devono essere soddisfatte tre condizioni principali:<\/ins><\/p>\n<ol>\n<li style=\"list-style-type: none;\">\n<ol>\n<li style=\"list-style-type: none;\">\n<ul>\n<li>Il canale deve rispettare le regole di YouTube. L&#039;elenco delle regole viene mostrato agli utenti al momento della registrazione sulla piattaforma, inoltre \u00e8 sempre possibile trovarle nel menu, sezione &#039;Regole e Sicurezza&#039;. \u00c8 importante che l&#039;autore non abbia avvertimenti o avvertimenti;<\/li>\n<li>Negli ultimi 12 mesi, il canale deve avere almeno&nbsp;<ins>4000 ore di visualizzazione su YouTube<\/ins>. Non \u00e8 necessario attendere 12 mesi, l&#039;importante \u00e8 avere il numero di ore richieste;<\/li>\n<li>Il canale YouTube deve avere almeno 1.000 iscritti.<\/li>\n<\/ul>\n<\/li>\n<\/ol>\n<\/li>\n<\/ol>\n<ol>\n<li style=\"list-style-type: none;\">\n<ol>\n<li><b>Gli algoritmi di YouTube sono influenzati anche dal tempo di visualizzazione.<\/b><\/li>\n<\/ol>\n<\/li>\n<\/ol>\n<p>Quando vieni guardato molto, pi\u00f9 \u00e8 probabile che tu venga consigliato ad account correlati al tema dei tuoi video di YouTube. I Mi piace, i commenti e i follower sono importanti per arrivare in cima a YouTube, ma lo sono anche le ore di visualizzazione. I rappresentanti e il personale di YouTube citano regolarmente il tempo di visualizzazione come una &quot;metrica importante per promuovere i video di YouTube&quot;. Scopriamo il segreto chiave di questo argomento: lo \u00e8&nbsp;<b>INCREDIBILMENTE IMPORTANTE<\/b>&nbsp;per ottimizzare i primi 15 secondi del tuo video.<\/p>\n<p><b>La maggior parte degli spettatori se ne va nei primi 15 secondi di visione. Perch\u00e9 succede questo?<\/b>&nbsp;Molto spesso ci\u00f2 accade perch\u00e9 il titolo del video o l&#039;immagine di anteprima non corrisponde al suo contenuto. L&#039;anteprima della miniatura di YouTube e il titolo del video devono essere in armonia con l&#039;inizio del video. Questo viene fatto in modo che quando una persona entra nel video, capisca di essere nel posto giusto.<\/p>\n<p>Ad esempio, il video si intitola &quot;I posti pi\u00f9 belli di Parigi&quot;. Lo spettatore lo apre e capisce subito che il video parla davvero della citt\u00e0. Diverso \u00e8 quando si apre il video e c&#039;\u00e8 un&#039;introduzione dell&#039;autore, che saluta lo spettatore per 30 secondi e poi dice qualcosa su un argomento distratto per altri 40 secondi. Non puoi farlo, perch\u00e9&nbsp;<ins>i primi 15 secondi sono un momento molto cruciale<\/ins>&nbsp;che devi interessare al tuo spettatore. All&#039;inizio, devi mostrare cosa accadr\u00e0 nel video. In questo caso lo spettatore capisce subito fin dai primi secondi cosa accadr\u00e0 dopo. Se hai un canale di intrattenimento, allora nei primi 15 secondi all&#039;inizio del video puoi realizzare un minitrailer, un montaggio dei momenti pi\u00f9 interessanti.<\/p>\n<p>Quando guardano video di YouTube per intrattenimento, le persone cercano qualcosa di interessante. \u00c8 necessario evocare nello spettatore la sensazione di &quot;WOW, devo sapere cosa succeder\u00e0 dopo&quot;. Quindi devi assolutamente renderlo intrigante, mostrarne i momenti pi\u00f9 interessanti e interessanti.<\/p>\n<ol>\n<li style=\"list-style-type: none;\">\n<ol>\n<li><b>NON PROLUNGARE L&#039;INIZIO!<\/b><\/li>\n<\/ol>\n<\/li>\n<\/ol>\n<p>Il prossimo errore che molte persone commettono (specialmente quelle che introducono gi\u00e0 l&#039;intrigo all&#039;inizio dei loro video) \u00e8 ritardare il processo. Il ritardo, infatti, non dovr\u00e0 superare i 15 secondi. Molto spesso le persone saltano troppo l&#039;inizio o semplicemente spengono il video. Quindi ricorda: all&#039;inizio devi raccontare il tuo video, fare un intrigo di quindici secondi, nient&#039;altro.<\/p>\t\t\t\t\t\t<\/div>\n\t\t\t\t<\/div>\n\t\t\t\t\t<\/div>\n\t\t<\/div>\n\t\t\t\t\t<\/div>\n\t\t<\/section>\n\t\t\t\t<section class=\"elementor-section elementor-top-section elementor-element elementor-element-cb8f788 elementor-section-boxed elementor-section-height-default elementor-section-height-default\" data-id=\"cb8f788\" data-element_type=\"section\">\n\t\t\t\t\t\t<div class=\"elementor-container elementor-column-gap-default\">\n\t\t\t\t\t<div class=\"elementor-column elementor-col-33 elementor-top-column elementor-element elementor-element-b525d2f\" data-id=\"b525d2f\" data-element_type=\"column\">\n\t\t\t<div class=\"elementor-widget-wrap elementor-element-populated\">\n\t\t\t\t\t\t<div class=\"elementor-element elementor-element-56bd701 elementor-widget elementor-widget-price-table\" data-id=\"56bd701\" data-element_type=\"widget\" data-widget_type=\"price-table.default\">\n\t\t\t\t<div class=\"elementor-widget-container\">\n\t\t\t\n\t\t<div class=\"elementor-price-table\">\n\t\t\t\t\t\t\t<div class=\"elementor-price-table__header\">\n\t\t\t\t\t\t\t\t\t\t\t<h3 class=\"elementor-price-table__heading\">\n\t\t\t\t\t\tMonetizzazione di YouTube\t\t\t\t\t\t<\/h3>\n\t\t\t\t\t\n\t\t\t\t\t\t\t\t\t\t\t<span class=\"elementor-price-table__subheading\">\n\t\t\t\t\t\t\tArgento\t\t\t\t\t\t<\/span>\n\t\t\t\t\t\t\t\t\t<\/div>\n\t\t\t\n\t\t\t<div class=\"elementor-price-table__price\">\n\t\t\t\t\t\t\t\t<span class=\"elementor-price-table__currency\">&#128;<\/span>\t\t\t\t\t\t\t\t\t<span class=\"elementor-price-table__integer-part\">\n\t\t\t\t\t\t199\t\t\t\t\t<\/span>\n\t\t\t\t\n\t\t\t\t\n\t\t\t\t\n\t\t\t\t\t\t\t\t\t<span class=\"elementor-price-table__period elementor-typo-excluded\">Una volta <\/span>\t\t\t\t\t\t\t<\/div>\n\n\t\t\t\t\t\t\t<ul class=\"elementor-price-table__features-list\">\n\t\t\t\t\t\t\t\t\t\t\t<li class=\"elementor-repeater-item-778482a\">\n\t\t\t\t\t\t\t<div class=\"elementor-price-table__feature-inner\">\n\t\t\t\t\t\t\t\t<i aria-hidden=\"true\" class=\"far fa-check-circle\"><\/i>\t\t\t\t\t\t\t\t\t\t\t\t\t\t\t\t\t<span >\n\t\t\t\t\t\t\t\t\t\t1000 ore\t\t\t\t\t\t\t\t\t<\/span>\n\t\t\t\t\t\t\t\t\t\t\t\t\t\t\t\t<\/div>\n\t\t\t\t\t\t<\/li>\n\t\t\t\t\t\t\t\t\t\t\t<li class=\"elementor-repeater-item-c1ca9bc\">\n\t\t\t\t\t\t\t<div class=\"elementor-price-table__feature-inner\">\n\t\t\t\t\t\t\t\t<i aria-hidden=\"true\" class=\"far fa-check-circle\"><\/i>\t\t\t\t\t\t\t\t\t\t\t\t\t\t\t\t\t<span >\n\t\t\t\t\t\t\t\t\t\t250 abbonati\t\t\t\t\t\t\t\t\t<\/span>\n\t\t\t\t\t\t\t\t\t\t\t\t\t\t\t\t<\/div>\n\t\t\t\t\t\t<\/li>\n\t\t\t\t\t\t\t\t\t<\/ul>\n\t\t\t\n\t\t\t\t\t\t\t<div class=\"elementor-price-table__footer\">\n\t\t\t\t\t\t\t\t\t\t\t<a class=\"elementor-price-table__button elementor-button elementor-size-md\" href=\"https:\/\/onehostingeurope.com\/clientarea\/store\/marketing-media\/youtube-monetization-package-1\">\n\t\t\t\t\t\t\tACQUISTA ORA\t\t\t\t\t\t<\/a>\n\t\t\t\t\t\n\t\t\t\t\t\t\t\t\t<\/div>\n\t\t\t\t\t<\/div>\n\n\t\t\t\t<\/div>\n\t\t\t\t<\/div>\n\t\t\t\t\t<\/div>\n\t\t<\/div>\n\t\t\t\t<div class=\"elementor-column elementor-col-33 elementor-top-column elementor-element elementor-element-b8e29b5\" data-id=\"b8e29b5\" data-element_type=\"column\">\n\t\t\t<div class=\"elementor-widget-wrap elementor-element-populated\">\n\t\t\t\t\t\t<div class=\"elementor-element elementor-element-c5d18fe elementor-widget elementor-widget-price-table\" data-id=\"c5d18fe\" data-element_type=\"widget\" data-widget_type=\"price-table.default\">\n\t\t\t\t<div class=\"elementor-widget-container\">\n\t\t\t\n\t\t<div class=\"elementor-price-table\">\n\t\t\t\t\t\t\t<div class=\"elementor-price-table__header\">\n\t\t\t\t\t\t\t\t\t\t\t<h3 class=\"elementor-price-table__heading\">\n\t\t\t\t\t\tMonetizzazione di YouTube\t\t\t\t\t\t<\/h3>\n\t\t\t\t\t\n\t\t\t\t\t\t\t\t\t\t\t<span class=\"elementor-price-table__subheading\">\n\t\t\t\t\t\t\tArgento\t\t\t\t\t\t<\/span>\n\t\t\t\t\t\t\t\t\t<\/div>\n\t\t\t\n\t\t\t<div class=\"elementor-price-table__price\">\n\t\t\t\t\t\t\t\t<span class=\"elementor-price-table__currency\">&#128;<\/span>\t\t\t\t\t\t\t\t\t<span class=\"elementor-price-table__integer-part\">\n\t\t\t\t\t\t399\t\t\t\t\t<\/span>\n\t\t\t\t\n\t\t\t\t\n\t\t\t\t\n\t\t\t\t\t\t\t\t\t<span class=\"elementor-price-table__period elementor-typo-excluded\">Una volta <\/span>\t\t\t\t\t\t\t<\/div>\n\n\t\t\t\t\t\t\t<ul class=\"elementor-price-table__features-list\">\n\t\t\t\t\t\t\t\t\t\t\t<li class=\"elementor-repeater-item-778482a\">\n\t\t\t\t\t\t\t<div class=\"elementor-price-table__feature-inner\">\n\t\t\t\t\t\t\t\t<i aria-hidden=\"true\" class=\"far fa-check-circle\"><\/i>\t\t\t\t\t\t\t\t\t\t\t\t\t\t\t\t\t<span >\n\t\t\t\t\t\t\t\t\t\t2000 ore\t\t\t\t\t\t\t\t\t<\/span>\n\t\t\t\t\t\t\t\t\t\t\t\t\t\t\t\t<\/div>\n\t\t\t\t\t\t<\/li>\n\t\t\t\t\t\t\t\t\t\t\t<li class=\"elementor-repeater-item-c1ca9bc\">\n\t\t\t\t\t\t\t<div class=\"elementor-price-table__feature-inner\">\n\t\t\t\t\t\t\t\t<i aria-hidden=\"true\" class=\"far fa-check-circle\"><\/i>\t\t\t\t\t\t\t\t\t\t\t\t\t\t\t\t\t<span >\n\t\t\t\t\t\t\t\t\t\t500 abbonati\t\t\t\t\t\t\t\t\t<\/span>\n\t\t\t\t\t\t\t\t\t\t\t\t\t\t\t\t<\/div>\n\t\t\t\t\t\t<\/li>\n\t\t\t\t\t\t\t\t\t<\/ul>\n\t\t\t\n\t\t\t\t\t\t\t<div class=\"elementor-price-table__footer\">\n\t\t\t\t\t\t\t\t\t\t\t<a class=\"elementor-price-table__button elementor-button elementor-size-md\" href=\"https:\/\/onehostingeurope.com\/clientarea\/store\/marketing-media\/youtube-monetization-package-2\">\n\t\t\t\t\t\t\tACQUISTA ORA\t\t\t\t\t\t<\/a>\n\t\t\t\t\t\n\t\t\t\t\t\t\t\t\t<\/div>\n\t\t\t\t\t<\/div>\n\n\t\t\t\t<\/div>\n\t\t\t\t<\/div>\n\t\t\t\t\t<\/div>\n\t\t<\/div>\n\t\t\t\t<div class=\"elementor-column elementor-col-33 elementor-top-column elementor-element elementor-element-2ce054f\" data-id=\"2ce054f\" data-element_type=\"column\">\n\t\t\t<div class=\"elementor-widget-wrap elementor-element-populated\">\n\t\t\t\t\t\t<div class=\"elementor-element elementor-element-8e0d774 elementor-widget elementor-widget-price-table\" data-id=\"8e0d774\" data-element_type=\"widget\" data-widget_type=\"price-table.default\">\n\t\t\t\t<div class=\"elementor-widget-container\">\n\t\t\t\n\t\t<div class=\"elementor-price-table\">\n\t\t\t\t\t\t\t<div class=\"elementor-price-table__header\">\n\t\t\t\t\t\t\t\t\t\t\t<h3 class=\"elementor-price-table__heading\">\n\t\t\t\t\t\tMonetizzazione di YouTube\t\t\t\t\t\t<\/h3>\n\t\t\t\t\t\n\t\t\t\t\t\t\t\t\t\t\t<span class=\"elementor-price-table__subheading\">\n\t\t\t\t\t\t\tArgento\t\t\t\t\t\t<\/span>\n\t\t\t\t\t\t\t\t\t<\/div>\n\t\t\t\n\t\t\t<div class=\"elementor-price-table__price\">\n\t\t\t\t\t\t\t\t<span class=\"elementor-price-table__currency\">&#128;<\/span>\t\t\t\t\t\t\t\t\t<span class=\"elementor-price-table__integer-part\">\n\t\t\t\t\t\t699\t\t\t\t\t<\/span>\n\t\t\t\t\n\t\t\t\t\n\t\t\t\t\n\t\t\t\t\t\t\t\t\t<span class=\"elementor-price-table__period elementor-typo-excluded\">Una volta <\/span>\t\t\t\t\t\t\t<\/div>\n\n\t\t\t\t\t\t\t<ul class=\"elementor-price-table__features-list\">\n\t\t\t\t\t\t\t\t\t\t\t<li class=\"elementor-repeater-item-778482a\">\n\t\t\t\t\t\t\t<div class=\"elementor-price-table__feature-inner\">\n\t\t\t\t\t\t\t\t<i aria-hidden=\"true\" class=\"far fa-check-circle\"><\/i>\t\t\t\t\t\t\t\t\t\t\t\t\t\t\t\t\t<span >\n\t\t\t\t\t\t\t\t\t\t4000 ore\t\t\t\t\t\t\t\t\t<\/span>\n\t\t\t\t\t\t\t\t\t\t\t\t\t\t\t\t<\/div>\n\t\t\t\t\t\t<\/li>\n\t\t\t\t\t\t\t\t\t\t\t<li class=\"elementor-repeater-item-c1ca9bc\">\n\t\t\t\t\t\t\t<div class=\"elementor-price-table__feature-inner\">\n\t\t\t\t\t\t\t\t<i aria-hidden=\"true\" class=\"far fa-check-circle\"><\/i>\t\t\t\t\t\t\t\t\t\t\t\t\t\t\t\t\t<span >\n\t\t\t\t\t\t\t\t\t\t1000 abbonati\t\t\t\t\t\t\t\t\t<\/span>\n\t\t\t\t\t\t\t\t\t\t\t\t\t\t\t\t<\/div>\n\t\t\t\t\t\t<\/li>\n\t\t\t\t\t\t\t\t\t<\/ul>\n\t\t\t\n\t\t\t\t\t\t\t<div class=\"elementor-price-table__footer\">\n\t\t\t\t\t\t\t\t\t\t\t<a class=\"elementor-price-table__button elementor-button elementor-size-md\" href=\"https:\/\/onehostingeurope.com\/clientarea\/store\/marketing-media\/youtube-monetization-package-3\">\n\t\t\t\t\t\t\tACQUISTA ORA\t\t\t\t\t\t<\/a>\n\t\t\t\t\t\n\t\t\t\t\t\t\t\t\t<\/div>\n\t\t\t\t\t<\/div>\n\n\t\t\t\t\t<div class=\"elementor-price-table__ribbon\">\n\t\t\t\t<div class=\"elementor-price-table__ribbon-inner\">\n\t\t\t\t\tPopolare\t\t\t\t<\/div>\n\t\t\t<\/div>\n\t\t\t\t\t<\/div>\n\t\t\t\t<\/div>\n\t\t\t\t\t<\/div>\n\t\t<\/div>\n\t\t\t\t\t<\/div>\n\t\t<\/section>\n\t\t\t\t<\/div>","protected":false},"excerpt":{"rendered":"<p>Pacchetto Monetizzazione YouTube Oggi parleremo di come aumentare le ore di visualizzazione sul tuo canale YouTube. Per fare ci\u00f2 discuteremo diversi argomenti: i segreti chiave che ti aiuteranno ad aumentare le ore di visualizzazione di YouTube, quali sono i contenuti sempreverdi e come possiamo aiutarti. ecco i motivi per cui hai bisogno di un [\u2026]<\/p>","protected":false},"author":1,"featured_media":0,"parent":0,"menu_order":0,"comment_status":"closed","ping_status":"closed","template":"","meta":{"footnotes":""},"class_list":["post-2496","page","type-page","status-publish","hentry"],"_links":{"self":[{"href":"https:\/\/onehostingeurope.com\/it\/wp-json\/wp\/v2\/pages\/2496","targetHints":{"allow":["GET"]}}],"collection":[{"href":"https:\/\/onehostingeurope.com\/it\/wp-json\/wp\/v2\/pages"}],"about":[{"href":"https:\/\/onehostingeurope.com\/it\/wp-json\/wp\/v2\/types\/page"}],"author":[{"embeddable":true,"href":"https:\/\/onehostingeurope.com\/it\/wp-json\/wp\/v2\/users\/1"}],"replies":[{"embeddable":true,"href":"https:\/\/onehostingeurope.com\/it\/wp-json\/wp\/v2\/comments?post=2496"}],"version-history":[{"count":59,"href":"https:\/\/onehostingeurope.com\/it\/wp-json\/wp\/v2\/pages\/2496\/revisions"}],"predecessor-version":[{"id":2559,"href":"https:\/\/onehostingeurope.com\/it\/wp-json\/wp\/v2\/pages\/2496\/revisions\/2559"}],"wp:attachment":[{"href":"https:\/\/onehostingeurope.com\/it\/wp-json\/wp\/v2\/media?parent=2496"}],"curies":[{"name":"wp","href":"https:\/\/api.w.org\/{rel}","templated":true}]}}