{"id":994,"date":"2022-12-28T16:44:16","date_gmt":"2022-12-28T16:44:16","guid":{"rendered":"https:\/\/onehostingeurope.com\/?page_id=994"},"modified":"2025-05-19T16:33:01","modified_gmt":"2025-05-19T14:33:01","slug":"company-uk-non-resident","status":"publish","type":"page","link":"https:\/\/onehostingeurope.com\/fr\/entreprise-royaume-uni-non-resident\/","title":{"rendered":"Soci\u00e9t\u00e9 non-r\u00e9sidente au Royaume-Uni"},"content":{"rendered":"<div data-elementor-type=\"wp-page\" data-elementor-id=\"994\" class=\"elementor elementor-994\" data-elementor-post-type=\"page\">\n\t\t\t\t\t\t<section class=\"elementor-section elementor-top-section elementor-element elementor-element-609ae20 elementor-section-boxed elementor-section-height-default elementor-section-height-default\" data-id=\"609ae20\" data-element_type=\"section\">\n\t\t\t\t\t\t<div class=\"elementor-container elementor-column-gap-default\">\n\t\t\t\t\t<div class=\"elementor-column elementor-col-100 elementor-top-column elementor-element elementor-element-773e240\" data-id=\"773e240\" data-element_type=\"column\">\n\t\t\t<div class=\"elementor-widget-wrap elementor-element-populated\">\n\t\t\t\t\t\t<div class=\"elementor-element elementor-element-e31c080 elementor-widget elementor-widget-image\" data-id=\"e31c080\" data-element_type=\"widget\" data-widget_type=\"image.default\">\n\t\t\t\t<div class=\"elementor-widget-container\">\n\t\t\t\t\t\t\t\t\t\t\t\t\t<img fetchpriority=\"high\" decoding=\"async\" width=\"1024\" height=\"357\" src=\"https:\/\/onehostingeurope.com\/wp-content\/uploads\/2022\/12\/banner-011644956180-1024x357.png\" class=\"attachment-large size-large wp-image-1012\" alt=\"\" srcset=\"https:\/\/onehostingeurope.com\/wp-content\/uploads\/2022\/12\/banner-011644956180-1024x357.png 1024w, https:\/\/onehostingeurope.com\/wp-content\/uploads\/2022\/12\/banner-011644956180-416x145.png 416w, https:\/\/onehostingeurope.com\/wp-content\/uploads\/2022\/12\/banner-011644956180-300x105.png 300w, https:\/\/onehostingeurope.com\/wp-content\/uploads\/2022\/12\/banner-011644956180-768x268.png 768w, https:\/\/onehostingeurope.com\/wp-content\/uploads\/2022\/12\/banner-011644956180-18x6.png 18w, https:\/\/onehostingeurope.com\/wp-content\/uploads\/2022\/12\/banner-011644956180.png 1147w\" sizes=\"(max-width: 1024px) 100vw, 1024px\" \/>\t\t\t\t\t\t\t\t\t\t\t\t\t<\/div>\n\t\t\t\t<\/div>\n\t\t\t\t<div class=\"elementor-element elementor-element-b720fdc elementor-widget elementor-widget-spacer\" data-id=\"b720fdc\" data-element_type=\"widget\" data-widget_type=\"spacer.default\">\n\t\t\t\t<div class=\"elementor-widget-container\">\n\t\t\t\t\t<div class=\"elementor-spacer\">\n\t\t\t<div class=\"elementor-spacer-inner\"><\/div>\n\t\t<\/div>\n\t\t\t\t<\/div>\n\t\t\t\t<\/div>\n\t\t\t\t<div class=\"elementor-element elementor-element-0fbe8b0 elementor-widget elementor-widget-heading\" data-id=\"0fbe8b0\" data-element_type=\"widget\" data-widget_type=\"heading.default\">\n\t\t\t\t<div class=\"elementor-widget-container\">\n\t\t\t<h1 class=\"elementor-heading-title elementor-size-large\">Forfait non-r\u00e9sidents avec services bancaires aux entreprises au Royaume-Uni<\/h1>\t\t<\/div>\n\t\t\t\t<\/div>\n\t\t\t\t<div class=\"elementor-element elementor-element-87e58cd elementor-widget elementor-widget-text-editor\" data-id=\"87e58cd\" data-element_type=\"widget\" data-widget_type=\"text-editor.default\">\n\t\t\t\t<div class=\"elementor-widget-container\">\n\t\t\t\t\t\t\t<p style=\"text-align: center;\"><strong>Vous n&#039;\u00eates pas r\u00e9sident du Royaume-Uni\u00a0? Cr\u00e9er une soci\u00e9t\u00e9 \u00e0 responsabilit\u00e9 limit\u00e9e au Royaume-Uni avec un compte bancaire au Royaume-Uni<\/strong><\/p>\t\t\t\t\t\t<\/div>\n\t\t\t\t<\/div>\n\t\t\t\t\t<\/div>\n\t\t<\/div>\n\t\t\t\t\t<\/div>\n\t\t<\/section>\n\t\t\t\t<section class=\"elementor-section elementor-top-section elementor-element elementor-element-bc97d46 elementor-section-boxed elementor-section-height-default elementor-section-height-default\" data-id=\"bc97d46\" data-element_type=\"section\">\n\t\t\t\t\t\t<div class=\"elementor-container elementor-column-gap-default\">\n\t\t\t\t\t<div class=\"elementor-column elementor-col-100 elementor-top-column elementor-element elementor-element-3ae8993\" data-id=\"3ae8993\" data-element_type=\"column\">\n\t\t\t<div class=\"elementor-widget-wrap elementor-element-populated\">\n\t\t\t\t\t\t<div class=\"elementor-element elementor-element-9fcd857 elementor-widget elementor-widget-text-editor\" data-id=\"9fcd857\" data-element_type=\"widget\" data-widget_type=\"text-editor.default\">\n\t\t\t\t<div class=\"elementor-widget-container\">\n\t\t\t\t\t\t\t<div class=\"compare-packages-panel__header\"><h3>Id\u00e9al pour les r\u00e9sidents non britanniques<\/h3><div class=\"compare-packages-panel__actions\">Un package pour les non-r\u00e9sidents qui souhaitent cr\u00e9er une soci\u00e9t\u00e9 \u00e0 responsabilit\u00e9 limit\u00e9e au Royaume-Uni, comprenant\u00a0:<\/div><\/div><div class=\"compare-packages-panel__body\"><div class=\"compare-packages-panel__columns\"><ul class=\"fa-ul\"><li><i class=\"fa-li fa fa-angle-right\"><\/i>cr\u00e9ation d&#039;entreprise en ligne en seulement 3 \u00e0 6 heures ouvrables<\/li><li><i class=\"fa-li fa fa-angle-right\"><\/i><em data-start=\"55\" data-end=\"117\">Wise UK Business Banking, sous r\u00e9serve de l&#039;approbation de la banque.<\/em><\/li><li><i class=\"fa-li fa fa-angle-right\"><\/i>prestigieux si\u00e8ge social et adresse professionnelle \u00e0 Londres<\/li><li><i class=\"fa-li fa fa-angle-right\"><\/i>livraison gratuite dans le monde entier des documents de l&#039;entreprise<\/li><li><i class=\"fa-li fa fa-angle-right\"><\/i>Assurance annulation de 12 mois<\/li><li><i class=\"fa-li fa fa-angle-right\"><\/i>gestionnaire de soci\u00e9t\u00e9 en ligne gratuit<\/li><li><i class=\"fa-li fa fa-angle-right\"><\/i>num\u00e9ro de t\u00e9l\u00e9phone professionnel pendant 12 mois<\/li><\/ul><h4>Services bancaires aux entreprises au Royaume-Uni<\/h4><p data-start=\"126\" data-end=\"356\">Nous nous sommes associ\u00e9s \u00e0 Wise (anciennement TransferWise) pour offrir \u00e0 nos clients non r\u00e9sidents au Royaume-Uni la possibilit\u00e9 d&#039;ouvrir un compte professionnel au Royaume-Uni, leur permettant d&#039;envoyer, de d\u00e9penser et de recevoir plusieurs devises au taux de change r\u00e9el. <em data-start=\"358\" data-end=\"429\">Attention : l&#039;ouverture d&#039;un compte reste soumise \u00e0 l&#039;approbation de la banque. <\/em>Vous obtiendrez votre propre num\u00e9ro de compte et code de tri au Royaume-Uni, l&#039;IBAN de la zone euro et le num\u00e9ro de compte et d&#039;acheminement aux \u00c9tats-Unis en quelques minutes, o\u00f9 que vous soyez dans le monde.<\/p><h4>Prestigieux services d&#039;adresse \u00e0 Londres<\/h4><p>Le prix du forfait comprend \u00e9galement l&#039;utilisation de notre adresse de Covent Garden pendant un an. Nous vous fournirons 3 services d&#039;adresse; Si\u00e8ge social, adresse de service et adresse professionnelle.<\/p><h4>Service d&#039;entretien de l&#039;entreprise<\/h4><p>Les autres avantages incluent l&#039;acc\u00e8s gratuit \u00e0 notre gestionnaire d&#039;entreprise en ligne s\u00e9curis\u00e9, o\u00f9 vous pouvez afficher, g\u00e9rer et modifier les d\u00e9tails de votre entreprise avec Companies House pendant toute la dur\u00e9e de vie de votre entreprise.<\/p><\/div><\/div>\t\t\t\t\t\t<\/div>\n\t\t\t\t<\/div>\n\t\t\t\t<div class=\"elementor-element elementor-element-e1584b9 elementor-widget elementor-widget-button\" data-id=\"e1584b9\" data-element_type=\"widget\" data-widget_type=\"button.default\">\n\t\t\t\t<div class=\"elementor-widget-container\">\n\t\t\t\t\t\t\t<div class=\"elementor-button-wrapper\">\n\t\t\t\t\t<a class=\"elementor-button elementor-button-link elementor-size-md\" href=\"https:\/\/onehostingeurope.com\/clientarea\/index.php?rp=\/store\/company-creation\/non-uk-residents-package\" target=\"_blank\">\n\t\t\t\t\t\t<span class=\"elementor-button-content-wrapper\">\n\t\t\t\t\t\t\t\t\t<span class=\"elementor-button-text\">Commandez maintenant<\/span>\n\t\t\t\t\t<\/span>\n\t\t\t\t\t<\/a>\n\t\t\t\t<\/div>\n\t\t\t\t\t\t<\/div>\n\t\t\t\t<\/div>\n\t\t\t\t\t<\/div>\n\t\t<\/div>\n\t\t\t\t\t<\/div>\n\t\t<\/section>\n\t\t\t\t<\/div>","protected":false},"excerpt":{"rendered":"<p>Non-Residents Package with UK business banking Not a UK resident? Set up a UK limited company with a UK bank account Ideal for Non-UK Residents A package for non-residents who wish to set up a UK limited company, including: online company registration in just 3 to 6 working hours Wise UK Business Banking, subject to [&hellip;]<\/p>","protected":false},"author":1,"featured_media":0,"parent":0,"menu_order":0,"comment_status":"closed","ping_status":"closed","template":"","meta":{"footnotes":""},"class_list":["post-994","page","type-page","status-publish","hentry"],"_links":{"self":[{"href":"https:\/\/onehostingeurope.com\/fr\/wp-json\/wp\/v2\/pages\/994","targetHints":{"allow":["GET"]}}],"collection":[{"href":"https:\/\/onehostingeurope.com\/fr\/wp-json\/wp\/v2\/pages"}],"about":[{"href":"https:\/\/onehostingeurope.com\/fr\/wp-json\/wp\/v2\/types\/page"}],"author":[{"embeddable":true,"href":"https:\/\/onehostingeurope.com\/fr\/wp-json\/wp\/v2\/users\/1"}],"replies":[{"embeddable":true,"href":"https:\/\/onehostingeurope.com\/fr\/wp-json\/wp\/v2\/comments?post=994"}],"version-history":[{"count":34,"href":"https:\/\/onehostingeurope.com\/fr\/wp-json\/wp\/v2\/pages\/994\/revisions"}],"predecessor-version":[{"id":3032,"href":"https:\/\/onehostingeurope.com\/fr\/wp-json\/wp\/v2\/pages\/994\/revisions\/3032"}],"wp:attachment":[{"href":"https:\/\/onehostingeurope.com\/fr\/wp-json\/wp\/v2\/media?parent=994"}],"curies":[{"name":"wp","href":"https:\/\/api.w.org\/{rel}","templated":true}]}}