{"id":2956,"date":"2025-05-11T11:31:18","date_gmt":"2025-05-11T11:31:18","guid":{"rendered":"https:\/\/onehostingeurope.com\/?page_id=2956"},"modified":"2025-05-11T12:08:31","modified_gmt":"2025-05-11T12:08:31","slug":"support","status":"publish","type":"page","link":"https:\/\/onehostingeurope.com\/fr\/soutien\/","title":{"rendered":"Soutien"},"content":{"rendered":"<div data-elementor-type=\"wp-page\" data-elementor-id=\"2956\" class=\"elementor elementor-2956\" data-elementor-post-type=\"page\">\n\t\t\t\t\t\t<section class=\"elementor-section elementor-top-section elementor-element elementor-element-e80374c elementor-section-boxed elementor-section-height-default elementor-section-height-default\" data-id=\"e80374c\" data-element_type=\"section\">\n\t\t\t\t\t\t<div class=\"elementor-container elementor-column-gap-default\">\n\t\t\t\t\t<div class=\"elementor-column elementor-col-100 elementor-top-column elementor-element elementor-element-9bcfe1b\" data-id=\"9bcfe1b\" data-element_type=\"column\">\n\t\t\t<div class=\"elementor-widget-wrap elementor-element-populated\">\n\t\t\t\t\t\t<div class=\"elementor-element elementor-element-111ec91 elementor-widget elementor-widget-text-editor\" data-id=\"111ec91\" data-element_type=\"widget\" data-widget_type=\"text-editor.default\">\n\t\t\t\t<div class=\"elementor-widget-container\">\n\t\t\t\t\t\t\t<h3 data-start=\"211\" data-end=\"245\">Besoin d&#039;aide avec votre site Web ?<\/h3><p data-start=\"246\" data-end=\"347\">Nous offrons des produits premium <strong data-start=\"263\" data-end=\"310\">accompagnement \u00e0 la demande et formation personnalis\u00e9e<\/strong>.<\/p><h3 data-start=\"354\" data-end=\"374\">\u2705 Ce que nous offrons :<\/h3><ul data-start=\"375\" data-end=\"855\"><li data-start=\"375\" data-end=\"490\"><p data-start=\"377\" data-end=\"490\"><strong data-start=\"377\" data-end=\"411\">\ud83d\udd0d D\u00e9pannage et corrections de bugs<\/strong><br data-start=\"411\" data-end=\"414\" \/>R\u00e9solvez les erreurs, les fonctionnalit\u00e9s cass\u00e9es, les performances lentes ou tout probl\u00e8me technique.<\/p><\/li><li data-start=\"492\" data-end=\"610\"><p data-start=\"494\" data-end=\"610\"><strong data-start=\"494\" data-end=\"522\">\ud83d\udcda Formation personnalis\u00e9e<\/strong><br data-start=\"522\" data-end=\"525\" \/>Apprenez \u00e0 g\u00e9rer, mettre \u00e0 jour ou optimiser votre site Web, quel que soit votre niveau de comp\u00e9tence.<\/p><\/li><li data-start=\"612\" data-end=\"743\"><p data-start=\"614\" data-end=\"743\"><strong data-start=\"614\" data-end=\"648\">\ud83d\udd27 Configuration et ajustements des fonctionnalit\u00e9s<\/strong><br data-start=\"648\" data-end=\"651\" \/>Besoin d&#039;installer un plugin, de configurer des param\u00e8tres ou de personnaliser des mises en page\u00a0? Nous avons la solution.<\/p><\/li><li data-start=\"745\" data-end=\"855\"><p data-start=\"747\" data-end=\"855\"><strong data-start=\"747\" data-end=\"775\">\ud83d\udca1 Orientation et conseil<\/strong><br data-start=\"775\" data-end=\"778\" \/>Obtenez des recommandations d&#039;experts sur la fa\u00e7on d&#039;am\u00e9liorer la fonctionnalit\u00e9, la conception ou le r\u00e9f\u00e9rencement.<\/p><\/li><\/ul><h3 data-start=\"862\" data-end=\"893\">\ud83d\udc68\u200d\ud83d\udcbb Plateformes que nous prenons en charge\u00a0:<\/h3><ul data-start=\"894\" data-end=\"975\"><li data-start=\"894\" data-end=\"907\"><p data-start=\"896\" data-end=\"907\">WordPress<\/p><\/li><li data-start=\"908\" data-end=\"923\"><p data-start=\"910\" data-end=\"923\">WooCommerce<\/p><\/li><li data-start=\"924\" data-end=\"935\"><p data-start=\"926\" data-end=\"935\">Shopify<\/p><\/li><li data-start=\"936\" data-end=\"961\"><p data-start=\"938\" data-end=\"961\">Sites Web sur mesure<\/p><\/li><li data-start=\"962\" data-end=\"975\"><p data-start=\"964\" data-end=\"975\">Et plus encore\u2026<\/p><\/li><\/ul><h3 data-start=\"982\" data-end=\"1002\">\ud83d\udcac Comment \u00e7a marche :<\/h3><ol data-start=\"1003\" data-end=\"1232\"><li data-start=\"1003\" data-end=\"1072\"><p data-start=\"1006\" data-end=\"1072\"><strong data-start=\"1006\" data-end=\"1020\">Nous contacter<\/strong> avec une br\u00e8ve description du probl\u00e8me ou de la demande.<\/p><\/li><li data-start=\"1073\" data-end=\"1134\"><p data-start=\"1076\" data-end=\"1134\">Nous \u00e9valuons et vous donnons une estimation du temps n\u00e9cessaire.<\/p><\/li><li data-start=\"1135\" data-end=\"1170\"><p data-start=\"1138\" data-end=\"1170\">Payez en toute s\u00e9curit\u00e9 pendant la premi\u00e8re heure.<\/p><\/li><li data-start=\"1171\" data-end=\"1232\"><p data-start=\"1174\" data-end=\"1232\">Nous commen\u00e7ons \u00e0 travailler \u2013 mises \u00e0 jour et communication en temps r\u00e9el.<\/p><\/li><\/ol><h3 data-start=\"1239\" data-end=\"1281\">\ud83d\udd10 100% Confidentiel \u2013 Rapide \u2013 Fiable<\/h3><p data-start=\"1283\" data-end=\"1348\">\ud83d\udcac <strong data-start=\"1286\" data-end=\"1307\">Besoin d&#039;aide urgente ?<\/strong><\/p><p data-start=\"1283\" data-end=\"1348\"><br data-start=\"1307\" data-end=\"1310\" \/><!--\nPlugin Name: Bookly \u2013 Responsive WordPress Appointment Booking and Scheduling Plugin\nPlugin URI: https:\/\/www.booking-wp-plugin.com\/?utm_source=bookly_admin&utm_medium=plugins_page&utm_campaign=plugins_page\nVersion: 24.9-->\n<style type=\"text\/css\">\n    :root {\n        --bookly-main-color: #1e73be !important;\n        --bookly-color: #1e73be !important;\n    }\n\n    <\/style><div class=\"bookly-css-root\">\n    <div id=\"bookly-form-69d6522339978\" class=\"bookly-form\" data-form_id=\"69d6522339978\" aria-live=\"polite\">\n        <div style=\"text-align: center\"><img decoding=\"async\" src=\"https:\/\/onehostingeurope.com\/wp-includes\/js\/tinymce\/skins\/lightgray\/img\/loader.gif\" alt=\"Chargement...\" data-no-translation-alt=\"\"\/><\/div>\n    <\/div>\n<\/div>\n<script type=\"text\/javascript\">\n    (function (win, fn) {\n        var done = false, top = true,\n            doc = win.document,\n            root = doc.documentElement,\n            modern = doc.addEventListener,\n            add = modern ? 'addEventListener' : 'attachEvent',\n            rem = modern ? 'removeEventListener' : 'detachEvent',\n            pre = modern ? '' : 'on',\n            init = function (e) {\n                if (e.type == 'readystatechange') if (doc.readyState != 'complete') return;\n                (e.type == 'load' ? win : doc)[rem](pre + e.type, init, false);\n                if (!done) {\n                    done = true;\n                    fn.call(win, e.type || e);\n                }\n            },\n            poll = function () {\n                try {\n                    root.doScroll('left');\n                } catch (e) {\n                    setTimeout(poll, 50);\n                    return;\n                }\n                init('poll');\n            };\n        if (doc.readyState == 'complete') fn.call(win, 'lazy');\n        else {\n            if (!modern) if (root.doScroll) {\n                try {\n                    top = !win.frameElement;\n                } catch (e) {\n                }\n                if (top) poll();\n            }\n            doc[add](pre + 'DOMContentLoaded', init, false);\n            doc[add](pre + 'readystatechange', init, false);\n            win[add](pre + 'load', init, false);\n        }\n    })(window, function () {\n        window.bookly( {\"form_id\":\"69d6522339978\",\"status\":{\"booking\":\"new\"},\"skip_steps\":{\"service_part1\":0,\"service_part2\":0,\"extras\":1,\"time\":0,\"repeat\":1,\"cart\":1},\"errors\":{\"session_error\":\"Erreur Session.\",\"form_id_error\":\"ID Formulaire d'erreur.\",\"cart_item_not_available\":\"The selected time is not available anymore. Please, choose another time slot.\",\"pay_locally_not_available\":\"Le paiement local n'est pas disponible.\",\"invalid_gateway\":\"Portail invalide.\",\"payment_error\":\"Erreur\",\"incorrect_username_password\":\"Identifiant ou mot de passe incorrect.\"},\"form_attributes\":{\"hide_categories\":false,\"hide_services\":false,\"hide_staff_members\":false,\"show_number_of_persons\":false,\"hide_service_duration\":false,\"hide_locations\":true,\"hide_quantity\":true,\"hide_date\":false,\"hide_week_days\":false,\"hide_time_range\":false},\"use_client_time_zone\":0,\"defaults\":{\"service_id\":1,\"staff_id\":3,\"location_id\":0,\"category_id\":1},\"datepicker_mode\":\"text-accent\",\"facebook\":{\"enabled\":0,\"appId\":\"\"},\"stripe\":{\"enabled\":1}} );\n    });\n<\/script><\/p>\t\t\t\t\t\t<\/div>\n\t\t\t\t<\/div>\n\t\t\t\t\t<\/div>\n\t\t<\/div>\n\t\t\t\t\t<\/div>\n\t\t<\/section>\n\t\t\t\t<\/div>","protected":false},"excerpt":{"rendered":"<p>Need help with your website? We offer premium on-demand support and personalized training. \u2705 What We Offer: \ud83d\udd0d Troubleshooting &amp; Bug FixesResolve errors, broken features, slow performance, or any technical issue. \ud83d\udcda Personalized TrainingLearn how to manage, update, or optimize your website \u2014 no matter your skill level. \ud83d\udd27 Feature Setup &amp; AdjustmentsNeed to install [&hellip;]<\/p>","protected":false},"author":1,"featured_media":0,"parent":0,"menu_order":0,"comment_status":"closed","ping_status":"closed","template":"","meta":{"footnotes":""},"class_list":["post-2956","page","type-page","status-publish","hentry"],"_links":{"self":[{"href":"https:\/\/onehostingeurope.com\/fr\/wp-json\/wp\/v2\/pages\/2956","targetHints":{"allow":["GET"]}}],"collection":[{"href":"https:\/\/onehostingeurope.com\/fr\/wp-json\/wp\/v2\/pages"}],"about":[{"href":"https:\/\/onehostingeurope.com\/fr\/wp-json\/wp\/v2\/types\/page"}],"author":[{"embeddable":true,"href":"https:\/\/onehostingeurope.com\/fr\/wp-json\/wp\/v2\/users\/1"}],"replies":[{"embeddable":true,"href":"https:\/\/onehostingeurope.com\/fr\/wp-json\/wp\/v2\/comments?post=2956"}],"version-history":[{"count":13,"href":"https:\/\/onehostingeurope.com\/fr\/wp-json\/wp\/v2\/pages\/2956\/revisions"}],"predecessor-version":[{"id":2970,"href":"https:\/\/onehostingeurope.com\/fr\/wp-json\/wp\/v2\/pages\/2956\/revisions\/2970"}],"wp:attachment":[{"href":"https:\/\/onehostingeurope.com\/fr\/wp-json\/wp\/v2\/media?parent=2956"}],"curies":[{"name":"wp","href":"https:\/\/api.w.org\/{rel}","templated":true}]}}