{"id":2860,"date":"2025-05-05T20:38:05","date_gmt":"2025-05-05T20:38:05","guid":{"rendered":"https:\/\/onehostingeurope.com\/?page_id=2860"},"modified":"2025-05-05T20:50:31","modified_gmt":"2025-05-05T20:50:31","slug":"sms-bulk-marketing","status":"publish","type":"page","link":"https:\/\/onehostingeurope.com\/fr\/marketing-en-masse-par-sms\/","title":{"rendered":"Marketing en masse par SMS"},"content":{"rendered":"<div data-elementor-type=\"wp-page\" data-elementor-id=\"2860\" class=\"elementor elementor-2860\" data-elementor-post-type=\"page\">\n\t\t\t\t\t\t<section class=\"elementor-section elementor-top-section elementor-element elementor-element-f895122 elementor-section-boxed elementor-section-height-default elementor-section-height-default\" data-id=\"f895122\" data-element_type=\"section\">\n\t\t\t\t\t\t<div class=\"elementor-container elementor-column-gap-default\">\n\t\t\t\t\t<div class=\"elementor-column elementor-col-100 elementor-top-column elementor-element elementor-element-f8c47a1\" data-id=\"f8c47a1\" data-element_type=\"column\">\n\t\t\t<div class=\"elementor-widget-wrap elementor-element-populated\">\n\t\t\t\t\t\t<div class=\"elementor-element elementor-element-3c5ddb6 elementor-widget elementor-widget-heading\" data-id=\"3c5ddb6\" data-element_type=\"widget\" data-widget_type=\"heading.default\">\n\t\t\t\t<div class=\"elementor-widget-container\">\n\t\t\t<h2 class=\"elementor-heading-title elementor-size-default\">Boostez votre communication avec notre NOUVEAU service d&#039;envoi de SMS en masse !<\/h2>\t\t<\/div>\n\t\t\t\t<\/div>\n\t\t\t\t<div class=\"elementor-element elementor-element-3ebdbca elementor-widget elementor-widget-text-editor\" data-id=\"3ebdbca\" data-element_type=\"widget\" data-widget_type=\"text-editor.default\">\n\t\t\t\t<div class=\"elementor-widget-container\">\n\t\t\t\t\t\t\t<p style=\"text-align: center;\"><span style=\"color: #000000;\"><strong>Rapide. S\u00e9curis\u00e9. Prix imbattables.<\/strong><\/span><\/p>\t\t\t\t\t\t<\/div>\n\t\t\t\t<\/div>\n\t\t\t\t<div class=\"elementor-element elementor-element-a1e64ec elementor-widget elementor-widget-text-editor\" data-id=\"a1e64ec\" data-element_type=\"widget\" data-widget_type=\"text-editor.default\">\n\t\t\t\t<div class=\"elementor-widget-container\">\n\t\t\t\t\t\t\t<p class=\"\" data-start=\"220\" data-end=\"482\"><strong>Nous r\u00e9volutionnons la distribution de SMS en masse :<\/strong><\/p><p class=\"\" data-start=\"220\" data-end=\"482\">\ud83d\udce9 Envoyez vos messages \u00e0 des milliers de contacts en quelques secondes seulement.<br data-start=\"351\" data-end=\"354\" \/>\ud83d\udcb8 R\u00e9duisez vos co\u00fbts avec certains des tarifs les plus bas du march\u00e9.<br data-start=\"416\" data-end=\"419\" \/>\ud83d\udd12 Prot\u00e9gez vos donn\u00e9es avec notre technologie de s\u00e9curit\u00e9 de pointe.<\/p><p class=\"\" data-start=\"484\" data-end=\"508\"><strong data-start=\"484\" data-end=\"508\">Notre plateforme propose :<\/strong><\/p><p class=\"\" data-start=\"510\" data-end=\"681\">\u2705 Livraison de messages instantan\u00e9s<br data-start=\"536\" data-end=\"539\" \/>\u2705 Interface simple et intuitive<br data-start=\"571\" data-end=\"574\" \/>\u2705 Gestion facile de vos listes de contacts<br data-start=\"613\" data-end=\"616\" \/>\u2705 Statistiques de campagne en temps r\u00e9el<br data-start=\"647\" data-end=\"650\" \/>\u2705 Aucune comp\u00e9tence technique requise !<\/p><p class=\"\" data-start=\"683\" data-end=\"876\"><strong data-start=\"683\" data-end=\"715\">Pourquoi choisir OneHostingEurope ?<\/strong><br data-start=\"715\" data-end=\"718\" \/>\u2714\ufe0f Pour capter instantan\u00e9ment l\u2019attention de vos clients.<br data-start=\"765\" data-end=\"768\" \/>\u2714\ufe0f Pour booster vos ventes, vos \u00e9v\u00e9nements et vos rappels.<br data-start=\"814\" data-end=\"817\" \/>\u2714\ufe0f Pour profiter d&#039;un service fiable, efficace et s\u00e9curis\u00e9 100%.<\/p><p class=\"\" data-start=\"878\" data-end=\"976\">\ud83c\udfaf <strong data-start=\"881\" data-end=\"976\">Lancez votre premi\u00e8re campagne d\u00e8s aujourd&#039;hui et d\u00e9couvrez la puissance du marketing par SMS \u00e0 un co\u00fbt minimal !<\/strong><\/p><p class=\"\" data-start=\"978\" data-end=\"1069\">\ud83d\udd35 <strong data-start=\"981\" data-end=\"1069\">OneHostingEurope \u2013 votre partenaire pour une communication rapide, directe et performante.<\/strong><\/p><p class=\"\" data-start=\"1071\" data-end=\"1125\">\u27a1\ufe0f <strong>Inscrivez-vous aujourd&#039;hui et recevez des SMS GRATUITS !<\/strong><\/p>\t\t\t\t\t\t<\/div>\n\t\t\t\t<\/div>\n\t\t\t\t<div class=\"elementor-element elementor-element-eb5c2b8 elementor-widget elementor-widget-button\" data-id=\"eb5c2b8\" data-element_type=\"widget\" data-widget_type=\"button.default\">\n\t\t\t\t<div class=\"elementor-widget-container\">\n\t\t\t\t\t\t\t<div class=\"elementor-button-wrapper\">\n\t\t\t\t\t<a class=\"elementor-button elementor-button-link elementor-size-sm\" href=\"https:\/\/onehostingeurope.net\" target=\"_blank\" rel=\"noopener\">\n\t\t\t\t\t\t<span class=\"elementor-button-content-wrapper\">\n\t\t\t\t\t\t\t\t\t<span class=\"elementor-button-text\">ESSAYEZ MAINTENANT<\/span>\n\t\t\t\t\t<\/span>\n\t\t\t\t\t<\/a>\n\t\t\t\t<\/div>\n\t\t\t\t\t\t<\/div>\n\t\t\t\t<\/div>\n\t\t\t\t\t<\/div>\n\t\t<\/div>\n\t\t\t\t\t<\/div>\n\t\t<\/section>\n\t\t\t\t<\/div>","protected":false},"excerpt":{"rendered":"<p>Boost your communication with our NEW mass SMS sending service! Fast. Secure. Unbeatable prices. We&#8217;re revolutionizing bulk SMS delivery: \ud83d\udce9 Send your messages to thousands of contacts in just seconds.\ud83d\udcb8 Cut your costs with some of the lowest rates on the market.\ud83d\udd12 Protect your data with our cutting-edge security technology. Our platform offers: \u2705 Instant [&hellip;]<\/p>","protected":false},"author":1,"featured_media":0,"parent":0,"menu_order":0,"comment_status":"closed","ping_status":"closed","template":"","meta":{"footnotes":""},"class_list":["post-2860","page","type-page","status-publish","hentry"],"_links":{"self":[{"href":"https:\/\/onehostingeurope.com\/fr\/wp-json\/wp\/v2\/pages\/2860","targetHints":{"allow":["GET"]}}],"collection":[{"href":"https:\/\/onehostingeurope.com\/fr\/wp-json\/wp\/v2\/pages"}],"about":[{"href":"https:\/\/onehostingeurope.com\/fr\/wp-json\/wp\/v2\/types\/page"}],"author":[{"embeddable":true,"href":"https:\/\/onehostingeurope.com\/fr\/wp-json\/wp\/v2\/users\/1"}],"replies":[{"embeddable":true,"href":"https:\/\/onehostingeurope.com\/fr\/wp-json\/wp\/v2\/comments?post=2860"}],"version-history":[{"count":13,"href":"https:\/\/onehostingeurope.com\/fr\/wp-json\/wp\/v2\/pages\/2860\/revisions"}],"predecessor-version":[{"id":2874,"href":"https:\/\/onehostingeurope.com\/fr\/wp-json\/wp\/v2\/pages\/2860\/revisions\/2874"}],"wp:attachment":[{"href":"https:\/\/onehostingeurope.com\/fr\/wp-json\/wp\/v2\/media?parent=2860"}],"curies":[{"name":"wp","href":"https:\/\/api.w.org\/{rel}","templated":true}]}}