{"id":2836,"date":"2025-04-19T17:35:10","date_gmt":"2025-04-19T17:35:10","guid":{"rendered":"https:\/\/onehostingeurope.com\/?post_type=product&#038;p=2836"},"modified":"2026-05-02T20:01:45","modified_gmt":"2026-05-02T18:01:45","slug":"rank-google-pro","status":"publish","type":"product","link":"https:\/\/onehostingeurope.com\/es\/shop\/ranking-google-pro\/","title":{"rendered":"Posicionar Google PRO"},"content":{"rendered":"<p>El complemento SEO impulsado por IA creado para mejorar el ranking matem\u00e1tico<\/p>\n<h3 class=\"\" data-start=\"530\" data-end=\"583\">\u2705 Compatible con Rank Math \u2013 Desarrollado por OpenAI<\/h3>\n<p class=\"\" data-start=\"584\" data-end=\"848\"><strong data-start=\"584\" data-end=\"603\">Posicionar Google PRO<\/strong> Es tu mejora definitiva de SEO.<br data-start=\"633\" data-end=\"636\" \/>Creado para funcionar sin problemas con la versi\u00f3n gratuita de <strong data-start=\"686\" data-end=\"699\">Matem\u00e1ticas de rango<\/strong>Lleva el poder de OpenAI a tu sitio para automatizar t\u00edtulos, meta descripciones, sugerencias de palabras clave y m\u00e1s, para que puedas concentrarte en tu contenido.<\/p>\n<h3 class=\"\" data-start=\"855\" data-end=\"893\">\u26a0\ufe0f Lo que necesitas antes de empezar<\/h3>\n<p class=\"\" data-start=\"894\" data-end=\"922\">\ud83d\udd27 Para utilizar Rank Google PRO:<\/p>\n<ol data-start=\"923\" data-end=\"1049\">\n<li class=\"\" data-start=\"923\" data-end=\"962\">\n<p class=\"\" data-start=\"926\" data-end=\"962\">\u2705Instalar <strong data-start=\"936\" data-end=\"953\">Rank Math SEO<\/strong> (Gratis)<\/p>\n<\/li>\n<li class=\"\" data-start=\"963\" data-end=\"997\">\n<p class=\"\" data-start=\"966\" data-end=\"997\">\u2705Instalar <strong data-start=\"976\" data-end=\"995\">Posicionar Google PRO<\/strong><\/p>\n<\/li>\n<li class=\"\" data-start=\"998\" data-end=\"1049\">\n<p class=\"\" data-start=\"1001\" data-end=\"1049\">\u2705 Agrega tu <strong data-start=\"1012\" data-end=\"1030\">Clave API de OpenAI<\/strong> (libre de crear)<\/p>\n<\/li>\n<\/ol>\n<blockquote data-start=\"1051\" data-end=\"1121\">\n<p class=\"\" data-start=\"1053\" data-end=\"1121\">Una vez configurado, su SEO estar\u00e1 completamente automatizado: la IA har\u00e1 el trabajo por usted.<\/p>\n<\/blockquote>\n<h3 class=\"\" data-start=\"1128\" data-end=\"1168\">\ud83e\udde0 Funciones que funcionan mientras t\u00fa lo haces<\/h3>\n<ul data-start=\"1169\" data-end=\"1655\">\n<li class=\"\" data-start=\"1169\" data-end=\"1279\">\n<p class=\"\" data-start=\"1171\" data-end=\"1279\">\ud83e\udde0 <strong data-start=\"1174\" data-end=\"1217\">T\u00edtulos y metadescripciones generados por IA<\/strong><br data-start=\"1217\" data-end=\"1220\" \/>Optimizado instant\u00e1neamente para obtener mejores clasificaciones y m\u00e1s clics<\/p>\n<\/li>\n<li class=\"\" data-start=\"1280\" data-end=\"1367\">\n<p class=\"\" data-start=\"1282\" data-end=\"1367\">\ud83d\udd0d <strong data-start=\"1285\" data-end=\"1314\">Sugerencias inteligentes de palabras clave<\/strong><br data-start=\"1314\" data-end=\"1317\" \/>Basado en su contenido y datos de b\u00fasqueda de tendencias<\/p>\n<\/li>\n<li class=\"\" data-start=\"1368\" data-end=\"1460\">\n<p class=\"\" data-start=\"1370\" data-end=\"1460\">\u2699\ufe0f <strong data-start=\"1373\" data-end=\"1407\">Funciona perfectamente con Rank Math<\/strong><br data-start=\"1407\" data-end=\"1410\" \/>Mejora tu configuraci\u00f3n sin reemplazar nada<\/p>\n<\/li>\n<li class=\"\" data-start=\"1461\" data-end=\"1548\">\n<p class=\"\" data-start=\"1463\" data-end=\"1548\">\ud83c\udf0d <strong data-start=\"1466\" data-end=\"1490\">Soporte multiling\u00fce<\/strong><br data-start=\"1490\" data-end=\"1493\" \/>Creado para WPML, Polylang y sitios web multiling\u00fces<\/p>\n<\/li>\n<li class=\"\" data-start=\"1549\" data-end=\"1655\">\n<p class=\"\" data-start=\"1551\" data-end=\"1655\">\ud83d\udee0\ufe0f <strong data-start=\"1555\" data-end=\"1578\">SEO totalmente automatizado<\/strong><br data-start=\"1578\" data-end=\"1581\" \/>Cada vez que publicas o actualizas contenido, este se optimiza autom\u00e1ticamente<\/p>\n<\/li>\n<\/ul>\n<h3 class=\"\" data-start=\"1662\" data-end=\"1685\">\u00bfPara qui\u00e9n es?<\/h3>\n<ul data-start=\"1686\" data-end=\"1932\">\n<li class=\"\" data-start=\"1686\" data-end=\"1745\">\n<p class=\"\" data-start=\"1688\" data-end=\"1745\">\u2714\ufe0f Blogueros que quieren m\u00e1s tr\u00e1fico sin SEO t\u00e9cnico<\/p>\n<\/li>\n<li class=\"\" data-start=\"1746\" data-end=\"1811\">\n<p class=\"\" data-start=\"1748\" data-end=\"1811\">\u2714\ufe0f Propietarios de tiendas en l\u00ednea que desean que sus productos tengan una clasificaci\u00f3n m\u00e1s alta<\/p>\n<\/li>\n<li class=\"\" data-start=\"1812\" data-end=\"1875\">\n<p class=\"\" data-start=\"1814\" data-end=\"1875\">\u2714\ufe0f Freelancers y agencias que gestionan varios sitios web de clientes<\/p>\n<\/li>\n<li class=\"\" data-start=\"1876\" data-end=\"1932\">\n<p class=\"\" data-start=\"1878\" data-end=\"1932\">\u2714\ufe0f Usuarios no t\u00e9cnicos que desean resultados SEO listos para usar<\/p>\n<\/li>\n<\/ul>\n<h3 class=\"\" data-start=\"1939\" data-end=\"1984\">\ud83d\udcb6 Pago Anual \u2013 Todo Incluido<\/h3>\n<p class=\"\" data-start=\"1985\" data-end=\"2120\">\ud83d\udcb3 <strong data-start=\"1988\" data-end=\"2012\">S\u00f3lo 499,00 \u20ac al a\u00f1o<\/strong> \u2013 sin cuotas mensuales recurrentes<br data-start=\"2040\" data-end=\"2043\" \/>\ud83d\udd01Actualizaciones gratuitas incluidas durante todo el a\u00f1o<br data-start=\"2087\" data-end=\"2090\" \/>\ud83d\udcec Soporte por correo electr\u00f3nico cuando sea necesario<\/p>\n<p class=\"\" data-start=\"2122\" data-end=\"2251\">\ud83d\udcac <em data-start=\"2125\" data-end=\"2213\">Antes pagaba 49 \u20ac al mes por herramientas de SEO. Esta lo tiene todo con una sola licencia anual.<\/em><br data-start=\"2213\" data-end=\"2216\" \/>\u2014 David P., propietario de una tienda WooCommerce<\/p>\n<h3 class=\"\" data-start=\"2258\" data-end=\"2276\">\u2728 Palabra final<\/h3>\n<p class=\"\" data-start=\"2277\" data-end=\"2448\">Ya tienes una base s\u00f3lida de SEO con Rank Math.<br data-start=\"2332\" data-end=\"2335\" \/>Ahora incorpora el verdadero poder de la IA a tu sitio de WordPress con Rank Google PRO y llega a la cima de Google sin esfuerzo.<\/p>\n<h3 class=\"\" data-start=\"2455\" data-end=\"2480\">\ud83d\udce6 Qu\u00e9 incluye:<\/h3>\n<p class=\"\" data-start=\"2481\" data-end=\"2618\">\u2714\ufe0f Licencia por 1 a\u00f1o<br data-start=\"2498\" data-end=\"2501\" \/>\u2714\ufe0f Integraci\u00f3n completa con OpenAI<br data-start=\"2527\" data-end=\"2530\" \/>\u2714\ufe0f Optimizaci\u00f3n multiling\u00fce<br data-start=\"2558\" data-end=\"2561\" \/>\u2714\ufe0f Compatible con todos los temas y constructores modernos de WordPress<\/p>\n<p class=\"\" data-start=\"2625\" data-end=\"2732\"><strong data-start=\"2625\" data-end=\"2676\">Rank Google PRO: deja que la IA se encargue de tu SEO.<\/strong><br data-start=\"2676\" data-end=\"2679\" \/>F\u00e1cil de instalar. F\u00e1cil de usar. Dise\u00f1ado para crecer.<\/p>","protected":false},"excerpt":{"rendered":"<p><strong data-start=\"584\" data-end=\"603\">Posicionar Google PRO<\/strong> Es tu mejora definitiva de SEO.<br data-start=\"633\" data-end=\"636\" \/>Creado para funcionar sin problemas con la versi\u00f3n gratuita de <strong data-start=\"686\" data-end=\"699\">Matem\u00e1ticas de rango<\/strong>Lleva el poder de OpenAI a tu sitio para automatizar t\u00edtulos, meta descripciones, sugerencias de palabras clave y m\u00e1s, para que puedas concentrarte en tu contenido.<\/p>","protected":false},"featured_media":2837,"comment_status":"open","ping_status":"closed","template":"","meta":[],"product_brand":[],"product_cat":[38],"product_tag":[],"class_list":{"0":"post-2836","1":"product","2":"type-product","3":"status-publish","4":"has-post-thumbnail","6":"product_cat-plugin","8":"first","9":"instock","10":"downloadable","11":"virtual","12":"purchasable","13":"product-type-subscription"},"_links":{"self":[{"href":"https:\/\/onehostingeurope.com\/es\/wp-json\/wp\/v2\/product\/2836","targetHints":{"allow":["GET"]}}],"collection":[{"href":"https:\/\/onehostingeurope.com\/es\/wp-json\/wp\/v2\/product"}],"about":[{"href":"https:\/\/onehostingeurope.com\/es\/wp-json\/wp\/v2\/types\/product"}],"replies":[{"embeddable":true,"href":"https:\/\/onehostingeurope.com\/es\/wp-json\/wp\/v2\/comments?post=2836"}],"wp:featuredmedia":[{"embeddable":true,"href":"https:\/\/onehostingeurope.com\/es\/wp-json\/wp\/v2\/media\/2837"}],"wp:attachment":[{"href":"https:\/\/onehostingeurope.com\/es\/wp-json\/wp\/v2\/media?parent=2836"}],"wp:term":[{"taxonomy":"product_brand","embeddable":true,"href":"https:\/\/onehostingeurope.com\/es\/wp-json\/wp\/v2\/product_brand?post=2836"},{"taxonomy":"product_cat","embeddable":true,"href":"https:\/\/onehostingeurope.com\/es\/wp-json\/wp\/v2\/product_cat?post=2836"},{"taxonomy":"product_tag","embeddable":true,"href":"https:\/\/onehostingeurope.com\/es\/wp-json\/wp\/v2\/product_tag?post=2836"}],"curies":[{"name":"wp","href":"https:\/\/api.w.org\/{rel}","templated":true}]}}