{"id":2240,"date":"2024-05-01T06:47:04","date_gmt":"2024-05-01T06:47:04","guid":{"rendered":"https:\/\/onehostingeurope.com\/?post_type=product&#038;p=2240"},"modified":"2025-05-11T15:50:10","modified_gmt":"2025-05-11T13:50:10","slug":"apimo-sync-houzez","status":"publish","type":"product","link":"https:\/\/onehostingeurope.com\/es\/shop\/apimo-sync-houzez\/","title":{"rendered":"APIMO SYNC HOUZEZ"},"content":{"rendered":"<p>SyncPro APIMO para Houzez es un complemento revolucionario de WordPress, dise\u00f1ado especialmente para los usuarios del tema inmobiliario Houzez. Este complemento ofrece una soluci\u00f3n completa para sincronizar autom\u00e1ticamente todas sus propiedades inmobiliarias listas en APIMO directamente en su sitio WordPress utilizando Houzez.<\/p>","protected":false},"excerpt":{"rendered":"<p>SyncPro APIMO para Houzez es un complemento revolucionario de WordPress, dise\u00f1ado especialmente para los usuarios del tema inmobiliario Houzez. Este complemento ofrece una soluci\u00f3n completa para sincronizar autom\u00e1ticamente todas sus propiedades inmobiliarias listas en APIMO directamente en su sitio WordPress utilizando Houzez.<\/p>","protected":false},"featured_media":2141,"comment_status":"open","ping_status":"closed","template":"","meta":[],"product_brand":[],"product_cat":[38],"product_tag":[39,40],"class_list":{"0":"post-2240","1":"product","2":"type-product","3":"status-publish","4":"has-post-thumbnail","6":"product_cat-plugin","7":"product_tag-apimo","8":"product_tag-houzez","10":"first","11":"instock","12":"downloadable","13":"virtual","14":"purchasable","15":"product-type-simple"},"_links":{"self":[{"href":"https:\/\/onehostingeurope.com\/es\/wp-json\/wp\/v2\/product\/2240","targetHints":{"allow":["GET"]}}],"collection":[{"href":"https:\/\/onehostingeurope.com\/es\/wp-json\/wp\/v2\/product"}],"about":[{"href":"https:\/\/onehostingeurope.com\/es\/wp-json\/wp\/v2\/types\/product"}],"replies":[{"embeddable":true,"href":"https:\/\/onehostingeurope.com\/es\/wp-json\/wp\/v2\/comments?post=2240"}],"wp:featuredmedia":[{"embeddable":true,"href":"https:\/\/onehostingeurope.com\/es\/wp-json\/wp\/v2\/media\/2141"}],"wp:attachment":[{"href":"https:\/\/onehostingeurope.com\/es\/wp-json\/wp\/v2\/media?parent=2240"}],"wp:term":[{"taxonomy":"product_brand","embeddable":true,"href":"https:\/\/onehostingeurope.com\/es\/wp-json\/wp\/v2\/product_brand?post=2240"},{"taxonomy":"product_cat","embeddable":true,"href":"https:\/\/onehostingeurope.com\/es\/wp-json\/wp\/v2\/product_cat?post=2240"},{"taxonomy":"product_tag","embeddable":true,"href":"https:\/\/onehostingeurope.com\/es\/wp-json\/wp\/v2\/product_tag?post=2240"}],"curies":[{"name":"wp","href":"https:\/\/api.w.org\/{rel}","templated":true}]}}