{"id":583,"date":"2020-12-17T00:34:55","date_gmt":"2020-12-17T00:34:55","guid":{"rendered":"https:\/\/phox.whmcsdes.com\/shiny\/?page_id=583"},"modified":"2022-12-30T15:06:26","modified_gmt":"2022-12-30T15:06:26","slug":"about-us","status":"publish","type":"page","link":"https:\/\/onehostingeurope.com\/es\/sobre-nosotros\/","title":{"rendered":"Sobre nosotros"},"content":{"rendered":"<div data-elementor-type=\"wp-page\" data-elementor-id=\"583\" class=\"elementor elementor-583\" data-elementor-post-type=\"page\">\n\t\t\t\t\t\t<section class=\"elementor-section elementor-top-section elementor-element elementor-element-f2a3e2e elementor-section-boxed elementor-section-height-default elementor-section-height-default\" data-id=\"f2a3e2e\" data-element_type=\"section\" data-settings=\"{&quot;background_background&quot;:&quot;classic&quot;,&quot;shape_divider_bottom&quot;:&quot;tilt&quot;}\">\n\t\t\t\t\t\t\t<div class=\"elementor-background-overlay\"><\/div>\n\t\t\t\t\t\t<div class=\"elementor-shape elementor-shape-bottom\" data-negative=\"false\">\n\t\t\t<svg xmlns=\"http:\/\/www.w3.org\/2000\/svg\" viewbox=\"0 0 1000 100\" preserveaspectratio=\"none\">\n\t<path class=\"elementor-shape-fill\" d=\"M0,6V0h1000v100L0,6z\"\/>\n<\/svg>\t\t<\/div>\n\t\t\t\t\t<div class=\"elementor-container elementor-column-gap-default\">\n\t\t\t\t\t<div class=\"elementor-column elementor-col-50 elementor-top-column elementor-element elementor-element-cae9c0d\" data-id=\"cae9c0d\" data-element_type=\"column\">\n\t\t\t<div class=\"elementor-widget-wrap elementor-element-populated\">\n\t\t\t\t\t\t<div class=\"elementor-element elementor-element-171770f elementor-widget elementor-widget-wdes-section-header-widget\" data-id=\"171770f\" data-element_type=\"widget\" data-widget_type=\"wdes-section-header-widget.default\">\n\t\t\t\t<div class=\"elementor-widget-container\">\n\t\t\t<section class=\"widget-content wdes-widget-section-header\"><div class=\"wdes-widget-inner wdes-text-align-left\"><h1 class=\"wdes-section-header-primary\">Construimos la web moderna<\/h1><div class=\"wdes-section-header-description\">\u00bfYa tienes un sitio web? Dale el hogar que se merece. Con tiempos de carga l\u00edderes en la industria.<\/div><\/div><\/section>\t\t<\/div>\n\t\t\t\t<\/div>\n\t\t\t\t\t<\/div>\n\t\t<\/div>\n\t\t\t\t<div class=\"elementor-column elementor-col-50 elementor-top-column elementor-element elementor-element-8626b6e\" data-id=\"8626b6e\" data-element_type=\"column\">\n\t\t\t<div class=\"elementor-widget-wrap elementor-element-populated\">\n\t\t\t\t\t\t<div class=\"elementor-element elementor-element-143e53e elementor-invisible elementor-widget elementor-widget-image\" data-id=\"143e53e\" data-element_type=\"widget\" data-settings=\"{&quot;_animation&quot;:&quot;fadeInRight&quot;}\" data-widget_type=\"image.default\">\n\t\t\t\t<div class=\"elementor-widget-container\">\n\t\t\t\t\t\t\t\t\t\t\t\t\t<img decoding=\"async\" src=\"https:\/\/onehostingeurope.com\/wp-content\/uploads\/elementor\/thumbs\/about-r1i0sh9mova9m3h065nvbuykg5lyx9fx78ay3d0e0w.png\" title=\"acerca de\" alt=\"acerca de\" loading=\"lazy\" \/>\t\t\t\t\t\t\t\t\t\t\t\t\t<\/div>\n\t\t\t\t<\/div>\n\t\t\t\t\t<\/div>\n\t\t<\/div>\n\t\t\t\t\t<\/div>\n\t\t<\/section>\n\t\t\t\t<section class=\"elementor-section elementor-top-section elementor-element elementor-element-56e0e36 elementor-section-boxed elementor-section-height-default elementor-section-height-default\" data-id=\"56e0e36\" data-element_type=\"section\">\n\t\t\t\t\t\t<div class=\"elementor-container elementor-column-gap-default\">\n\t\t\t\t\t<div class=\"elementor-column elementor-col-25 elementor-top-column elementor-element elementor-element-ad19098\" data-id=\"ad19098\" data-element_type=\"column\">\n\t\t\t<div class=\"elementor-widget-wrap elementor-element-populated\">\n\t\t\t\t\t\t<div class=\"elementor-element elementor-element-5aa6e7a elementor-position-top elementor-widget elementor-widget-image-box\" data-id=\"5aa6e7a\" data-element_type=\"widget\" data-widget_type=\"image-box.default\">\n\t\t\t\t<div class=\"elementor-widget-container\">\n\t\t\t<div class=\"elementor-image-box-wrapper\"><figure class=\"elementor-image-box-img\"><a href=\"#\" tabindex=\"-1\"><img decoding=\"async\" src=\"https:\/\/onehostingeurope.com\/wp-content\/uploads\/elementor\/thumbs\/house-r1i0sh9mov7voemzyn7ji0giu04bkj4yal81kxlla8.png\" title=\"casa\" alt=\"casa\" loading=\"lazy\" \/><\/a><\/figure><div class=\"elementor-image-box-content\"><h3 class=\"elementor-image-box-title\"><a href=\"#\">Explorar carreras<\/a><\/h3><p class=\"elementor-image-box-description\">Encuentra el trabajo de tus sue\u00f1os con nosotros.<\/p><\/div><\/div>\t\t<\/div>\n\t\t\t\t<\/div>\n\t\t\t\t\t<\/div>\n\t\t<\/div>\n\t\t\t\t<div class=\"elementor-column elementor-col-25 elementor-top-column elementor-element elementor-element-c3fa0e7\" data-id=\"c3fa0e7\" data-element_type=\"column\">\n\t\t\t<div class=\"elementor-widget-wrap elementor-element-populated\">\n\t\t\t\t\t\t<div class=\"elementor-element elementor-element-7265a47 elementor-position-top elementor-widget elementor-widget-image-box\" data-id=\"7265a47\" data-element_type=\"widget\" data-widget_type=\"image-box.default\">\n\t\t\t\t<div class=\"elementor-widget-container\">\n\t\t\t<div class=\"elementor-image-box-wrapper\"><figure class=\"elementor-image-box-img\"><a href=\"https:\/\/onehostingeurope.com\/creation-website\/\" tabindex=\"-1\"><img decoding=\"async\" src=\"https:\/\/onehostingeurope.com\/wp-content\/uploads\/elementor\/thumbs\/editing-r1i0sh9mov7voemzyn7ji0giu04bkj4yal81kxlla8.png\" title=\"edici\u00f3n\" alt=\"edici\u00f3n\" loading=\"lazy\" \/><\/a><\/figure><div class=\"elementor-image-box-content\"><h3 class=\"elementor-image-box-title\"><a href=\"https:\/\/onehostingeurope.com\/creation-website\/\">informaci\u00f3n de prensa<\/a><\/h3><p class=\"elementor-image-box-description\">\u00bfEscribir o hablar de nosotros?<\/p><\/div><\/div>\t\t<\/div>\n\t\t\t\t<\/div>\n\t\t\t\t\t<\/div>\n\t\t<\/div>\n\t\t\t\t<div class=\"elementor-column elementor-col-25 elementor-top-column elementor-element elementor-element-d141997\" data-id=\"d141997\" data-element_type=\"column\">\n\t\t\t<div class=\"elementor-widget-wrap elementor-element-populated\">\n\t\t\t\t\t\t<div class=\"elementor-element elementor-element-093ee3f elementor-position-top elementor-widget elementor-widget-image-box\" data-id=\"093ee3f\" data-element_type=\"widget\" data-widget_type=\"image-box.default\">\n\t\t\t\t<div class=\"elementor-widget-container\">\n\t\t\t<div class=\"elementor-image-box-wrapper\"><figure class=\"elementor-image-box-img\"><a href=\"https:\/\/onehostingeurope.com\/creation-website\/\" tabindex=\"-1\"><img decoding=\"async\" src=\"https:\/\/onehostingeurope.com\/wp-content\/uploads\/elementor\/thumbs\/maximize-r1i0sh9mov7voemzyn7ji0giu04bkj4yal81kxlla8.png\" title=\"maximizar\" alt=\"maximizar\" loading=\"lazy\" \/><\/a><\/figure><div class=\"elementor-image-box-content\"><h3 class=\"elementor-image-box-title\"><a href=\"https:\/\/onehostingeurope.com\/creation-website\/\">Mira Nuestros Trabajos<\/a><\/h3><p class=\"elementor-image-box-description\">Explora todas las cosas.<\/p><\/div><\/div>\t\t<\/div>\n\t\t\t\t<\/div>\n\t\t\t\t\t<\/div>\n\t\t<\/div>\n\t\t\t\t<div class=\"elementor-column elementor-col-25 elementor-top-column elementor-element elementor-element-2e70847\" data-id=\"2e70847\" data-element_type=\"column\">\n\t\t\t<div class=\"elementor-widget-wrap elementor-element-populated\">\n\t\t\t\t\t\t<div class=\"elementor-element elementor-element-9244374 elementor-position-top elementor-widget elementor-widget-image-box\" data-id=\"9244374\" data-element_type=\"widget\" data-widget_type=\"image-box.default\">\n\t\t\t\t<div class=\"elementor-widget-container\">\n\t\t\t<div class=\"elementor-image-box-wrapper\"><figure class=\"elementor-image-box-img\"><a href=\"https:\/\/onehostingeurope.com\/contact-us\/\" tabindex=\"-1\"><img decoding=\"async\" src=\"https:\/\/onehostingeurope.com\/wp-content\/uploads\/elementor\/thumbs\/goal-1-r1i0sh9mov7voemzyn7ji0giu04bkj4yal81kxlla8.png\" title=\"meta\" alt=\"meta\" loading=\"lazy\" \/><\/a><\/figure><div class=\"elementor-image-box-content\"><h3 class=\"elementor-image-box-title\"><a href=\"https:\/\/onehostingeurope.com\/contact-us\/\">Liderazgo<\/a><\/h3><p class=\"elementor-image-box-description\">Conozca a nuestro equipo de liderazgo.<\/p><\/div><\/div>\t\t<\/div>\n\t\t\t\t<\/div>\n\t\t\t\t\t<\/div>\n\t\t<\/div>\n\t\t\t\t\t<\/div>\n\t\t<\/section>\n\t\t\t\t<section class=\"elementor-section elementor-top-section elementor-element elementor-element-e15dd1f elementor-section-boxed elementor-section-height-default elementor-section-height-default\" data-id=\"e15dd1f\" data-element_type=\"section\" data-settings=\"{&quot;background_background&quot;:&quot;classic&quot;,&quot;shape_divider_top&quot;:&quot;tilt&quot;,&quot;shape_divider_bottom&quot;:&quot;tilt&quot;}\">\n\t\t\t\t\t<div class=\"elementor-shape elementor-shape-top\" data-negative=\"false\">\n\t\t\t<svg xmlns=\"http:\/\/www.w3.org\/2000\/svg\" viewbox=\"0 0 1000 100\" preserveaspectratio=\"none\">\n\t<path class=\"elementor-shape-fill\" d=\"M0,6V0h1000v100L0,6z\"\/>\n<\/svg>\t\t<\/div>\n\t\t\t\t<div class=\"elementor-shape elementor-shape-bottom\" data-negative=\"false\">\n\t\t\t<svg xmlns=\"http:\/\/www.w3.org\/2000\/svg\" viewbox=\"0 0 1000 100\" preserveaspectratio=\"none\">\n\t<path class=\"elementor-shape-fill\" d=\"M0,6V0h1000v100L0,6z\"\/>\n<\/svg>\t\t<\/div>\n\t\t\t\t\t<div class=\"elementor-container elementor-column-gap-default\">\n\t\t\t\t\t<div class=\"elementor-column elementor-col-50 elementor-top-column elementor-element elementor-element-1a605e4\" data-id=\"1a605e4\" data-element_type=\"column\">\n\t\t\t<div class=\"elementor-widget-wrap elementor-element-populated\">\n\t\t\t\t\t\t<div class=\"elementor-element elementor-element-213cf5c shiny-demo-domain elementor-widget elementor-widget-wdes-section-header-widget\" data-id=\"213cf5c\" data-element_type=\"widget\" data-widget_type=\"wdes-section-header-widget.default\">\n\t\t\t\t<div class=\"elementor-widget-container\">\n\t\t\t<section class=\"widget-content wdes-widget-section-header\"><div class=\"wdes-widget-inner wdes-text-align-left\"><h1 class=\"wdes-section-header-primary\">Nuestras habilidades y experiencia<\/h1><div class=\"wdes-section-header-description\">Comience por definir el problema. Tener el coraje de abordar un problema desde una perspectiva diferente. Planifique con anticipaci\u00f3n, pero act\u00fae con decisi\u00f3n. Considere que el enfoque m\u00e1s simple suele ser el mejor.<\/div><\/div><\/section>\t\t<\/div>\n\t\t\t\t<\/div>\n\t\t\t\t<div class=\"elementor-element elementor-element-7944511 elementor-align-left elementor-widget elementor-widget-button\" data-id=\"7944511\" data-element_type=\"widget\" data-widget_type=\"button.default\">\n\t\t\t\t<div class=\"elementor-widget-container\">\n\t\t\t\t\t\t\t<div class=\"elementor-button-wrapper\">\n\t\t\t\t\t<a class=\"elementor-button elementor-button-link elementor-size-sm\" href=\"https:\/\/onehostingeurope.com\/creation-website\/\">\n\t\t\t\t\t\t<span class=\"elementor-button-content-wrapper\">\n\t\t\t\t\t\t\t\t\t<span class=\"elementor-button-text\">Vea nuestras habilidades<\/span>\n\t\t\t\t\t<\/span>\n\t\t\t\t\t<\/a>\n\t\t\t\t<\/div>\n\t\t\t\t\t\t<\/div>\n\t\t\t\t<\/div>\n\t\t\t\t\t<\/div>\n\t\t<\/div>\n\t\t\t\t<div class=\"elementor-column elementor-col-50 elementor-top-column elementor-element elementor-element-d83897d\" data-id=\"d83897d\" data-element_type=\"column\">\n\t\t\t<div class=\"elementor-widget-wrap elementor-element-populated\">\n\t\t\t\t\t\t<div class=\"elementor-element elementor-element-2bef7b6 elementor-widget elementor-widget-progress\" data-id=\"2bef7b6\" data-element_type=\"widget\" data-widget_type=\"progress.default\">\n\t\t\t\t<div class=\"elementor-widget-container\">\n\t\t\t\t\t\t<span class=\"elementor-title\" id=\"elementor-progress-bar-2bef7b6\">\n\t\t\t\tMedios de comunicaci\u00f3n social\t\t\t<\/span>\n\t\t\n\t\t<div aria-labelledby=\"elementor-progress-bar-2bef7b6\" class=\"elementor-progress-wrapper\" role=\"progressbar\" aria-valuemin=\"0\" aria-valuemax=\"100\" aria-valuenow=\"75\">\n\t\t\t<div class=\"elementor-progress-bar\" data-max=\"75\">\n\t\t\t\t<span class=\"elementor-progress-text\"><\/span>\n\t\t\t\t\t\t\t\t\t<span class=\"elementor-progress-percentage\">75%<\/span>\n\t\t\t\t\t\t\t<\/div>\n\t\t<\/div>\n\t\t\t\t<\/div>\n\t\t\t\t<\/div>\n\t\t\t\t<div class=\"elementor-element elementor-element-a2f7e0b elementor-widget elementor-widget-progress\" data-id=\"a2f7e0b\" data-element_type=\"widget\" data-widget_type=\"progress.default\">\n\t\t\t\t<div class=\"elementor-widget-container\">\n\t\t\t\t\t\t<span class=\"elementor-title\" id=\"elementor-progress-bar-a2f7e0b\">\n\t\t\t\tCodificaci\u00f3n\t\t\t<\/span>\n\t\t\n\t\t<div aria-labelledby=\"elementor-progress-bar-a2f7e0b\" class=\"elementor-progress-wrapper\" role=\"progressbar\" aria-valuemin=\"0\" aria-valuemax=\"100\" aria-valuenow=\"67\">\n\t\t\t<div class=\"elementor-progress-bar\" data-max=\"67\">\n\t\t\t\t<span class=\"elementor-progress-text\"><\/span>\n\t\t\t\t\t\t\t\t\t<span class=\"elementor-progress-percentage\">67%<\/span>\n\t\t\t\t\t\t\t<\/div>\n\t\t<\/div>\n\t\t\t\t<\/div>\n\t\t\t\t<\/div>\n\t\t\t\t<div class=\"elementor-element elementor-element-65d1917 elementor-widget elementor-widget-progress\" data-id=\"65d1917\" data-element_type=\"widget\" data-widget_type=\"progress.default\">\n\t\t\t\t<div class=\"elementor-widget-container\">\n\t\t\t\t\t\t<span class=\"elementor-title\" id=\"elementor-progress-bar-65d1917\">\n\t\t\t\tMarketing\t\t\t<\/span>\n\t\t\n\t\t<div aria-labelledby=\"elementor-progress-bar-65d1917\" class=\"elementor-progress-wrapper\" role=\"progressbar\" aria-valuemin=\"0\" aria-valuemax=\"100\" aria-valuenow=\"93\">\n\t\t\t<div class=\"elementor-progress-bar\" data-max=\"93\">\n\t\t\t\t<span class=\"elementor-progress-text\"><\/span>\n\t\t\t\t\t\t\t\t\t<span class=\"elementor-progress-percentage\">93%<\/span>\n\t\t\t\t\t\t\t<\/div>\n\t\t<\/div>\n\t\t\t\t<\/div>\n\t\t\t\t<\/div>\n\t\t\t\t\t<\/div>\n\t\t<\/div>\n\t\t\t\t\t<\/div>\n\t\t<\/section>\n\t\t\t\t<section class=\"elementor-section elementor-top-section elementor-element elementor-element-4dbb997 elementor-section-boxed elementor-section-height-default elementor-section-height-default\" data-id=\"4dbb997\" data-element_type=\"section\">\n\t\t\t\t\t\t<div class=\"elementor-container elementor-column-gap-default\">\n\t\t\t\t\t<div class=\"elementor-column elementor-col-100 elementor-top-column elementor-element elementor-element-53ed2a9b\" data-id=\"53ed2a9b\" data-element_type=\"column\">\n\t\t\t<div class=\"elementor-widget-wrap elementor-element-populated\">\n\t\t\t\t\t\t<div class=\"elementor-element elementor-element-15adf3b elementor-widget elementor-widget-wdes-section-header-widget\" data-id=\"15adf3b\" data-element_type=\"widget\" data-widget_type=\"wdes-section-header-widget.default\">\n\t\t\t\t<div class=\"elementor-widget-container\">\n\t\t\t<section class=\"widget-content wdes-widget-section-header\"><div class=\"wdes-widget-inner wdes-text-align-center\"><h1 class=\"wdes-section-header-primary\">Nuestros Clientes, Nuestro \u00c9xito<\/h1><\/div><\/section>\t\t<\/div>\n\t\t\t\t<\/div>\n\t\t\t\t<div class=\"elementor-element elementor-element-57751654 elementor-widget elementor-widget-wdes_testimonials\" data-id=\"57751654\" data-element_type=\"widget\" data-widget_type=\"wdes_testimonials.default\">\n\t\t\t\t<div class=\"elementor-widget-container\">\n\t\t\t<div class=\"elementor-wdes_testimonials wdes-testimonials\"><div class=\"wdes-testimonials-instance owl-carousel owl-theme wdes-testimonials-comment-corner\" data-settings=\"{&quot;items&quot;:{&quot;desktop&quot;:3,&quot;tablet&quot;:false,&quot;mobile&quot;:false},&quot;autoplay&quot;:true,&quot;autoplayHoverPause&quot;:false,&quot;autoplaySpeed&quot;:500,&quot;loop&quot;:false,&quot;nav&quot;:true,&quot;dots&quot;:false,&quot;autoHeight&quot;:true,&quot;rtl&quot;:false}\"><div class=\"wdes-testimonials-item\" ><div class=\"wdes-testimonials-item-inner\" ><div class=\"wdes-testimonials-content\" ><div class=\"wdes-testimonials-image\" ><img decoding=\"async\" class=\"wdes-testimonials-image-tag\" src=\"https:\/\/onehostingeurope.com\/wp-content\/uploads\/2022\/12\/Home-TodaysBoat.png\" alt=\"Inicio-HoyBarco\" ><\/div><p class=\"wdes-testimonials-comment\" > <span>Para un novato total, toda esta experiencia fue sencilla y f\u00e1cil. Todav\u00eda comet\u00ed algunos errores, pero su servicio al cliente fue incre\u00edblemente informado y paciente.<\/span><\/p><div class=\"wdes-testimonials-name\" ><span>Manu Skaff<\/span><\/div><div class=\"wdes-testimonials-position\" > <span>Cliente<\/span><\/div><div class=\"wdes-testimonials-rating\" data-rating=\"5\" > <span><i class=\"active-star fas fa-star\" aria-hidden=\"true\" ><\/i><i class=\"active-star fas fa-star\" aria-hidden=\"true\" ><\/i><i class=\"active-star fas fa-star\" aria-hidden=\"true\" ><\/i><i class=\"active-star fas fa-star\" aria-hidden=\"true\" ><\/i><i class=\"active-star fas fa-star\" aria-hidden=\"true\" ><\/i><\/span><\/div><\/div><\/div><\/div><div class=\"wdes-testimonials-item\" ><div class=\"wdes-testimonials-item-inner\" ><div class=\"wdes-testimonials-content\" ><div class=\"wdes-testimonials-image\" ><img decoding=\"async\" class=\"wdes-testimonials-image-tag\" src=\"https:\/\/onehostingeurope.com\/wp-content\/uploads\/2022\/12\/Eliane-Adoul-Cannes-DIVORCE-DROIT-PENAL-ACCIDENT-1.png\" alt=\"-Eliane-Adoul-Cannes-DIVORCIO-DROIT-ACCIDENTE PENAL\" ><\/div><p class=\"wdes-testimonials-comment\" > <span>No puedo decir que haya tenido una interacci\u00f3n menos que satisfactoria con EliteHostingEurope en los 5 a\u00f1os que he estado usando sus servicios y sitio web. Creaci\u00f3n por equipo muy r\u00e1pido.<\/span><\/p><div class=\"wdes-testimonials-name\" ><span>Eliane Adoul<\/span><\/div><div class=\"wdes-testimonials-position\" > <span>Cliente<\/span><\/div><div class=\"wdes-testimonials-rating\" data-rating=\"5\" > <span><i class=\"active-star fas fa-star\" aria-hidden=\"true\" ><\/i><i class=\"active-star fas fa-star\" aria-hidden=\"true\" ><\/i><i class=\"active-star fas fa-star\" aria-hidden=\"true\" ><\/i><i class=\"active-star fas fa-star\" aria-hidden=\"true\" ><\/i><i class=\"active-star fas fa-star\" aria-hidden=\"true\" ><\/i><\/span><\/div><\/div><\/div><\/div><div class=\"wdes-testimonials-item\" ><div class=\"wdes-testimonials-item-inner\" ><div class=\"wdes-testimonials-content\" ><div class=\"wdes-testimonials-image\" ><img decoding=\"async\" class=\"wdes-testimonials-image-tag\" src=\"https:\/\/onehostingeurope.com\/wp-content\/uploads\/2022\/12\/Nettoyage-Auto-Moto-Bateau-Avion-Clean-PACA.png\" alt=\"Nettoyage-Auto-Moto-Bateau-Avion-Clean-PACA\" ><\/div><p class=\"wdes-testimonials-comment\" > <span>La experiencia que recib\u00ed fue excelente con respecto a su chat de servicio al cliente EN VIVO con Bo. Me tom\u00f3 un poco encontrar el chat en vivo, pero una vez que lo hice, el servicio fue excelente.<\/span><\/p><div class=\"wdes-testimonials-name\" ><span>christophe binet<\/span><\/div><div class=\"wdes-testimonials-position\" > <span>Cliente<\/span><\/div><div class=\"wdes-testimonials-rating\" data-rating=\"5\" > <span><i class=\"active-star fas fa-star\" aria-hidden=\"true\" ><\/i><i class=\"active-star fas fa-star\" aria-hidden=\"true\" ><\/i><i class=\"active-star fas fa-star\" aria-hidden=\"true\" ><\/i><i class=\"active-star fas fa-star\" aria-hidden=\"true\" ><\/i><i class=\"active-star fas fa-star\" aria-hidden=\"true\" ><\/i><\/span><\/div><\/div><\/div><\/div><div class=\"wdes-testimonials-item\" ><div class=\"wdes-testimonials-item-inner\" ><div class=\"wdes-testimonials-content\" ><div class=\"wdes-testimonials-image\" ><img decoding=\"async\" class=\"wdes-testimonials-image-tag\" src=\"https:\/\/onehostingeurope.com\/wp-content\/uploads\/2022\/12\/Home-OneBestMarine.png\" alt=\"Inicio-OneBestMarine\" ><\/div><p class=\"wdes-testimonials-comment\" > <span>\u00a1Rob hizo que mi experiencia fuera excelente! Nunca me hab\u00edan tratado con tanta paciencia un problema t\u00e9cnico que ten\u00eda. \u00a1Este es el SERVICIO AL CLIENTE del siguiente nivel! el mejor servicio!!!<\/span><\/p><div class=\"wdes-testimonials-name\" ><span>V\u00edctor Baud\u00edn<\/span><\/div><div class=\"wdes-testimonials-position\" > <span>Cliente<\/span><\/div><div class=\"wdes-testimonials-rating\" data-rating=\"5\" > <span><i class=\"active-star fas fa-star\" aria-hidden=\"true\" ><\/i><i class=\"active-star fas fa-star\" aria-hidden=\"true\" ><\/i><i class=\"active-star fas fa-star\" aria-hidden=\"true\" ><\/i><i class=\"active-star fas fa-star\" aria-hidden=\"true\" ><\/i><i class=\"active-star fas fa-star\" aria-hidden=\"true\" ><\/i><\/span><\/div><\/div><\/div><\/div><\/div><\/div>\t\t<\/div>\n\t\t\t\t<\/div>\n\t\t\t\t\t<\/div>\n\t\t<\/div>\n\t\t\t\t\t<\/div>\n\t\t<\/section>\n\t\t\t\t<section class=\"elementor-section elementor-top-section elementor-element elementor-element-29e0e88 elementor-section-boxed elementor-section-height-default elementor-section-height-default\" data-id=\"29e0e88\" data-element_type=\"section\" data-settings=\"{&quot;background_background&quot;:&quot;classic&quot;}\">\n\t\t\t\t\t\t<div class=\"elementor-container elementor-column-gap-default\">\n\t\t\t\t\t<div class=\"elementor-column elementor-col-100 elementor-top-column elementor-element elementor-element-cd6dbdd\" data-id=\"cd6dbdd\" data-element_type=\"column\">\n\t\t\t<div class=\"elementor-widget-wrap elementor-element-populated\">\n\t\t\t\t\t\t<div class=\"elementor-element elementor-element-aceb029 elementor-widget__width-initial elementor-widget-mobile__width-inherit elementor-widget elementor-widget-wdes-section-header-widget\" data-id=\"aceb029\" data-element_type=\"widget\" data-widget_type=\"wdes-section-header-widget.default\">\n\t\t\t\t<div class=\"elementor-widget-container\">\n\t\t\t<section class=\"widget-content wdes-widget-section-header\"><div class=\"wdes-widget-inner wdes-text-align-center\"><h1 class=\"wdes-section-header-primary\">30 d\u00edas de garant\u00eda de devoluci\u00f3n de dinero<\/h1><div class=\"wdes-section-header-description\">Si no est\u00e1 satisfecho con nuestros servicios por cualquier motivo, le reembolsaremos su pago. Sin complicaciones, sin riesgos.<\/div><\/div><\/section>\t\t<\/div>\n\t\t\t\t<\/div>\n\t\t\t\t\t<\/div>\n\t\t<\/div>\n\t\t\t\t\t<\/div>\n\t\t<\/section>\n\t\t\t\t<\/div>","protected":false},"excerpt":{"rendered":"<p>Construimos la web moderna \u00bfYa tienes un sitio web? Dale el hogar que se merece. Con tiempos de carga l\u00edderes en la industria. Explorar carreras Encuentra el trabajo de tus sue\u00f1os con nosotros. Informaci\u00f3n de prensa \u00bfEscribir o hablar de nosotros? Echa un vistazo a nuestros trabajos Explora todas las cosas. Liderazgo Conozca a nuestro equipo de liderazgo. Nuestras habilidades y experiencia Comience por definir el problema. [\u2026]<\/p>","protected":false},"author":1,"featured_media":0,"parent":0,"menu_order":0,"comment_status":"closed","ping_status":"closed","template":"","meta":{"footnotes":""},"class_list":["post-583","page","type-page","status-publish","hentry"],"_links":{"self":[{"href":"https:\/\/onehostingeurope.com\/es\/wp-json\/wp\/v2\/pages\/583","targetHints":{"allow":["GET"]}}],"collection":[{"href":"https:\/\/onehostingeurope.com\/es\/wp-json\/wp\/v2\/pages"}],"about":[{"href":"https:\/\/onehostingeurope.com\/es\/wp-json\/wp\/v2\/types\/page"}],"author":[{"embeddable":true,"href":"https:\/\/onehostingeurope.com\/es\/wp-json\/wp\/v2\/users\/1"}],"replies":[{"embeddable":true,"href":"https:\/\/onehostingeurope.com\/es\/wp-json\/wp\/v2\/comments?post=583"}],"version-history":[{"count":28,"href":"https:\/\/onehostingeurope.com\/es\/wp-json\/wp\/v2\/pages\/583\/revisions"}],"predecessor-version":[{"id":1610,"href":"https:\/\/onehostingeurope.com\/es\/wp-json\/wp\/v2\/pages\/583\/revisions\/1610"}],"wp:attachment":[{"href":"https:\/\/onehostingeurope.com\/es\/wp-json\/wp\/v2\/media?parent=583"}],"curies":[{"name":"wp","href":"https:\/\/api.w.org\/{rel}","templated":true}]}}