{"id":457,"date":"2020-12-16T20:00:24","date_gmt":"2020-12-16T20:00:24","guid":{"rendered":"https:\/\/phox.whmcsdes.com\/shiny\/?page_id=457"},"modified":"2022-12-20T11:41:49","modified_gmt":"2022-12-20T11:41:49","slug":"domains","status":"publish","type":"page","link":"https:\/\/onehostingeurope.com\/es\/dominios\/","title":{"rendered":"Dominios"},"content":{"rendered":"<div data-elementor-type=\"wp-page\" data-elementor-id=\"457\" class=\"elementor elementor-457\" data-elementor-post-type=\"page\">\n\t\t\t\t\t\t<section class=\"elementor-section elementor-top-section elementor-element elementor-element-d97e629 elementor-section-boxed elementor-section-height-default elementor-section-height-default\" data-id=\"d97e629\" data-element_type=\"section\" data-settings=\"{&quot;background_background&quot;:&quot;classic&quot;,&quot;shape_divider_bottom&quot;:&quot;tilt&quot;}\">\n\t\t\t\t\t\t\t<div class=\"elementor-background-overlay\"><\/div>\n\t\t\t\t\t\t<div class=\"elementor-shape elementor-shape-bottom\" data-negative=\"false\">\n\t\t\t<svg xmlns=\"http:\/\/www.w3.org\/2000\/svg\" viewbox=\"0 0 1000 100\" preserveaspectratio=\"none\">\n\t<path class=\"elementor-shape-fill\" d=\"M0,6V0h1000v100L0,6z\"><\/path>\n<\/svg>\t\t<\/div>\n\t\t\t\t\t<div class=\"elementor-container elementor-column-gap-default\">\n\t\t\t\t\t<div class=\"elementor-column elementor-col-50 elementor-top-column elementor-element elementor-element-e4ee8f5\" data-id=\"e4ee8f5\" data-element_type=\"column\">\n\t\t\t<div class=\"elementor-widget-wrap elementor-element-populated\">\n\t\t\t\t\t\t<section class=\"elementor-section elementor-inner-section elementor-element elementor-element-6ed0836e elementor-section-boxed elementor-section-height-default elementor-section-height-default\" data-id=\"6ed0836e\" data-element_type=\"section\" data-settings=\"{&quot;background_background&quot;:&quot;classic&quot;}\">\n\t\t\t\t\t\t<div class=\"elementor-container elementor-column-gap-default\">\n\t\t\t\t\t<div class=\"elementor-column elementor-col-50 elementor-inner-column elementor-element elementor-element-5d88b68f\" data-id=\"5d88b68f\" data-element_type=\"column\">\n\t\t\t<div class=\"elementor-widget-wrap elementor-element-populated\">\n\t\t\t\t\t\t<div class=\"elementor-element elementor-element-56019f0 elementor-widget-mobile__width-inherit elementor-widget elementor-widget-wdes-section-header-widget\" data-id=\"56019f0\" data-element_type=\"widget\" data-widget_type=\"wdes-section-header-widget.default\">\n\t\t\t\t<div class=\"elementor-widget-container\">\n\t\t\t<section class=\"widget-content wdes-widget-section-header\"><div class=\"wdes-widget-inner wdes-text-align-left\"><h1 class=\"wdes-section-header-primary\">Conf\u00ede su sitio al servidor web #1 del mundo.<\/h1><\/div><\/section>\t\t<\/div>\n\t\t\t\t<\/div>\n\t\t\t\t\t<\/div>\n\t\t<\/div>\n\t\t\t\t<div class=\"elementor-column elementor-col-50 elementor-inner-column elementor-element elementor-element-17b8e189\" data-id=\"17b8e189\" data-element_type=\"column\">\n\t\t\t<div class=\"elementor-widget-wrap elementor-element-populated\">\n\t\t\t\t\t\t<div class=\"elementor-element elementor-element-1a79f5c2 elementor-align-right elementor-mobile-align-center elementor-widget-mobile__width-inherit elementor-widget elementor-widget-button\" data-id=\"1a79f5c2\" data-element_type=\"widget\" data-widget_type=\"button.default\">\n\t\t\t\t<div class=\"elementor-widget-container\">\n\t\t\t\t\t\t\t<div class=\"elementor-button-wrapper\">\n\t\t\t\t\t<a class=\"elementor-button elementor-button-link elementor-size-sm\" href=\"#\">\n\t\t\t\t\t\t<span class=\"elementor-button-content-wrapper\">\n\t\t\t\t\t\t\t\t\t<span class=\"elementor-button-text\">Comenzar<\/span>\n\t\t\t\t\t<\/span>\n\t\t\t\t\t<\/a>\n\t\t\t\t<\/div>\n\t\t\t\t\t\t<\/div>\n\t\t\t\t<\/div>\n\t\t\t\t\t<\/div>\n\t\t<\/div>\n\t\t\t\t\t<\/div>\n\t\t<\/section>\n\t\t\t\t<div class=\"elementor-element elementor-element-7dc3938a elementor-widget elementor-widget-wdes-section-header-widget\" data-id=\"7dc3938a\" data-element_type=\"widget\" data-widget_type=\"wdes-section-header-widget.default\">\n\t\t\t\t<div class=\"elementor-widget-container\">\n\t\t\t<section class=\"widget-content wdes-widget-section-header\"><div class=\"wdes-widget-inner wdes-text-align-left\"><h1 class=\"wdes-section-header-primary\">Todo comienza con un nombre de dominio<\/h1><div class=\"wdes-section-header-description\">\u00a1Use Domain Checker para encontrar dominios \u00fanicos!<\/div><\/div><\/section>\t\t<\/div>\n\t\t\t\t<\/div>\n\t\t\t\t<div class=\"elementor-element elementor-element-70166fdf elementor-widget__width-auto elementor-align-left elementor-mobile-align-center elementor-widget elementor-widget-button\" data-id=\"70166fdf\" data-element_type=\"widget\" data-widget_type=\"button.default\">\n\t\t\t\t<div class=\"elementor-widget-container\">\n\t\t\t\t\t\t\t<div class=\"elementor-button-wrapper\">\n\t\t\t\t\t<a class=\"elementor-button elementor-button-link elementor-size-sm\" href=\"#\">\n\t\t\t\t\t\t<span class=\"elementor-button-content-wrapper\">\n\t\t\t\t\t\t<span class=\"elementor-button-icon\">\n\t\t\t\t<i aria-hidden=\"true\" class=\"fas fa-angle-right\"><\/i>\t\t\t<\/span>\n\t\t\t\t\t\t\t\t\t<span class=\"elementor-button-text\">Empezar ahora<\/span>\n\t\t\t\t\t<\/span>\n\t\t\t\t\t<\/a>\n\t\t\t\t<\/div>\n\t\t\t\t\t\t<\/div>\n\t\t\t\t<\/div>\n\t\t\t\t<div class=\"elementor-element elementor-element-44f0d5e4 elementor-widget__width-auto elementor-mobile-align-center elementor-widget elementor-widget-button\" data-id=\"44f0d5e4\" data-element_type=\"widget\" data-widget_type=\"button.default\">\n\t\t\t\t<div class=\"elementor-widget-container\">\n\t\t\t\t\t\t\t<div class=\"elementor-button-wrapper\">\n\t\t\t\t\t<a class=\"elementor-button elementor-button-link elementor-size-sm\" href=\"#\">\n\t\t\t\t\t\t<span class=\"elementor-button-content-wrapper\">\n\t\t\t\t\t\t<span class=\"elementor-button-icon\">\n\t\t\t\t<i aria-hidden=\"true\" class=\"fas fa-angle-right\"><\/i>\t\t\t<\/span>\n\t\t\t\t\t\t\t\t\t<span class=\"elementor-button-text\">Contactar con ventas<\/span>\n\t\t\t\t\t<\/span>\n\t\t\t\t\t<\/a>\n\t\t\t\t<\/div>\n\t\t\t\t\t\t<\/div>\n\t\t\t\t<\/div>\n\t\t\t\t\t<\/div>\n\t\t<\/div>\n\t\t\t\t<div class=\"elementor-column elementor-col-50 elementor-top-column elementor-element elementor-element-21051d23\" data-id=\"21051d23\" data-element_type=\"column\">\n\t\t\t<div class=\"elementor-widget-wrap elementor-element-populated\">\n\t\t\t\t\t\t<div class=\"elementor-element elementor-element-4bd75333 elementor-invisible elementor-widget elementor-widget-image\" data-id=\"4bd75333\" data-element_type=\"widget\" data-settings=\"{&quot;_animation&quot;:&quot;fadeInRight&quot;}\" data-widget_type=\"image.default\">\n\t\t\t\t<div class=\"elementor-widget-container\">\n\t\t\t\t\t\t\t\t\t\t\t\t\t<img fetchpriority=\"high\" decoding=\"async\" width=\"467\" height=\"350\" src=\"https:\/\/onehostingeurope.com\/wp-content\/uploads\/2020\/12\/phox-data.png\" class=\"attachment-full size-full wp-image-100\" alt=\"\" srcset=\"https:\/\/onehostingeurope.com\/wp-content\/uploads\/2020\/12\/phox-data.png 467w, https:\/\/onehostingeurope.com\/wp-content\/uploads\/2020\/12\/phox-data-416x312.png 416w, https:\/\/onehostingeurope.com\/wp-content\/uploads\/2020\/12\/phox-data-300x225.png 300w\" sizes=\"(max-width: 467px) 100vw, 467px\" \/>\t\t\t\t\t\t\t\t\t\t\t\t\t<\/div>\n\t\t\t\t<\/div>\n\t\t\t\t\t<\/div>\n\t\t<\/div>\n\t\t\t\t\t<\/div>\n\t\t<\/section>\n\t\t\t\t<section class=\"elementor-section elementor-top-section elementor-element elementor-element-5047301 elementor-section-boxed elementor-section-height-default elementor-section-height-default\" data-id=\"5047301\" data-element_type=\"section\">\n\t\t\t\t\t\t<div class=\"elementor-container elementor-column-gap-default\">\n\t\t\t\t\t<div class=\"elementor-column elementor-col-25 elementor-top-column elementor-element elementor-element-0ece501\" data-id=\"0ece501\" data-element_type=\"column\">\n\t\t\t<div class=\"elementor-widget-wrap\">\n\t\t\t\t\t\t\t<\/div>\n\t\t<\/div>\n\t\t\t\t<div class=\"elementor-column elementor-col-50 elementor-top-column elementor-element elementor-element-3807dac\" data-id=\"3807dac\" data-element_type=\"column\">\n\t\t\t<div class=\"elementor-widget-wrap elementor-element-populated\">\n\t\t\t\t\t\t<div class=\"elementor-element elementor-element-05e2c3f elementor-widget elementor-widget-wdes-forms-widget\" data-id=\"05e2c3f\" data-element_type=\"widget\" data-widget_type=\"wdes-forms-widget.default\">\n\t\t\t\t<div class=\"elementor-widget-container\">\n\t\t\t        <div class=\"domain-element-wdes\">\n            <div id=\"wdes-domain-search\">\n                <form id=\"wdes-domain-form\" class=\"domain-search-area-main\" method=\"post\" action=\"https:\/\/whmcsdes.com\/ca\/domainchecker.php\" data-setting=\"{&quot;spinnerIcon&quot;:&quot;fas fa-circle-notch&quot;,&quot;suggestionsSpinnerIcon&quot;:&quot;fas fas-circle-notch&quot;,&quot;whois_button&quot;:&quot;s\u00ed&quot;,&quot;transfer_button&quot;:&quot;&quot;}\" data-no-translation-data-setting=\"\" data-trp-original-action=\"https:\/\/whmcsdes.com\/ca\/domainchecker.php\">\n                    <div class=\"domain-form-wrapper\">\n\t\t\t\t\t\t<input type=\"hidden\" name=\"token\" value=\"0811bf819565bf8142cc613d099e85a27ec1204c\"\/>\n                        <input id=\"wdes-domain\" class=\"sea-dom\" type=\"search\" name=\"domain\" placeholder=\"ejemplo.com\"\/>\n\n                        <input type=\"hidden\" id=\"wdes_lup\" name=\"wdes_lup\" value=\"lup-1\"\/>\n\n                                                    <input id=\"wdes-search\" class=\"reg-dom\" type=\"submit\" value=\"Controlar\"\/>\n                        \n                        \n                    <\/div>\n                    <div id=\"dc-error-message-invalid\" class=\"d-none\">\n                        <i class=\"fas fa-exclamation-circle\"><\/i>\n                        <p class=\"text-h-warning\" data-no-translation=\"\" data-trp-gettext=\"\">Nombre de dominio inv\u00e1lido<\/p>\n                    <\/div>\n\n                    <div id=\"dc-error-message-unsupported\" class=\"d-none\">\n                        <i class=\"fas fa-exclamation-circle\"><\/i>\n                        <p class=\"text-h-warning\" data-no-translation=\"\" data-trp-gettext=\"\">No somos compatibles con esta extensi\u00f3n.<\/p>\n                    <\/div>\n\n                    <div class=\"extensions-block\">\n\t\t\t\t\t\t\n\t\t\t\t\t\t\t\t\t\t\t\t\t\t\t\t\t\t\t\t\t\t\t                                    <a href=\"#\" class=\"block elementor-repeater-item-acce7bd inline\">\n\t\t\t\t\t\t\t\t\t\t\n\t\t\t\t\t\t\t\t\t\t\t\t\t\t\t\t\t\t\t\t\t\t\t                                                    <span class=\"domain-ext-name\">.com<\/span>\n\t\t\t\t\t\t\t\t\t\t\t\t\t\t\t\t\t\t\t\t\t\t\t\t\t\t\t\t\t\t\t\t\t\t                                            <div class=\"price-extention-domain-wdes\">\n\t\t\t\t\t\t\t\t\t\t\t\t                                                    <span class=\"dollar-sign-wdes\">&#036;<\/span>\n                                                    <span class=\"direct-price-extention-domain-wdes\">12.99<\/span>\n\t\t\t\t\t\t\t\t\t\t\t\t                                            <\/div>\n\t\t\t\t\t\t\t\t\t\t                                    <\/a>\n\t\t\t\t\t\t\t\t\t\t\t\t\t\t\t\t\t\t\t\t\t\t\t\t\t\t\t\t\t\n\t\t\t\t\t\t\t\t\t\t\t\t\t\t\t\t\t\t\t\t\t\t\t                                    <a href=\"#\" class=\"block elementor-repeater-item-9275b4b inline\">\n\t\t\t\t\t\t\t\t\t\t\n\t\t\t\t\t\t\t\t\t\t\t\t\t\t\t\t\t\t\t\t\t\t\t                                                    <span class=\"domain-ext-name\">.red<\/span>\n\t\t\t\t\t\t\t\t\t\t\t\t\t\t\t\t\t\t\t\t\t\t\t\t\t\t\t\t\t\t\t\t\t\t                                            <div class=\"price-extention-domain-wdes\">\n\t\t\t\t\t\t\t\t\t\t\t\t                                                    <span class=\"dollar-sign-wdes\">&#036;<\/span>\n                                                    <span class=\"direct-price-extention-domain-wdes\">12.99<\/span>\n\t\t\t\t\t\t\t\t\t\t\t\t                                            <\/div>\n\t\t\t\t\t\t\t\t\t\t                                    <\/a>\n\t\t\t\t\t\t\t\t\t\t\t\t\t\t\t\t\t\t\t\t\t\t\t\t\t\t\t\t\t\n\t\t\t\t\t\t\t\t\t\t\t\t\t\t\t\t\t\t\t\t\t\t\t                                    <a href=\"#\" class=\"block elementor-repeater-item-de7dd7c inline\">\n\t\t\t\t\t\t\t\t\t\t\n\t\t\t\t\t\t\t\t\t\t\t\t\t\t\t\t\t\t\t\t\t\t\t                                                    <span class=\"domain-ext-name\">.org<\/span>\n\t\t\t\t\t\t\t\t\t\t\t\t\t\t\t\t\t\t\t\t\t\t\t\t\t\t\t\t\t\t\t\t\t\t                                            <div class=\"price-extention-domain-wdes\">\n\t\t\t\t\t\t\t\t\t\t\t\t                                                    <span class=\"dollar-sign-wdes\">&#036;<\/span>\n                                                    <span class=\"direct-price-extention-domain-wdes\">12.99<\/span>\n\t\t\t\t\t\t\t\t\t\t\t\t                                            <\/div>\n\t\t\t\t\t\t\t\t\t\t                                    <\/a>\n\t\t\t\t\t\t\t\t\t\t\t\t\t\t\t\t\t\t\t\t\t\t\t\t\t\t\t\t\t\n\t\t\t\t\t\t\t\t\t\t\t\t\t\t\t\t\t\t\t\t\t\t\t                                    <a href=\"#\" class=\"block elementor-repeater-item-e767155 inline\">\n\t\t\t\t\t\t\t\t\t\t\n\t\t\t\t\t\t\t\t\t\t\t\t\t\t\t\t\t\t\t\t\t\t\t                                                    <span class=\"domain-ext-name\">.club<\/span>\n\t\t\t\t\t\t\t\t\t\t\t\t\t\t\t\t\t\t\t\t\t\t\t\t\t\t\t\t\t\t\t\t\t\t                                            <div class=\"price-extention-domain-wdes\">\n\t\t\t\t\t\t\t\t\t\t\t\t                                                    <span class=\"dollar-sign-wdes\">&#036;<\/span>\n                                                    <span class=\"direct-price-extention-domain-wdes\">12.99<\/span>\n\t\t\t\t\t\t\t\t\t\t\t\t                                            <\/div>\n\t\t\t\t\t\t\t\t\t\t                                    <\/a>\n\t\t\t\t\t\t\t\t\t\t\t\t\t\t\t\t\t\t\t\t\t\t\t\t\t\t\t\t\t\n\t\t\t\t\t\t\t\t\t\t\t\t\t\t\t\t\t\t\t\t\t\t\t                                    <a href=\"#\" class=\"block elementor-repeater-item-e234e3b inline\">\n\t\t\t\t\t\t\t\t\t\t\n\t\t\t\t\t\t\t\t\t\t\t\t\t\t\t\t\t\t\t\t\t\t\t                                                    <span class=\"domain-ext-name\">.info<\/span>\n\t\t\t\t\t\t\t\t\t\t\t\t\t\t\t\t\t\t\t\t\t\t\t\t\t\t\t\t\t\t\t\t\t\t                                            <div class=\"price-extention-domain-wdes\">\n\t\t\t\t\t\t\t\t\t\t\t\t                                                    <span class=\"dollar-sign-wdes\">&#036;<\/span>\n                                                    <span class=\"direct-price-extention-domain-wdes\">12.99<\/span>\n\t\t\t\t\t\t\t\t\t\t\t\t                                            <\/div>\n\t\t\t\t\t\t\t\t\t\t                                    <\/a>\n\t\t\t\t\t\t\t\t\t\t\t\t\t\t\t\t\t\t\t\t\t\t\t\t\t\t\t\t\t                    <\/div>\n\n\t\t\t\t\t\n                    <div id=\"preloader-resource\" data-priority-tlds='[{\"tld\":\"domain-com\",\"price\":\"&#36;12.99\"},{\"tld\":\"domain-net\",\"price\":\"&#36;12.99\"},{\"tld\":\"domain-org\",\"price\":\"&#36;12.99\"},{\"tld\":\"domain-club\",\"price\":\"&#36;12.99\"},{\"tld\":\"domain-info\",\"price\":\"&#36;12.99\"}]' data-priority-local-tlds='[]'><\/div>\n                    <!-- Result section-->\n                    <div id=\"wdes-domain-results\" class=\"domain-results-box\">\n                        <!-- Modal -->\n                        <div id=\"wdesDomainWhois\" class=\"modal micromodal-slide\" aria-hidden=\"true\">\n                            <div class=\"modal__overlay\" tabindex=\"-1\" data-micromodal-close>\n                                <div class=\"modal__container\" role=\"dialog\" aria-modal=\"true\" aria-labelledby=\"wdesDomainWhois-title\">\n                                    <header class=\"modal__header\">\n                                        <h2 class=\"modal__title\" id=\"wdesDomainWhoisLabel\" data-no-translation=\"\" data-trp-gettext=\"\">B\u00fasqueda Whois de Dominio<\/h2>\n                                        <button class=\"modal__close\" data-micromodal-close aria-label=\"Cerrar esta ventana de di\u00e1logo\"><\/button>\n                                    <\/header>\n                                    <main class=\"modal__content\" id=\"wdesDomainWhois-content\"><\/main>\n                                <\/div>\n                            <\/div>\n                        <\/div>\n                    <\/div>\n\n                    <input type=\"hidden\" name=\"trp-form-language\" value=\"es\"\/><\/form><\/div><\/div><\/div><\/div><\/div><\/div><\/div><\/section><\/div> <a href=\"https:\/\/onehostingeurope.com\/es\/dominios\/#more-457\" class=\"more-link elementor-more-link\"><span aria-label=\"Sigue leyendo Domains\" data-no-translation-aria-label=\"\">secci\u00f3n de opciones<\/span><\/a>","protected":false},"excerpt":{"rendered":"<p>Conf\u00ede su sitio web al mejor proveedor de alojamiento web del mundo. \u00a1Comience con un nombre de dominio! Use el Comprobador de Dominios para encontrar dominios \u00fanicos. \u00a1Comience ahora! Contacte con ventas. Nombre de dominio no v\u00e1lido. No admitimos esta extensi\u00f3n. .com $ 12.99 .net $ 12.99 .org $ 12.99 .club $ 12.99 .info $ 12.99. B\u00fasqueda Whois del dominio.<\/p>","protected":false},"author":1,"featured_media":0,"parent":0,"menu_order":0,"comment_status":"closed","ping_status":"closed","template":"","meta":{"footnotes":""},"class_list":["post-457","page","type-page","status-publish","hentry"],"_links":{"self":[{"href":"https:\/\/onehostingeurope.com\/es\/wp-json\/wp\/v2\/pages\/457","targetHints":{"allow":["GET"]}}],"collection":[{"href":"https:\/\/onehostingeurope.com\/es\/wp-json\/wp\/v2\/pages"}],"about":[{"href":"https:\/\/onehostingeurope.com\/es\/wp-json\/wp\/v2\/types\/page"}],"author":[{"embeddable":true,"href":"https:\/\/onehostingeurope.com\/es\/wp-json\/wp\/v2\/users\/1"}],"replies":[{"embeddable":true,"href":"https:\/\/onehostingeurope.com\/es\/wp-json\/wp\/v2\/comments?post=457"}],"version-history":[{"count":1,"href":"https:\/\/onehostingeurope.com\/es\/wp-json\/wp\/v2\/pages\/457\/revisions"}],"predecessor-version":[{"id":836,"href":"https:\/\/onehostingeurope.com\/es\/wp-json\/wp\/v2\/pages\/457\/revisions\/836"}],"wp:attachment":[{"href":"https:\/\/onehostingeurope.com\/es\/wp-json\/wp\/v2\/media?parent=457"}],"curies":[{"name":"wp","href":"https:\/\/api.w.org\/{rel}","templated":true}]}}