{"id":2496,"date":"2024-06-03T12:47:14","date_gmt":"2024-06-03T12:47:14","guid":{"rendered":"https:\/\/onehostingeurope.com\/?page_id=2496"},"modified":"2024-06-03T13:31:53","modified_gmt":"2024-06-03T13:31:53","slug":"youtube-monetization","status":"publish","type":"page","link":"https:\/\/onehostingeurope.com\/es\/monetizacion-de-youtube\/","title":{"rendered":"Monetizaci\u00f3n de YouTube"},"content":{"rendered":"<div data-elementor-type=\"wp-page\" data-elementor-id=\"2496\" class=\"elementor elementor-2496\" data-elementor-post-type=\"page\">\n\t\t\t\t\t\t<section class=\"elementor-section elementor-top-section elementor-element elementor-element-26f1137 elementor-section-boxed elementor-section-height-default elementor-section-height-default\" data-id=\"26f1137\" data-element_type=\"section\">\n\t\t\t\t\t\t<div class=\"elementor-container elementor-column-gap-default\">\n\t\t\t\t\t<div class=\"elementor-column elementor-col-100 elementor-top-column elementor-element elementor-element-2e7b5e9\" data-id=\"2e7b5e9\" data-element_type=\"column\">\n\t\t\t<div class=\"elementor-widget-wrap elementor-element-populated\">\n\t\t\t\t\t\t<div class=\"elementor-element elementor-element-36cb380 elementor-widget elementor-widget-image\" data-id=\"36cb380\" data-element_type=\"widget\" data-widget_type=\"image.default\">\n\t\t\t\t<div class=\"elementor-widget-container\">\n\t\t\t\t\t\t\t\t\t\t\t\t\t<img fetchpriority=\"high\" decoding=\"async\" width=\"1920\" height=\"1080\" src=\"https:\/\/onehostingeurope.com\/wp-content\/uploads\/2024\/05\/How-To-Promote-Music-in-2025-1.png\" class=\"attachment-full size-full wp-image-2315\" alt=\"\" srcset=\"https:\/\/onehostingeurope.com\/wp-content\/uploads\/2024\/05\/How-To-Promote-Music-in-2025-1.png 1920w, https:\/\/onehostingeurope.com\/wp-content\/uploads\/2024\/05\/How-To-Promote-Music-in-2025-1-300x169.png 300w, https:\/\/onehostingeurope.com\/wp-content\/uploads\/2024\/05\/How-To-Promote-Music-in-2025-1-1024x576.png 1024w, https:\/\/onehostingeurope.com\/wp-content\/uploads\/2024\/05\/How-To-Promote-Music-in-2025-1-768x432.png 768w, https:\/\/onehostingeurope.com\/wp-content\/uploads\/2024\/05\/How-To-Promote-Music-in-2025-1-1536x864.png 1536w, https:\/\/onehostingeurope.com\/wp-content\/uploads\/2024\/05\/How-To-Promote-Music-in-2025-1-18x10.png 18w, https:\/\/onehostingeurope.com\/wp-content\/uploads\/2024\/05\/How-To-Promote-Music-in-2025-1-416x234.png 416w\" sizes=\"(max-width: 1920px) 100vw, 1920px\" \/>\t\t\t\t\t\t\t\t\t\t\t\t\t<\/div>\n\t\t\t\t<\/div>\n\t\t\t\t\t<\/div>\n\t\t<\/div>\n\t\t\t\t\t<\/div>\n\t\t<\/section>\n\t\t\t\t<section class=\"elementor-section elementor-top-section elementor-element elementor-element-cf00e2b elementor-section-boxed elementor-section-height-default elementor-section-height-default\" data-id=\"cf00e2b\" data-element_type=\"section\">\n\t\t\t\t\t\t<div class=\"elementor-container elementor-column-gap-default\">\n\t\t\t\t\t<div class=\"elementor-column elementor-col-100 elementor-top-column elementor-element elementor-element-aa47348\" data-id=\"aa47348\" data-element_type=\"column\">\n\t\t\t<div class=\"elementor-widget-wrap elementor-element-populated\">\n\t\t\t\t\t\t<div class=\"elementor-element elementor-element-4cf4cf5 elementor-widget elementor-widget-heading\" data-id=\"4cf4cf5\" data-element_type=\"widget\" data-widget_type=\"heading.default\">\n\t\t\t\t<div class=\"elementor-widget-container\">\n\t\t\t<h2 class=\"elementor-heading-title elementor-size-default\">Paquete de monetizaci\u00f3n de YouTube<\/h2>\t\t<\/div>\n\t\t\t\t<\/div>\n\t\t\t\t<div class=\"elementor-element elementor-element-c2cde6a elementor-widget elementor-widget-text-editor\" data-id=\"c2cde6a\" data-element_type=\"widget\" data-widget_type=\"text-editor.default\">\n\t\t\t\t<div class=\"elementor-widget-container\">\n\t\t\t\t\t\t\t<p style=\"text-align: center;\">Hoy vamos a hablar sobre c\u00f3mo aumentar las horas de reproducci\u00f3n en tu canal de YouTube. Para ello discutiremos varias cuestiones: secretos clave que te ayudar\u00e1n a&nbsp;<b>aumenta tus horas de visualizaci\u00f3n de YouTube<\/b>, qu\u00e9 es el contenido imperecedero y c\u00f3mo podemos ayudarle.<\/p>\n<h2 style=\"text-align: center;\">Estas son las razones por las que necesita un tiempo de visualizaci\u00f3n m\u00e1s prolongado.<\/h2>\n<p><\/p>\n<ol>\n<li style=\"list-style-type: none;\">\n<ol>\n<li><b>En primer lugar, es importante para la monetizaci\u00f3n de YouTube.<\/b><\/li>\n<\/ol>\n<\/li>\n<\/ol>\n<p><ins>Se deben cumplir tres condiciones principales para conectar la monetizaci\u00f3n:<\/ins><\/p>\n<ol>\n<li style=\"list-style-type: none;\">\n<ol>\n<li style=\"list-style-type: none;\">\n<ul>\n<li>El canal debe cumplir con las reglas de YouTube. La lista de reglas se muestra a los usuarios al registrarse en la plataforma, tambi\u00e9n siempre podr\u00e1s encontrarlas en el men\u00fa, secci\u00f3n &#039;Reglas y Seguridad&#039;. Es importante que el autor no tenga huelgas ni advertencias;<\/li>\n<li>En los \u00faltimos 12 meses, el canal debe tener al menos&nbsp;<ins>4000 horas de visualizaci\u00f3n en YouTube<\/ins>. No es necesario esperar 12 meses, lo principal es tener la cantidad de horas requerida;<\/li>\n<li>El canal de YouTube debe tener al menos 1.000 suscriptores.<\/li>\n<\/ul>\n<\/li>\n<\/ol>\n<\/li>\n<\/ol>\n<ol>\n<li style=\"list-style-type: none;\">\n<ol>\n<li><b>Los algoritmos de YouTube tambi\u00e9n se ven afectados por el tiempo de visualizaci\u00f3n.<\/b><\/li>\n<\/ol>\n<\/li>\n<\/ol>\n<p>Cuando te ven mucho, es m\u00e1s probable que te recomienden cuentas relacionadas con el tema de tus v\u00eddeos de YouTube. Los me gusta, los comentarios y los seguidores son importantes para llegar a la cima de YouTube, pero tambi\u00e9n lo son las horas de visualizaci\u00f3n. Los representantes y el personal de YouTube citan peri\u00f3dicamente el tiempo de visualizaci\u00f3n como una &quot;m\u00e9trica importante para promocionar v\u00eddeos de YouTube&quot;. Descubramos el secreto clave de este tema: es&nbsp;<b>INCRE\u00cdBLEMENTE IMPORTANTE<\/b>&nbsp;para optimizar los primeros 15 segundos de tu v\u00eddeo.<\/p>\n<p><b>La mayor\u00eda de los espectadores se van en los primeros 15 segundos de visualizaci\u00f3n. \u00bfPor qu\u00e9 pas\u00f3 esto?<\/b>&nbsp;La mayor\u00eda de las veces esto sucede porque el t\u00edtulo del v\u00eddeo o la imagen de vista previa no coincide con su contenido. La vista previa en miniatura de YouTube y el t\u00edtulo del v\u00eddeo deben estar en armon\u00eda con el comienzo del v\u00eddeo. Esto se hace para que cuando una persona entre al video, entienda que est\u00e1 en el lugar correcto.<\/p>\n<p>Por ejemplo, el v\u00eddeo se llama &#039;Los lugares m\u00e1s bellos de Par\u00eds&#039;. El espectador lo abre e inmediatamente comprende que el v\u00eddeo trata realmente sobre la ciudad. Es diferente cuando abre el v\u00eddeo y hay una introducci\u00f3n del autor, que saluda al espectador durante 30 segundos y luego dice algo sobre un tema distra\u00eddo durante otros 40 segundos. No puedes hacer eso, porque&nbsp;<ins>Los primeros 15 segundos son un momento muy crucial.<\/ins>&nbsp;que debes interesar al espectador. Al principio, debes mostrar lo que suceder\u00e1 en el video. En este caso, el espectador comprende inmediatamente desde los primeros segundos lo que suceder\u00e1 a continuaci\u00f3n. Si tienes un canal de entretenimiento, en los primeros 15 segundos al comienzo del video puedes hacer un mini-trailer, una edici\u00f3n de los momentos m\u00e1s interesantes.<\/p>\n<p>Cuando miran v\u00eddeos de YouTube para entretenerse, la gente busca algo interesante. Es necesario evocar en el espectador un sentimiento de &#039;GUAU, tengo que saber qu\u00e9 pasa despu\u00e9s&#039;. As\u00ed que definitivamente debes hacerlo intrigante, mostrar los momentos m\u00e1s interesantes y geniales.<\/p>\n<ol>\n<li style=\"list-style-type: none;\">\n<ol>\n<li><b>\u00a1NO PROLONGUES EL PRINCIPIO!<\/b><\/li>\n<\/ol>\n<\/li>\n<\/ol>\n<p>El siguiente error que cometen muchas personas (especialmente aquellas que ya est\u00e1n introduciendo intriga al principio de sus v\u00eddeos) es retrasar el proceso. De hecho, el retraso no exceder\u00e1 los 15 segundos. Muy a menudo la gente se salta un comienzo demasiado largo o simplemente apaga el v\u00eddeo. As\u00ed que recuerda: al principio tienes que contar tu v\u00eddeo, hacer una intriga de quince segundos, nada m\u00e1s.<\/p>\t\t\t\t\t\t<\/div>\n\t\t\t\t<\/div>\n\t\t\t\t\t<\/div>\n\t\t<\/div>\n\t\t\t\t\t<\/div>\n\t\t<\/section>\n\t\t\t\t<section class=\"elementor-section elementor-top-section elementor-element elementor-element-cb8f788 elementor-section-boxed elementor-section-height-default elementor-section-height-default\" data-id=\"cb8f788\" data-element_type=\"section\">\n\t\t\t\t\t\t<div class=\"elementor-container elementor-column-gap-default\">\n\t\t\t\t\t<div class=\"elementor-column elementor-col-33 elementor-top-column elementor-element elementor-element-b525d2f\" data-id=\"b525d2f\" data-element_type=\"column\">\n\t\t\t<div class=\"elementor-widget-wrap elementor-element-populated\">\n\t\t\t\t\t\t<div class=\"elementor-element elementor-element-56bd701 elementor-widget elementor-widget-price-table\" data-id=\"56bd701\" data-element_type=\"widget\" data-widget_type=\"price-table.default\">\n\t\t\t\t<div class=\"elementor-widget-container\">\n\t\t\t\n\t\t<div class=\"elementor-price-table\">\n\t\t\t\t\t\t\t<div class=\"elementor-price-table__header\">\n\t\t\t\t\t\t\t\t\t\t\t<h3 class=\"elementor-price-table__heading\">\n\t\t\t\t\t\tMonetizaci\u00f3n de YouTube\t\t\t\t\t\t<\/h3>\n\t\t\t\t\t\n\t\t\t\t\t\t\t\t\t\t\t<span class=\"elementor-price-table__subheading\">\n\t\t\t\t\t\t\tPlata\t\t\t\t\t\t<\/span>\n\t\t\t\t\t\t\t\t\t<\/div>\n\t\t\t\n\t\t\t<div class=\"elementor-price-table__price\">\n\t\t\t\t\t\t\t\t<span class=\"elementor-price-table__currency\">&#128;<\/span>\t\t\t\t\t\t\t\t\t<span class=\"elementor-price-table__integer-part\">\n\t\t\t\t\t\t199\t\t\t\t\t<\/span>\n\t\t\t\t\n\t\t\t\t\n\t\t\t\t\n\t\t\t\t\t\t\t\t\t<span class=\"elementor-price-table__period elementor-typo-excluded\">Una vez <\/span>\t\t\t\t\t\t\t<\/div>\n\n\t\t\t\t\t\t\t<ul class=\"elementor-price-table__features-list\">\n\t\t\t\t\t\t\t\t\t\t\t<li class=\"elementor-repeater-item-778482a\">\n\t\t\t\t\t\t\t<div class=\"elementor-price-table__feature-inner\">\n\t\t\t\t\t\t\t\t<i aria-hidden=\"true\" class=\"far fa-check-circle\"><\/i>\t\t\t\t\t\t\t\t\t\t\t\t\t\t\t\t\t<span >\n\t\t\t\t\t\t\t\t\t\t1000 horas\t\t\t\t\t\t\t\t\t<\/span>\n\t\t\t\t\t\t\t\t\t\t\t\t\t\t\t\t<\/div>\n\t\t\t\t\t\t<\/li>\n\t\t\t\t\t\t\t\t\t\t\t<li class=\"elementor-repeater-item-c1ca9bc\">\n\t\t\t\t\t\t\t<div class=\"elementor-price-table__feature-inner\">\n\t\t\t\t\t\t\t\t<i aria-hidden=\"true\" class=\"far fa-check-circle\"><\/i>\t\t\t\t\t\t\t\t\t\t\t\t\t\t\t\t\t<span >\n\t\t\t\t\t\t\t\t\t\t250 suscriptores\t\t\t\t\t\t\t\t\t<\/span>\n\t\t\t\t\t\t\t\t\t\t\t\t\t\t\t\t<\/div>\n\t\t\t\t\t\t<\/li>\n\t\t\t\t\t\t\t\t\t<\/ul>\n\t\t\t\n\t\t\t\t\t\t\t<div class=\"elementor-price-table__footer\">\n\t\t\t\t\t\t\t\t\t\t\t<a class=\"elementor-price-table__button elementor-button elementor-size-md\" href=\"https:\/\/onehostingeurope.com\/clientarea\/store\/marketing-media\/youtube-monetization-package-1\">\n\t\t\t\t\t\t\tCOMPRAR AHORA\t\t\t\t\t\t<\/a>\n\t\t\t\t\t\n\t\t\t\t\t\t\t\t\t<\/div>\n\t\t\t\t\t<\/div>\n\n\t\t\t\t<\/div>\n\t\t\t\t<\/div>\n\t\t\t\t\t<\/div>\n\t\t<\/div>\n\t\t\t\t<div class=\"elementor-column elementor-col-33 elementor-top-column elementor-element elementor-element-b8e29b5\" data-id=\"b8e29b5\" data-element_type=\"column\">\n\t\t\t<div class=\"elementor-widget-wrap elementor-element-populated\">\n\t\t\t\t\t\t<div class=\"elementor-element elementor-element-c5d18fe elementor-widget elementor-widget-price-table\" data-id=\"c5d18fe\" data-element_type=\"widget\" data-widget_type=\"price-table.default\">\n\t\t\t\t<div class=\"elementor-widget-container\">\n\t\t\t\n\t\t<div class=\"elementor-price-table\">\n\t\t\t\t\t\t\t<div class=\"elementor-price-table__header\">\n\t\t\t\t\t\t\t\t\t\t\t<h3 class=\"elementor-price-table__heading\">\n\t\t\t\t\t\tMonetizaci\u00f3n de YouTube\t\t\t\t\t\t<\/h3>\n\t\t\t\t\t\n\t\t\t\t\t\t\t\t\t\t\t<span class=\"elementor-price-table__subheading\">\n\t\t\t\t\t\t\tPlata\t\t\t\t\t\t<\/span>\n\t\t\t\t\t\t\t\t\t<\/div>\n\t\t\t\n\t\t\t<div class=\"elementor-price-table__price\">\n\t\t\t\t\t\t\t\t<span class=\"elementor-price-table__currency\">&#128;<\/span>\t\t\t\t\t\t\t\t\t<span class=\"elementor-price-table__integer-part\">\n\t\t\t\t\t\t399\t\t\t\t\t<\/span>\n\t\t\t\t\n\t\t\t\t\n\t\t\t\t\n\t\t\t\t\t\t\t\t\t<span class=\"elementor-price-table__period elementor-typo-excluded\">Una vez <\/span>\t\t\t\t\t\t\t<\/div>\n\n\t\t\t\t\t\t\t<ul class=\"elementor-price-table__features-list\">\n\t\t\t\t\t\t\t\t\t\t\t<li class=\"elementor-repeater-item-778482a\">\n\t\t\t\t\t\t\t<div class=\"elementor-price-table__feature-inner\">\n\t\t\t\t\t\t\t\t<i aria-hidden=\"true\" class=\"far fa-check-circle\"><\/i>\t\t\t\t\t\t\t\t\t\t\t\t\t\t\t\t\t<span >\n\t\t\t\t\t\t\t\t\t\t2000 horas\t\t\t\t\t\t\t\t\t<\/span>\n\t\t\t\t\t\t\t\t\t\t\t\t\t\t\t\t<\/div>\n\t\t\t\t\t\t<\/li>\n\t\t\t\t\t\t\t\t\t\t\t<li class=\"elementor-repeater-item-c1ca9bc\">\n\t\t\t\t\t\t\t<div class=\"elementor-price-table__feature-inner\">\n\t\t\t\t\t\t\t\t<i aria-hidden=\"true\" class=\"far fa-check-circle\"><\/i>\t\t\t\t\t\t\t\t\t\t\t\t\t\t\t\t\t<span >\n\t\t\t\t\t\t\t\t\t\t500 suscriptores\t\t\t\t\t\t\t\t\t<\/span>\n\t\t\t\t\t\t\t\t\t\t\t\t\t\t\t\t<\/div>\n\t\t\t\t\t\t<\/li>\n\t\t\t\t\t\t\t\t\t<\/ul>\n\t\t\t\n\t\t\t\t\t\t\t<div class=\"elementor-price-table__footer\">\n\t\t\t\t\t\t\t\t\t\t\t<a class=\"elementor-price-table__button elementor-button elementor-size-md\" href=\"https:\/\/onehostingeurope.com\/clientarea\/store\/marketing-media\/youtube-monetization-package-2\">\n\t\t\t\t\t\t\tCOMPRAR AHORA\t\t\t\t\t\t<\/a>\n\t\t\t\t\t\n\t\t\t\t\t\t\t\t\t<\/div>\n\t\t\t\t\t<\/div>\n\n\t\t\t\t<\/div>\n\t\t\t\t<\/div>\n\t\t\t\t\t<\/div>\n\t\t<\/div>\n\t\t\t\t<div class=\"elementor-column elementor-col-33 elementor-top-column elementor-element elementor-element-2ce054f\" data-id=\"2ce054f\" data-element_type=\"column\">\n\t\t\t<div class=\"elementor-widget-wrap elementor-element-populated\">\n\t\t\t\t\t\t<div class=\"elementor-element elementor-element-8e0d774 elementor-widget elementor-widget-price-table\" data-id=\"8e0d774\" data-element_type=\"widget\" data-widget_type=\"price-table.default\">\n\t\t\t\t<div class=\"elementor-widget-container\">\n\t\t\t\n\t\t<div class=\"elementor-price-table\">\n\t\t\t\t\t\t\t<div class=\"elementor-price-table__header\">\n\t\t\t\t\t\t\t\t\t\t\t<h3 class=\"elementor-price-table__heading\">\n\t\t\t\t\t\tMonetizaci\u00f3n de YouTube\t\t\t\t\t\t<\/h3>\n\t\t\t\t\t\n\t\t\t\t\t\t\t\t\t\t\t<span class=\"elementor-price-table__subheading\">\n\t\t\t\t\t\t\tPlata\t\t\t\t\t\t<\/span>\n\t\t\t\t\t\t\t\t\t<\/div>\n\t\t\t\n\t\t\t<div class=\"elementor-price-table__price\">\n\t\t\t\t\t\t\t\t<span class=\"elementor-price-table__currency\">&#128;<\/span>\t\t\t\t\t\t\t\t\t<span class=\"elementor-price-table__integer-part\">\n\t\t\t\t\t\t699\t\t\t\t\t<\/span>\n\t\t\t\t\n\t\t\t\t\n\t\t\t\t\n\t\t\t\t\t\t\t\t\t<span class=\"elementor-price-table__period elementor-typo-excluded\">Una vez <\/span>\t\t\t\t\t\t\t<\/div>\n\n\t\t\t\t\t\t\t<ul class=\"elementor-price-table__features-list\">\n\t\t\t\t\t\t\t\t\t\t\t<li class=\"elementor-repeater-item-778482a\">\n\t\t\t\t\t\t\t<div class=\"elementor-price-table__feature-inner\">\n\t\t\t\t\t\t\t\t<i aria-hidden=\"true\" class=\"far fa-check-circle\"><\/i>\t\t\t\t\t\t\t\t\t\t\t\t\t\t\t\t\t<span >\n\t\t\t\t\t\t\t\t\t\t4000 horas\t\t\t\t\t\t\t\t\t<\/span>\n\t\t\t\t\t\t\t\t\t\t\t\t\t\t\t\t<\/div>\n\t\t\t\t\t\t<\/li>\n\t\t\t\t\t\t\t\t\t\t\t<li class=\"elementor-repeater-item-c1ca9bc\">\n\t\t\t\t\t\t\t<div class=\"elementor-price-table__feature-inner\">\n\t\t\t\t\t\t\t\t<i aria-hidden=\"true\" class=\"far fa-check-circle\"><\/i>\t\t\t\t\t\t\t\t\t\t\t\t\t\t\t\t\t<span >\n\t\t\t\t\t\t\t\t\t\t1000 suscriptores\t\t\t\t\t\t\t\t\t<\/span>\n\t\t\t\t\t\t\t\t\t\t\t\t\t\t\t\t<\/div>\n\t\t\t\t\t\t<\/li>\n\t\t\t\t\t\t\t\t\t<\/ul>\n\t\t\t\n\t\t\t\t\t\t\t<div class=\"elementor-price-table__footer\">\n\t\t\t\t\t\t\t\t\t\t\t<a class=\"elementor-price-table__button elementor-button elementor-size-md\" href=\"https:\/\/onehostingeurope.com\/clientarea\/store\/marketing-media\/youtube-monetization-package-3\">\n\t\t\t\t\t\t\tCOMPRAR AHORA\t\t\t\t\t\t<\/a>\n\t\t\t\t\t\n\t\t\t\t\t\t\t\t\t<\/div>\n\t\t\t\t\t<\/div>\n\n\t\t\t\t\t<div class=\"elementor-price-table__ribbon\">\n\t\t\t\t<div class=\"elementor-price-table__ribbon-inner\">\n\t\t\t\t\tPopular\t\t\t\t<\/div>\n\t\t\t<\/div>\n\t\t\t\t\t<\/div>\n\t\t\t\t<\/div>\n\t\t\t\t\t<\/div>\n\t\t<\/div>\n\t\t\t\t\t<\/div>\n\t\t<\/section>\n\t\t\t\t<\/div>","protected":false},"excerpt":{"rendered":"<p>Paquete de monetizaci\u00f3n de YouTube Hoy vamos a hablar sobre c\u00f3mo aumentar las horas de reproducci\u00f3n en tu canal de YouTube. Para ello, analizaremos varias cuestiones: secretos clave que le ayudar\u00e1n a aumentar sus horas de reproducci\u00f3n en YouTube, qu\u00e9 es el contenido imperecedero y c\u00f3mo podemos ayudarle. estas son las razones por las que necesitas un [\u2026]<\/p>","protected":false},"author":1,"featured_media":0,"parent":0,"menu_order":0,"comment_status":"closed","ping_status":"closed","template":"","meta":{"footnotes":""},"class_list":["post-2496","page","type-page","status-publish","hentry"],"_links":{"self":[{"href":"https:\/\/onehostingeurope.com\/es\/wp-json\/wp\/v2\/pages\/2496","targetHints":{"allow":["GET"]}}],"collection":[{"href":"https:\/\/onehostingeurope.com\/es\/wp-json\/wp\/v2\/pages"}],"about":[{"href":"https:\/\/onehostingeurope.com\/es\/wp-json\/wp\/v2\/types\/page"}],"author":[{"embeddable":true,"href":"https:\/\/onehostingeurope.com\/es\/wp-json\/wp\/v2\/users\/1"}],"replies":[{"embeddable":true,"href":"https:\/\/onehostingeurope.com\/es\/wp-json\/wp\/v2\/comments?post=2496"}],"version-history":[{"count":59,"href":"https:\/\/onehostingeurope.com\/es\/wp-json\/wp\/v2\/pages\/2496\/revisions"}],"predecessor-version":[{"id":2559,"href":"https:\/\/onehostingeurope.com\/es\/wp-json\/wp\/v2\/pages\/2496\/revisions\/2559"}],"wp:attachment":[{"href":"https:\/\/onehostingeurope.com\/es\/wp-json\/wp\/v2\/media?parent=2496"}],"curies":[{"name":"wp","href":"https:\/\/api.w.org\/{rel}","templated":true}]}}