{"id":1054,"date":"2022-12-29T12:34:50","date_gmt":"2022-12-29T12:34:50","guid":{"rendered":"https:\/\/onehostingeurope.com\/?page_id=1054"},"modified":"2024-06-25T20:03:38","modified_gmt":"2024-06-25T20:03:38","slug":"ringcentral","status":"publish","type":"page","link":"https:\/\/onehostingeurope.com\/es\/anillo-central\/","title":{"rendered":"RingCentral"},"content":{"rendered":"<div data-elementor-type=\"wp-page\" data-elementor-id=\"1054\" class=\"elementor elementor-1054\" data-elementor-post-type=\"page\">\n\t\t\t\t\t\t<section class=\"elementor-section elementor-top-section elementor-element elementor-element-b95e6cb elementor-section-boxed elementor-section-height-default elementor-section-height-default\" data-id=\"b95e6cb\" data-element_type=\"section\">\n\t\t\t\t\t\t<div class=\"elementor-container elementor-column-gap-default\">\n\t\t\t\t\t<div class=\"elementor-column elementor-col-100 elementor-top-column elementor-element elementor-element-5149dff\" data-id=\"5149dff\" data-element_type=\"column\">\n\t\t\t<div class=\"elementor-widget-wrap elementor-element-populated\">\n\t\t\t\t\t\t<div class=\"elementor-element elementor-element-aa35320 elementor-widget elementor-widget-spacer\" data-id=\"aa35320\" data-element_type=\"widget\" data-widget_type=\"spacer.default\">\n\t\t\t\t<div class=\"elementor-widget-container\">\n\t\t\t\t\t<div class=\"elementor-spacer\">\n\t\t\t<div class=\"elementor-spacer-inner\"><\/div>\n\t\t<\/div>\n\t\t\t\t<\/div>\n\t\t\t\t<\/div>\n\t\t\t\t<div class=\"elementor-element elementor-element-52693f3 elementor-widget elementor-widget-heading\" data-id=\"52693f3\" data-element_type=\"widget\" data-widget_type=\"heading.default\">\n\t\t\t\t<div class=\"elementor-widget-container\">\n\t\t\t<h2 class=\"elementor-heading-title elementor-size-xxl\">D\u00e9le a su peque\u00f1a empresa un impulso de crecimiento<\/h2>\t\t<\/div>\n\t\t\t\t<\/div>\n\t\t\t\t\t<\/div>\n\t\t<\/div>\n\t\t\t\t\t<\/div>\n\t\t<\/section>\n\t\t\t\t<section class=\"elementor-section elementor-top-section elementor-element elementor-element-56c2767 elementor-section-boxed elementor-section-height-default elementor-section-height-default\" data-id=\"56c2767\" data-element_type=\"section\">\n\t\t\t\t\t\t<div class=\"elementor-container elementor-column-gap-default\">\n\t\t\t\t\t<div class=\"elementor-column elementor-col-100 elementor-top-column elementor-element elementor-element-d57e82d\" data-id=\"d57e82d\" data-element_type=\"column\">\n\t\t\t<div class=\"elementor-widget-wrap elementor-element-populated\">\n\t\t\t\t\t\t<div class=\"elementor-element elementor-element-f24a494 elementor-widget elementor-widget-heading\" data-id=\"f24a494\" data-element_type=\"widget\" data-widget_type=\"heading.default\">\n\t\t\t\t<div class=\"elementor-widget-container\">\n\t\t\t<h2 class=\"elementor-heading-title elementor-size-large\">Comience con el sistema telef\u00f3nico empresarial en la nube #1<\/h2>\t\t<\/div>\n\t\t\t\t<\/div>\n\t\t\t\t<div class=\"elementor-element elementor-element-a531753 elementor-widget elementor-widget-text-editor\" data-id=\"a531753\" data-element_type=\"widget\" data-widget_type=\"text-editor.default\">\n\t\t\t\t<div class=\"elementor-widget-container\">\n\t\t\t\t\t\t\t<p style=\"text-align: center;\">El sistema telef\u00f3nico completo que facilita llamar, reunirse, enviar mensajes, enviar faxes, todo desde una sola aplicaci\u00f3n.<\/p>\t\t\t\t\t\t<\/div>\n\t\t\t\t<\/div>\n\t\t\t\t<div class=\"elementor-element elementor-element-860087b elementor-widget elementor-widget-heading\" data-id=\"860087b\" data-element_type=\"widget\" data-widget_type=\"heading.default\">\n\t\t\t\t<div class=\"elementor-widget-container\">\n\t\t\t<h2 class=\"elementor-heading-title elementor-size-large\">Desde 29,90\u20ac\/Mes<\/h2>\t\t<\/div>\n\t\t\t\t<\/div>\n\t\t\t\t<div class=\"elementor-element elementor-element-f8a322d elementor-widget elementor-widget-image\" data-id=\"f8a322d\" data-element_type=\"widget\" data-widget_type=\"image.default\">\n\t\t\t\t<div class=\"elementor-widget-container\">\n\t\t\t\t\t\t\t\t\t\t\t\t\t<img fetchpriority=\"high\" decoding=\"async\" width=\"768\" height=\"673\" src=\"https:\/\/onehostingeurope.com\/wp-content\/uploads\/2022\/12\/Hero-compact-png-rendition-768x673.png\" class=\"attachment-medium_large size-medium_large wp-image-1062\" alt=\"\" srcset=\"https:\/\/onehostingeurope.com\/wp-content\/uploads\/2022\/12\/Hero-compact-png-rendition-768x673.png 768w, https:\/\/onehostingeurope.com\/wp-content\/uploads\/2022\/12\/Hero-compact-png-rendition-416x365.png 416w, https:\/\/onehostingeurope.com\/wp-content\/uploads\/2022\/12\/Hero-compact-png-rendition-300x263.png 300w, https:\/\/onehostingeurope.com\/wp-content\/uploads\/2022\/12\/Hero-compact-png-rendition-1024x898.png 1024w, https:\/\/onehostingeurope.com\/wp-content\/uploads\/2022\/12\/Hero-compact-png-rendition-14x12.png 14w, https:\/\/onehostingeurope.com\/wp-content\/uploads\/2022\/12\/Hero-compact-png-rendition.png 1136w\" sizes=\"(max-width: 768px) 100vw, 768px\" \/>\t\t\t\t\t\t\t\t\t\t\t\t\t<\/div>\n\t\t\t\t<\/div>\n\t\t\t\t<div class=\"elementor-element elementor-element-7b15969 elementor-widget elementor-widget-text-editor\" data-id=\"7b15969\" data-element_type=\"widget\" data-widget_type=\"text-editor.default\">\n\t\t\t\t<div class=\"elementor-widget-container\">\n\t\t\t\t\t\t\t<p style=\"text-align: center;\"><strong>\u00a1Configuramos todo por ti!<\/strong><\/p>\t\t\t\t\t\t<\/div>\n\t\t\t\t<\/div>\n\t\t\t\t\t<\/div>\n\t\t<\/div>\n\t\t\t\t\t<\/div>\n\t\t<\/section>\n\t\t\t\t<section class=\"elementor-section elementor-top-section elementor-element elementor-element-0a8b326 elementor-section-boxed elementor-section-height-default elementor-section-height-default\" data-id=\"0a8b326\" data-element_type=\"section\">\n\t\t\t\t\t\t<div class=\"elementor-container elementor-column-gap-default\">\n\t\t\t\t\t<div class=\"elementor-column elementor-col-50 elementor-top-column elementor-element elementor-element-cc9ef16\" data-id=\"cc9ef16\" data-element_type=\"column\">\n\t\t\t<div class=\"elementor-widget-wrap elementor-element-populated\">\n\t\t\t\t\t\t<div class=\"elementor-element elementor-element-d6a42e7 elementor-widget elementor-widget-heading\" data-id=\"d6a42e7\" data-element_type=\"widget\" data-widget_type=\"heading.default\">\n\t\t\t\t<div class=\"elementor-widget-container\">\n\t\t\t<h2 class=\"elementor-heading-title elementor-size-default\">Ponga a funcionar su sistema telef\u00f3nico en la nube<\/h2>\t\t<\/div>\n\t\t\t\t<\/div>\n\t\t\t\t<div class=\"elementor-element elementor-element-16c01e6 elementor-widget elementor-widget-text-editor\" data-id=\"16c01e6\" data-element_type=\"widget\" data-widget_type=\"text-editor.default\">\n\t\t\t\t<div class=\"elementor-widget-container\">\n\t\t\t\t\t\t\t<p>Haga m\u00e1s con sus clientes y empleados a trav\u00e9s de sus aplicaciones y dispositivos en el sistema de telefon\u00eda empresarial en la nube l\u00edder en el mundo.<\/p>\t\t\t\t\t\t<\/div>\n\t\t\t\t<\/div>\n\t\t\t\t<div class=\"elementor-element elementor-element-f487f67 elementor-align-center elementor-widget elementor-widget-button\" data-id=\"f487f67\" data-element_type=\"widget\" data-widget_type=\"button.default\">\n\t\t\t\t<div class=\"elementor-widget-container\">\n\t\t\t\t\t\t\t<div class=\"elementor-button-wrapper\">\n\t\t\t\t\t<a class=\"elementor-button elementor-button-link elementor-size-sm\" href=\"https:\/\/onehostingeurope.com\/contact-us\/\">\n\t\t\t\t\t\t<span class=\"elementor-button-content-wrapper\">\n\t\t\t\t\t\t\t\t\t<span class=\"elementor-button-text\">Cont\u00e1ctenos<\/span>\n\t\t\t\t\t<\/span>\n\t\t\t\t\t<\/a>\n\t\t\t\t<\/div>\n\t\t\t\t\t\t<\/div>\n\t\t\t\t<\/div>\n\t\t\t\t\t<\/div>\n\t\t<\/div>\n\t\t\t\t<div class=\"elementor-column elementor-col-50 elementor-top-column elementor-element elementor-element-917b40d\" data-id=\"917b40d\" data-element_type=\"column\">\n\t\t\t<div class=\"elementor-widget-wrap elementor-element-populated\">\n\t\t\t\t\t\t<div class=\"elementor-element elementor-element-95bb116 elementor-widget elementor-widget-image\" data-id=\"95bb116\" data-element_type=\"widget\" data-widget_type=\"image.default\">\n\t\t\t\t<div class=\"elementor-widget-container\">\n\t\t\t\t\t\t\t\t\t\t\t\t\t<img decoding=\"async\" width=\"1024\" height=\"609\" src=\"https:\/\/onehostingeurope.com\/wp-content\/uploads\/2022\/12\/ezgif.com-gif-maker-1024x609.jpg\" class=\"attachment-large size-large wp-image-1325\" alt=\"\" srcset=\"https:\/\/onehostingeurope.com\/wp-content\/uploads\/2022\/12\/ezgif.com-gif-maker-1024x609.jpg 1024w, https:\/\/onehostingeurope.com\/wp-content\/uploads\/2022\/12\/ezgif.com-gif-maker-416x247.jpg 416w, https:\/\/onehostingeurope.com\/wp-content\/uploads\/2022\/12\/ezgif.com-gif-maker-300x178.jpg 300w, https:\/\/onehostingeurope.com\/wp-content\/uploads\/2022\/12\/ezgif.com-gif-maker-768x457.jpg 768w, https:\/\/onehostingeurope.com\/wp-content\/uploads\/2022\/12\/ezgif.com-gif-maker-18x12.jpg 18w, https:\/\/onehostingeurope.com\/wp-content\/uploads\/2022\/12\/ezgif.com-gif-maker.jpg 1312w\" sizes=\"(max-width: 1024px) 100vw, 1024px\" \/>\t\t\t\t\t\t\t\t\t\t\t\t\t<\/div>\n\t\t\t\t<\/div>\n\t\t\t\t\t<\/div>\n\t\t<\/div>\n\t\t\t\t\t<\/div>\n\t\t<\/section>\n\t\t\t\t<\/div>","protected":false},"excerpt":{"rendered":"<p>Dale un impulso al crecimiento de tu peque\u00f1a empresa Comienza con el sistema telef\u00f3nico en la nube para empresas #1 El sistema telef\u00f3nico completo que te permite llamar, reunirte, enviar mensajes y faxes f\u00e1cilmente, todo desde una sola aplicaci\u00f3n. Desde 29,90 \u20ac\/mes \u00a1Lo configuramos todo por ti! Pon a trabajar tu sistema telef\u00f3nico en la nube Haz m\u00e1s con tus clientes y empleados [\u2026]<\/p>","protected":false},"author":1,"featured_media":0,"parent":0,"menu_order":0,"comment_status":"closed","ping_status":"closed","template":"","meta":{"footnotes":""},"class_list":["post-1054","page","type-page","status-publish","hentry"],"_links":{"self":[{"href":"https:\/\/onehostingeurope.com\/es\/wp-json\/wp\/v2\/pages\/1054","targetHints":{"allow":["GET"]}}],"collection":[{"href":"https:\/\/onehostingeurope.com\/es\/wp-json\/wp\/v2\/pages"}],"about":[{"href":"https:\/\/onehostingeurope.com\/es\/wp-json\/wp\/v2\/types\/page"}],"author":[{"embeddable":true,"href":"https:\/\/onehostingeurope.com\/es\/wp-json\/wp\/v2\/users\/1"}],"replies":[{"embeddable":true,"href":"https:\/\/onehostingeurope.com\/es\/wp-json\/wp\/v2\/comments?post=1054"}],"version-history":[{"count":49,"href":"https:\/\/onehostingeurope.com\/es\/wp-json\/wp\/v2\/pages\/1054\/revisions"}],"predecessor-version":[{"id":2746,"href":"https:\/\/onehostingeurope.com\/es\/wp-json\/wp\/v2\/pages\/1054\/revisions\/2746"}],"wp:attachment":[{"href":"https:\/\/onehostingeurope.com\/es\/wp-json\/wp\/v2\/media?parent=1054"}],"curies":[{"name":"wp","href":"https:\/\/api.w.org\/{rel}","templated":true}]}}