{"id":2496,"date":"2024-06-03T12:47:14","date_gmt":"2024-06-03T12:47:14","guid":{"rendered":"https:\/\/onehostingeurope.com\/?page_id=2496"},"modified":"2024-06-03T13:31:53","modified_gmt":"2024-06-03T13:31:53","slug":"youtube-monetization","status":"publish","type":"page","link":"https:\/\/onehostingeurope.com\/de\/youtube-monetarisierung\/","title":{"rendered":"YouTube-Monetarisierung"},"content":{"rendered":"<div data-elementor-type=\"wp-page\" data-elementor-id=\"2496\" class=\"elementor elementor-2496\" data-elementor-post-type=\"page\">\n\t\t\t\t\t\t<section class=\"elementor-section elementor-top-section elementor-element elementor-element-26f1137 elementor-section-boxed elementor-section-height-default elementor-section-height-default\" data-id=\"26f1137\" data-element_type=\"section\">\n\t\t\t\t\t\t<div class=\"elementor-container elementor-column-gap-default\">\n\t\t\t\t\t<div class=\"elementor-column elementor-col-100 elementor-top-column elementor-element elementor-element-2e7b5e9\" data-id=\"2e7b5e9\" data-element_type=\"column\">\n\t\t\t<div class=\"elementor-widget-wrap elementor-element-populated\">\n\t\t\t\t\t\t<div class=\"elementor-element elementor-element-36cb380 elementor-widget elementor-widget-image\" data-id=\"36cb380\" data-element_type=\"widget\" data-widget_type=\"image.default\">\n\t\t\t\t<div class=\"elementor-widget-container\">\n\t\t\t\t\t\t\t\t\t\t\t\t\t<img fetchpriority=\"high\" decoding=\"async\" width=\"1920\" height=\"1080\" src=\"https:\/\/onehostingeurope.com\/wp-content\/uploads\/2024\/05\/How-To-Promote-Music-in-2025-1.png\" class=\"attachment-full size-full wp-image-2315\" alt=\"\" srcset=\"https:\/\/onehostingeurope.com\/wp-content\/uploads\/2024\/05\/How-To-Promote-Music-in-2025-1.png 1920w, https:\/\/onehostingeurope.com\/wp-content\/uploads\/2024\/05\/How-To-Promote-Music-in-2025-1-300x169.png 300w, https:\/\/onehostingeurope.com\/wp-content\/uploads\/2024\/05\/How-To-Promote-Music-in-2025-1-1024x576.png 1024w, https:\/\/onehostingeurope.com\/wp-content\/uploads\/2024\/05\/How-To-Promote-Music-in-2025-1-768x432.png 768w, https:\/\/onehostingeurope.com\/wp-content\/uploads\/2024\/05\/How-To-Promote-Music-in-2025-1-1536x864.png 1536w, https:\/\/onehostingeurope.com\/wp-content\/uploads\/2024\/05\/How-To-Promote-Music-in-2025-1-18x10.png 18w, https:\/\/onehostingeurope.com\/wp-content\/uploads\/2024\/05\/How-To-Promote-Music-in-2025-1-416x234.png 416w\" sizes=\"(max-width: 1920px) 100vw, 1920px\" \/>\t\t\t\t\t\t\t\t\t\t\t\t\t<\/div>\n\t\t\t\t<\/div>\n\t\t\t\t\t<\/div>\n\t\t<\/div>\n\t\t\t\t\t<\/div>\n\t\t<\/section>\n\t\t\t\t<section class=\"elementor-section elementor-top-section elementor-element elementor-element-cf00e2b elementor-section-boxed elementor-section-height-default elementor-section-height-default\" data-id=\"cf00e2b\" data-element_type=\"section\">\n\t\t\t\t\t\t<div class=\"elementor-container elementor-column-gap-default\">\n\t\t\t\t\t<div class=\"elementor-column elementor-col-100 elementor-top-column elementor-element elementor-element-aa47348\" data-id=\"aa47348\" data-element_type=\"column\">\n\t\t\t<div class=\"elementor-widget-wrap elementor-element-populated\">\n\t\t\t\t\t\t<div class=\"elementor-element elementor-element-4cf4cf5 elementor-widget elementor-widget-heading\" data-id=\"4cf4cf5\" data-element_type=\"widget\" data-widget_type=\"heading.default\">\n\t\t\t\t<div class=\"elementor-widget-container\">\n\t\t\t<h2 class=\"elementor-heading-title elementor-size-default\">YouTube-Monetarisierungspaket<\/h2>\t\t<\/div>\n\t\t\t\t<\/div>\n\t\t\t\t<div class=\"elementor-element elementor-element-c2cde6a elementor-widget elementor-widget-text-editor\" data-id=\"c2cde6a\" data-element_type=\"widget\" data-widget_type=\"text-editor.default\">\n\t\t\t\t<div class=\"elementor-widget-container\">\n\t\t\t\t\t\t\t<p style=\"text-align: center;\">Heute sprechen wir dar\u00fcber, wie Sie die Wiedergabezeiten auf Ihrem YouTube-Kanal erh\u00f6hen k\u00f6nnen. Dazu werden wir verschiedene Themen besprechen: Schl\u00fcsselgeheimnisse, die Ihnen helfen werden,&nbsp;<b>Erh\u00f6hen Sie Ihre YouTube-Wiedergabestunden<\/b>, was Evergreen-Content ist und wie wir Ihnen helfen k\u00f6nnen.<\/p>\n<h2 style=\"text-align: center;\">hier sind die Gr\u00fcnde, warum Sie eine l\u00e4ngere Betrachtungszeit ben\u00f6tigen<\/h2>\n<p><\/p>\n<ol>\n<li style=\"list-style-type: none;\">\n<ol>\n<li><b>Erstens ist es f\u00fcr die Monetarisierung von YouTube wichtig.<\/b><\/li>\n<\/ol>\n<\/li>\n<\/ol>\n<p><ins>Um eine Monetarisierung zu erm\u00f6glichen, m\u00fcssen drei Hauptvoraussetzungen erf\u00fcllt sein:<\/ins><\/p>\n<ol>\n<li style=\"list-style-type: none;\">\n<ol>\n<li style=\"list-style-type: none;\">\n<ul>\n<li>Der Kanal muss die YouTube-Regeln einhalten. Die Liste der Regeln wird den Benutzern bei der Registrierung auf der Plattform angezeigt. Sie finden sie auch immer im Men\u00fc im Abschnitt \u201eRegeln und Sicherheit\u201c. Es ist wichtig, dass der Autor keine Verwarnungen oder Verwarnungen hat.<\/li>\n<li>In den letzten 12 Monaten muss der Kanal mindestens&nbsp;<ins>4000 Stunden Wiedergabezeit auf YouTube<\/ins>. Es besteht keine Notwendigkeit, 12 Monate zu warten, die Hauptsache ist, die erforderliche Stundenzahl zu haben;<\/li>\n<li>Der YouTube-Kanal muss mindestens 1.000 Abonnenten haben.<\/li>\n<\/ul>\n<\/li>\n<\/ol>\n<\/li>\n<\/ol>\n<ol>\n<li style=\"list-style-type: none;\">\n<ol>\n<li><b>Auch die Algorithmen von YouTube werden von der Wiedergabedauer beeinflusst.<\/b><\/li>\n<\/ol>\n<\/li>\n<\/ol>\n<p>Je h\u00e4ufiger Sie angesehen werden, desto wahrscheinlicher ist es, dass Sie an Accounts weitergeleitet werden, die thematisch mit Ihren YouTube-Videos verwandt sind. Likes, Kommentare und Follower sind wichtig, um an die Spitze von YouTube zu gelangen, aber ebenso wichtig sind die Wiedergabezeiten. Vertreter und Mitarbeiter von YouTube nennen die Wiedergabezeit regelm\u00e4\u00dfig als \u201ewichtige Kennzahl zur F\u00f6rderung von YouTube-Videos\u201c. Lassen Sie uns das Schl\u00fcsselgeheimnis zu diesem Thema l\u00fcften \u2013 es ist&nbsp;<b>UNGLAUBLICH WICHTIG<\/b>&nbsp;um die ersten 15 Sekunden Ihres Videos zu optimieren.<\/p>\n<p><b>Die meisten Zuschauer verlassen das Video in den ersten 15 Sekunden. Warum passiert das?<\/b>&nbsp;Meistens passiert das, weil der Titel des Videos oder das Vorschaubild nicht mit seinem Inhalt \u00fcbereinstimmt. Die YouTube-Vorschau und der Titel des Videos m\u00fcssen mit dem Anfang des Videos harmonieren. Dies geschieht, damit eine Person, wenn sie das Video aufruft, versteht, dass sie am richtigen Ort ist.<\/p>\n<p>Das Video hei\u00dft beispielsweise \u201eDie sch\u00f6nsten Orte in Paris\u201c. Der Zuschauer \u00f6ffnet es und versteht sofort, dass es in dem Video wirklich um die Stadt geht. Anders ist es, wenn er das Video \u00f6ffnet und es eine Einf\u00fchrung des Autors gibt, der den Zuschauer 30 Sekunden lang begr\u00fc\u00dft und dann weitere 40 Sekunden lang etwas zu einem ablenkenden Thema sagt. Das kann man nicht machen, denn&nbsp;<ins>Die ersten 15 Sekunden sind eine sehr entscheidende Zeit<\/ins>&nbsp;dass Sie das Interesse Ihres Zuschauers wecken m\u00fcssen. Am Anfang m\u00fcssen Sie zeigen, was im Video passieren wird. In diesem Fall versteht der Zuschauer sofort nach den ersten Sekunden, was als n\u00e4chstes passieren wird. Wenn Sie einen Unterhaltungskanal haben, k\u00f6nnen Sie in den ersten 15 Sekunden zu Beginn des Videos einen Mini-Trailer erstellen, eine Zusammenstellung der interessantesten Momente.<\/p>\n<p>Wenn sich die Leute YouTube-Videos zur Unterhaltung ansehen, suchen sie nach etwas Interessantem. Es ist notwendig, beim Zuschauer ein Gef\u00fchl von \u201eWOW, ich muss wissen, wie es weitergeht\u201c hervorzurufen. Sie m\u00fcssen es also unbedingt spannend machen und die interessantesten und coolsten Momente daraus zeigen.<\/p>\n<ol>\n<li style=\"list-style-type: none;\">\n<ol>\n<li><b>Z\u00d6GERN SIE DEN ANFANG NICHT!<\/b><\/li>\n<\/ol>\n<\/li>\n<\/ol>\n<p>Der n\u00e4chste Fehler, den viele Leute machen (vor allem diejenigen, die bereits am Anfang ihrer Videos Spannung einbauen), ist, den Prozess zu verz\u00f6gern. Tats\u00e4chlich sollte die Verz\u00f6gerung 15 Sekunden nicht \u00fcberschreiten. Sehr oft \u00fcberspringen die Leute einen zu langen Anfang oder schalten das Video einfach aus. Denken Sie also daran: Am Anfang m\u00fcssen Sie etwas \u00fcber Ihr Video erz\u00e4hlen, eine 15 Sekunden lange Spannung aufbauen, sonst nichts.<\/p>\t\t\t\t\t\t<\/div>\n\t\t\t\t<\/div>\n\t\t\t\t\t<\/div>\n\t\t<\/div>\n\t\t\t\t\t<\/div>\n\t\t<\/section>\n\t\t\t\t<section class=\"elementor-section elementor-top-section elementor-element elementor-element-cb8f788 elementor-section-boxed elementor-section-height-default elementor-section-height-default\" data-id=\"cb8f788\" data-element_type=\"section\">\n\t\t\t\t\t\t<div class=\"elementor-container elementor-column-gap-default\">\n\t\t\t\t\t<div class=\"elementor-column elementor-col-33 elementor-top-column elementor-element elementor-element-b525d2f\" data-id=\"b525d2f\" data-element_type=\"column\">\n\t\t\t<div class=\"elementor-widget-wrap elementor-element-populated\">\n\t\t\t\t\t\t<div class=\"elementor-element elementor-element-56bd701 elementor-widget elementor-widget-price-table\" data-id=\"56bd701\" data-element_type=\"widget\" data-widget_type=\"price-table.default\">\n\t\t\t\t<div class=\"elementor-widget-container\">\n\t\t\t\n\t\t<div class=\"elementor-price-table\">\n\t\t\t\t\t\t\t<div class=\"elementor-price-table__header\">\n\t\t\t\t\t\t\t\t\t\t\t<h3 class=\"elementor-price-table__heading\">\n\t\t\t\t\t\tYouTube-Monetarisierung\t\t\t\t\t\t<\/h3>\n\t\t\t\t\t\n\t\t\t\t\t\t\t\t\t\t\t<span class=\"elementor-price-table__subheading\">\n\t\t\t\t\t\t\tSilber\t\t\t\t\t\t<\/span>\n\t\t\t\t\t\t\t\t\t<\/div>\n\t\t\t\n\t\t\t<div class=\"elementor-price-table__price\">\n\t\t\t\t\t\t\t\t<span class=\"elementor-price-table__currency\">&#128;<\/span>\t\t\t\t\t\t\t\t\t<span class=\"elementor-price-table__integer-part\">\n\t\t\t\t\t\t199\t\t\t\t\t<\/span>\n\t\t\t\t\n\t\t\t\t\n\t\t\t\t\n\t\t\t\t\t\t\t\t\t<span class=\"elementor-price-table__period elementor-typo-excluded\">Einmal <\/span>\t\t\t\t\t\t\t<\/div>\n\n\t\t\t\t\t\t\t<ul class=\"elementor-price-table__features-list\">\n\t\t\t\t\t\t\t\t\t\t\t<li class=\"elementor-repeater-item-778482a\">\n\t\t\t\t\t\t\t<div class=\"elementor-price-table__feature-inner\">\n\t\t\t\t\t\t\t\t<i aria-hidden=\"true\" class=\"far fa-check-circle\"><\/i>\t\t\t\t\t\t\t\t\t\t\t\t\t\t\t\t\t<span >\n\t\t\t\t\t\t\t\t\t\t1000 Stunden\t\t\t\t\t\t\t\t\t<\/span>\n\t\t\t\t\t\t\t\t\t\t\t\t\t\t\t\t<\/div>\n\t\t\t\t\t\t<\/li>\n\t\t\t\t\t\t\t\t\t\t\t<li class=\"elementor-repeater-item-c1ca9bc\">\n\t\t\t\t\t\t\t<div class=\"elementor-price-table__feature-inner\">\n\t\t\t\t\t\t\t\t<i aria-hidden=\"true\" class=\"far fa-check-circle\"><\/i>\t\t\t\t\t\t\t\t\t\t\t\t\t\t\t\t\t<span >\n\t\t\t\t\t\t\t\t\t\t250 Abonnenten\t\t\t\t\t\t\t\t\t<\/span>\n\t\t\t\t\t\t\t\t\t\t\t\t\t\t\t\t<\/div>\n\t\t\t\t\t\t<\/li>\n\t\t\t\t\t\t\t\t\t<\/ul>\n\t\t\t\n\t\t\t\t\t\t\t<div class=\"elementor-price-table__footer\">\n\t\t\t\t\t\t\t\t\t\t\t<a class=\"elementor-price-table__button elementor-button elementor-size-md\" href=\"https:\/\/onehostingeurope.com\/clientarea\/store\/marketing-media\/youtube-monetization-package-1\">\n\t\t\t\t\t\t\tKAUFE JETZT\t\t\t\t\t\t<\/a>\n\t\t\t\t\t\n\t\t\t\t\t\t\t\t\t<\/div>\n\t\t\t\t\t<\/div>\n\n\t\t\t\t<\/div>\n\t\t\t\t<\/div>\n\t\t\t\t\t<\/div>\n\t\t<\/div>\n\t\t\t\t<div class=\"elementor-column elementor-col-33 elementor-top-column elementor-element elementor-element-b8e29b5\" data-id=\"b8e29b5\" data-element_type=\"column\">\n\t\t\t<div class=\"elementor-widget-wrap elementor-element-populated\">\n\t\t\t\t\t\t<div class=\"elementor-element elementor-element-c5d18fe elementor-widget elementor-widget-price-table\" data-id=\"c5d18fe\" data-element_type=\"widget\" data-widget_type=\"price-table.default\">\n\t\t\t\t<div class=\"elementor-widget-container\">\n\t\t\t\n\t\t<div class=\"elementor-price-table\">\n\t\t\t\t\t\t\t<div class=\"elementor-price-table__header\">\n\t\t\t\t\t\t\t\t\t\t\t<h3 class=\"elementor-price-table__heading\">\n\t\t\t\t\t\tYouTube-Monetarisierung\t\t\t\t\t\t<\/h3>\n\t\t\t\t\t\n\t\t\t\t\t\t\t\t\t\t\t<span class=\"elementor-price-table__subheading\">\n\t\t\t\t\t\t\tSilber\t\t\t\t\t\t<\/span>\n\t\t\t\t\t\t\t\t\t<\/div>\n\t\t\t\n\t\t\t<div class=\"elementor-price-table__price\">\n\t\t\t\t\t\t\t\t<span class=\"elementor-price-table__currency\">&#128;<\/span>\t\t\t\t\t\t\t\t\t<span class=\"elementor-price-table__integer-part\">\n\t\t\t\t\t\t399\t\t\t\t\t<\/span>\n\t\t\t\t\n\t\t\t\t\n\t\t\t\t\n\t\t\t\t\t\t\t\t\t<span class=\"elementor-price-table__period elementor-typo-excluded\">Einmal <\/span>\t\t\t\t\t\t\t<\/div>\n\n\t\t\t\t\t\t\t<ul class=\"elementor-price-table__features-list\">\n\t\t\t\t\t\t\t\t\t\t\t<li class=\"elementor-repeater-item-778482a\">\n\t\t\t\t\t\t\t<div class=\"elementor-price-table__feature-inner\">\n\t\t\t\t\t\t\t\t<i aria-hidden=\"true\" class=\"far fa-check-circle\"><\/i>\t\t\t\t\t\t\t\t\t\t\t\t\t\t\t\t\t<span >\n\t\t\t\t\t\t\t\t\t\t2000 Stunden\t\t\t\t\t\t\t\t\t<\/span>\n\t\t\t\t\t\t\t\t\t\t\t\t\t\t\t\t<\/div>\n\t\t\t\t\t\t<\/li>\n\t\t\t\t\t\t\t\t\t\t\t<li class=\"elementor-repeater-item-c1ca9bc\">\n\t\t\t\t\t\t\t<div class=\"elementor-price-table__feature-inner\">\n\t\t\t\t\t\t\t\t<i aria-hidden=\"true\" class=\"far fa-check-circle\"><\/i>\t\t\t\t\t\t\t\t\t\t\t\t\t\t\t\t\t<span >\n\t\t\t\t\t\t\t\t\t\t500 Abonnenten\t\t\t\t\t\t\t\t\t<\/span>\n\t\t\t\t\t\t\t\t\t\t\t\t\t\t\t\t<\/div>\n\t\t\t\t\t\t<\/li>\n\t\t\t\t\t\t\t\t\t<\/ul>\n\t\t\t\n\t\t\t\t\t\t\t<div class=\"elementor-price-table__footer\">\n\t\t\t\t\t\t\t\t\t\t\t<a class=\"elementor-price-table__button elementor-button elementor-size-md\" href=\"https:\/\/onehostingeurope.com\/clientarea\/store\/marketing-media\/youtube-monetization-package-2\">\n\t\t\t\t\t\t\tKAUFE JETZT\t\t\t\t\t\t<\/a>\n\t\t\t\t\t\n\t\t\t\t\t\t\t\t\t<\/div>\n\t\t\t\t\t<\/div>\n\n\t\t\t\t<\/div>\n\t\t\t\t<\/div>\n\t\t\t\t\t<\/div>\n\t\t<\/div>\n\t\t\t\t<div class=\"elementor-column elementor-col-33 elementor-top-column elementor-element elementor-element-2ce054f\" data-id=\"2ce054f\" data-element_type=\"column\">\n\t\t\t<div class=\"elementor-widget-wrap elementor-element-populated\">\n\t\t\t\t\t\t<div class=\"elementor-element elementor-element-8e0d774 elementor-widget elementor-widget-price-table\" data-id=\"8e0d774\" data-element_type=\"widget\" data-widget_type=\"price-table.default\">\n\t\t\t\t<div class=\"elementor-widget-container\">\n\t\t\t\n\t\t<div class=\"elementor-price-table\">\n\t\t\t\t\t\t\t<div class=\"elementor-price-table__header\">\n\t\t\t\t\t\t\t\t\t\t\t<h3 class=\"elementor-price-table__heading\">\n\t\t\t\t\t\tYouTube-Monetarisierung\t\t\t\t\t\t<\/h3>\n\t\t\t\t\t\n\t\t\t\t\t\t\t\t\t\t\t<span class=\"elementor-price-table__subheading\">\n\t\t\t\t\t\t\tSilber\t\t\t\t\t\t<\/span>\n\t\t\t\t\t\t\t\t\t<\/div>\n\t\t\t\n\t\t\t<div class=\"elementor-price-table__price\">\n\t\t\t\t\t\t\t\t<span class=\"elementor-price-table__currency\">&#128;<\/span>\t\t\t\t\t\t\t\t\t<span class=\"elementor-price-table__integer-part\">\n\t\t\t\t\t\t699\t\t\t\t\t<\/span>\n\t\t\t\t\n\t\t\t\t\n\t\t\t\t\n\t\t\t\t\t\t\t\t\t<span class=\"elementor-price-table__period elementor-typo-excluded\">Einmal <\/span>\t\t\t\t\t\t\t<\/div>\n\n\t\t\t\t\t\t\t<ul class=\"elementor-price-table__features-list\">\n\t\t\t\t\t\t\t\t\t\t\t<li class=\"elementor-repeater-item-778482a\">\n\t\t\t\t\t\t\t<div class=\"elementor-price-table__feature-inner\">\n\t\t\t\t\t\t\t\t<i aria-hidden=\"true\" class=\"far fa-check-circle\"><\/i>\t\t\t\t\t\t\t\t\t\t\t\t\t\t\t\t\t<span >\n\t\t\t\t\t\t\t\t\t\t4000 Stunden\t\t\t\t\t\t\t\t\t<\/span>\n\t\t\t\t\t\t\t\t\t\t\t\t\t\t\t\t<\/div>\n\t\t\t\t\t\t<\/li>\n\t\t\t\t\t\t\t\t\t\t\t<li class=\"elementor-repeater-item-c1ca9bc\">\n\t\t\t\t\t\t\t<div class=\"elementor-price-table__feature-inner\">\n\t\t\t\t\t\t\t\t<i aria-hidden=\"true\" class=\"far fa-check-circle\"><\/i>\t\t\t\t\t\t\t\t\t\t\t\t\t\t\t\t\t<span >\n\t\t\t\t\t\t\t\t\t\t1000 Abonnenten\t\t\t\t\t\t\t\t\t<\/span>\n\t\t\t\t\t\t\t\t\t\t\t\t\t\t\t\t<\/div>\n\t\t\t\t\t\t<\/li>\n\t\t\t\t\t\t\t\t\t<\/ul>\n\t\t\t\n\t\t\t\t\t\t\t<div class=\"elementor-price-table__footer\">\n\t\t\t\t\t\t\t\t\t\t\t<a class=\"elementor-price-table__button elementor-button elementor-size-md\" href=\"https:\/\/onehostingeurope.com\/clientarea\/store\/marketing-media\/youtube-monetization-package-3\">\n\t\t\t\t\t\t\tKAUFE JETZT\t\t\t\t\t\t<\/a>\n\t\t\t\t\t\n\t\t\t\t\t\t\t\t\t<\/div>\n\t\t\t\t\t<\/div>\n\n\t\t\t\t\t<div class=\"elementor-price-table__ribbon\">\n\t\t\t\t<div class=\"elementor-price-table__ribbon-inner\">\n\t\t\t\t\tBeliebt\t\t\t\t<\/div>\n\t\t\t<\/div>\n\t\t\t\t\t<\/div>\n\t\t\t\t<\/div>\n\t\t\t\t\t<\/div>\n\t\t<\/div>\n\t\t\t\t\t<\/div>\n\t\t<\/section>\n\t\t\t\t<\/div>","protected":false},"excerpt":{"rendered":"<p>YouTube-Monetarisierungspaket Heute sprechen wir dar\u00fcber, wie Sie die Wiedergabedauer Ihres YouTube-Kanals erh\u00f6hen k\u00f6nnen. Dazu werden wir verschiedene Themen besprechen: wichtige Geheimnisse, die Ihnen dabei helfen, die Wiedergabedauer Ihres YouTube-Kanals zu erh\u00f6hen, was Evergreen-Inhalte sind und wie wir Ihnen helfen k\u00f6nnen. Hier sind die Gr\u00fcnde, warum Sie ein [\u2026] ben\u00f6tigen.<\/p>","protected":false},"author":1,"featured_media":0,"parent":0,"menu_order":0,"comment_status":"closed","ping_status":"closed","template":"","meta":{"footnotes":""},"class_list":["post-2496","page","type-page","status-publish","hentry"],"_links":{"self":[{"href":"https:\/\/onehostingeurope.com\/de\/wp-json\/wp\/v2\/pages\/2496","targetHints":{"allow":["GET"]}}],"collection":[{"href":"https:\/\/onehostingeurope.com\/de\/wp-json\/wp\/v2\/pages"}],"about":[{"href":"https:\/\/onehostingeurope.com\/de\/wp-json\/wp\/v2\/types\/page"}],"author":[{"embeddable":true,"href":"https:\/\/onehostingeurope.com\/de\/wp-json\/wp\/v2\/users\/1"}],"replies":[{"embeddable":true,"href":"https:\/\/onehostingeurope.com\/de\/wp-json\/wp\/v2\/comments?post=2496"}],"version-history":[{"count":59,"href":"https:\/\/onehostingeurope.com\/de\/wp-json\/wp\/v2\/pages\/2496\/revisions"}],"predecessor-version":[{"id":2559,"href":"https:\/\/onehostingeurope.com\/de\/wp-json\/wp\/v2\/pages\/2496\/revisions\/2559"}],"wp:attachment":[{"href":"https:\/\/onehostingeurope.com\/de\/wp-json\/wp\/v2\/media?parent=2496"}],"curies":[{"name":"wp","href":"https:\/\/api.w.org\/{rel}","templated":true}]}}