{"id":2248,"date":"2024-05-20T14:53:29","date_gmt":"2024-05-20T14:53:29","guid":{"rendered":"https:\/\/onehostingeurope.com\/?page_id=2248"},"modified":"2025-05-11T15:47:49","modified_gmt":"2025-05-11T13:47:49","slug":"creation-marketing-media","status":"publish","type":"page","link":"https:\/\/onehostingeurope.com\/de\/kreation-marketing-medien\/","title":{"rendered":"Kreation \u2013 Marketingmedien"},"content":{"rendered":"<div data-elementor-type=\"wp-page\" data-elementor-id=\"2248\" class=\"elementor elementor-2248\" data-elementor-post-type=\"page\">\n\t\t\t\t\t\t<section class=\"elementor-section elementor-top-section elementor-element elementor-element-5c07782 elementor-section-boxed elementor-section-height-default elementor-section-height-default\" data-id=\"5c07782\" data-element_type=\"section\">\n\t\t\t\t\t\t<div class=\"elementor-container elementor-column-gap-default\">\n\t\t\t\t\t<div class=\"elementor-column elementor-col-100 elementor-top-column elementor-element elementor-element-5babe33\" data-id=\"5babe33\" data-element_type=\"column\">\n\t\t\t<div class=\"elementor-widget-wrap\">\n\t\t\t\t\t\t\t<\/div>\n\t\t<\/div>\n\t\t\t\t\t<\/div>\n\t\t<\/section>\n\t\t\t\t<section class=\"elementor-section elementor-top-section elementor-element elementor-element-f2dd9e1 elementor-section-boxed elementor-section-height-default elementor-section-height-default\" data-id=\"f2dd9e1\" data-element_type=\"section\">\n\t\t\t\t\t\t<div class=\"elementor-container elementor-column-gap-default\">\n\t\t\t\t\t<div class=\"elementor-column elementor-col-100 elementor-top-column elementor-element elementor-element-d1d5f6c\" data-id=\"d1d5f6c\" data-element_type=\"column\">\n\t\t\t<div class=\"elementor-widget-wrap elementor-element-populated\">\n\t\t\t\t\t\t<div class=\"elementor-element elementor-element-4b923da elementor-widget elementor-widget-image\" data-id=\"4b923da\" data-element_type=\"widget\" data-widget_type=\"image.default\">\n\t\t\t\t<div class=\"elementor-widget-container\">\n\t\t\t\t\t\t\t\t\t\t\t\t\t<img fetchpriority=\"high\" decoding=\"async\" width=\"1024\" height=\"248\" src=\"https:\/\/onehostingeurope.com\/wp-content\/uploads\/2022\/12\/screenshot-appkodes.com-2022.12.21-21_37_51-1024x248.png\" class=\"attachment-large size-large wp-image-900\" alt=\"\" srcset=\"https:\/\/onehostingeurope.com\/wp-content\/uploads\/2022\/12\/screenshot-appkodes.com-2022.12.21-21_37_51-1024x248.png 1024w, https:\/\/onehostingeurope.com\/wp-content\/uploads\/2022\/12\/screenshot-appkodes.com-2022.12.21-21_37_51-416x101.png 416w, https:\/\/onehostingeurope.com\/wp-content\/uploads\/2022\/12\/screenshot-appkodes.com-2022.12.21-21_37_51-300x73.png 300w, https:\/\/onehostingeurope.com\/wp-content\/uploads\/2022\/12\/screenshot-appkodes.com-2022.12.21-21_37_51-768x186.png 768w, https:\/\/onehostingeurope.com\/wp-content\/uploads\/2022\/12\/screenshot-appkodes.com-2022.12.21-21_37_51-1536x372.png 1536w, https:\/\/onehostingeurope.com\/wp-content\/uploads\/2022\/12\/screenshot-appkodes.com-2022.12.21-21_37_51-18x4.png 18w, https:\/\/onehostingeurope.com\/wp-content\/uploads\/2022\/12\/screenshot-appkodes.com-2022.12.21-21_37_51.png 1799w\" sizes=\"(max-width: 1024px) 100vw, 1024px\" \/>\t\t\t\t\t\t\t\t\t\t\t\t\t<\/div>\n\t\t\t\t<\/div>\n\t\t\t\t\t<\/div>\n\t\t<\/div>\n\t\t\t\t\t<\/div>\n\t\t<\/section>\n\t\t\t\t<section class=\"elementor-section elementor-top-section elementor-element elementor-element-d6ebb3a elementor-section-boxed elementor-section-height-default elementor-section-height-default\" data-id=\"d6ebb3a\" data-element_type=\"section\">\n\t\t\t\t\t\t<div class=\"elementor-container elementor-column-gap-default\">\n\t\t\t\t\t<div class=\"elementor-column elementor-col-50 elementor-top-column elementor-element elementor-element-2509e37\" data-id=\"2509e37\" data-element_type=\"column\">\n\t\t\t<div class=\"elementor-widget-wrap elementor-element-populated\">\n\t\t\t\t\t\t<div class=\"elementor-element elementor-element-dff1b07 elementor-widget elementor-widget-image\" data-id=\"dff1b07\" data-element_type=\"widget\" data-widget_type=\"image.default\">\n\t\t\t\t<div class=\"elementor-widget-container\">\n\t\t\t\t\t\t\t\t\t\t\t\t\t<img decoding=\"async\" width=\"300\" height=\"200\" src=\"https:\/\/onehostingeurope.com\/wp-content\/uploads\/2024\/05\/website-elitehostingeurope-300x200.jpg\" class=\"attachment-medium size-medium wp-image-2260\" alt=\"\" srcset=\"https:\/\/onehostingeurope.com\/wp-content\/uploads\/2024\/05\/website-elitehostingeurope-300x200.jpg 300w, https:\/\/onehostingeurope.com\/wp-content\/uploads\/2024\/05\/website-elitehostingeurope-18x12.jpg 18w, https:\/\/onehostingeurope.com\/wp-content\/uploads\/2024\/05\/website-elitehostingeurope-416x277.jpg 416w, https:\/\/onehostingeurope.com\/wp-content\/uploads\/2024\/05\/website-elitehostingeurope.jpg 700w\" sizes=\"(max-width: 300px) 100vw, 300px\" \/>\t\t\t\t\t\t\t\t\t\t\t\t\t<\/div>\n\t\t\t\t<\/div>\n\t\t\t\t<div class=\"elementor-element elementor-element-f891d3d elementor-widget elementor-widget-heading\" data-id=\"f891d3d\" data-element_type=\"widget\" data-widget_type=\"heading.default\">\n\t\t\t\t<div class=\"elementor-widget-container\">\n\t\t\t<h2 class=\"elementor-heading-title elementor-size-default\">Erstellungswebsite<\/h2>\t\t<\/div>\n\t\t\t\t<\/div>\n\t\t\t\t<div class=\"elementor-element elementor-element-ddb0a05 elementor-widget elementor-widget-text-editor\" data-id=\"ddb0a05\" data-element_type=\"widget\" data-widget_type=\"text-editor.default\">\n\t\t\t\t<div class=\"elementor-widget-container\">\n\t\t\t\t\t\t\t<p><strong>1. Individuelles Webdesign:<\/strong> Unsere talentierten Designer erstellen visuell beeindruckende Websites, die auf die einzigartige Identit\u00e4t Ihrer Marke zugeschnitten sind. Von eleganter, moderner \u00c4sthetik bis hin zu lebendigen, dynamischen Layouts sorgen wir daf\u00fcr, dass Ihre Website in der digitalen Landschaft hervorsticht.<\/p><p><strong>2. Responsive Entwicklung:<\/strong> Wir erstellen responsive Websites, die ein nahtloses Benutzererlebnis auf allen Ger\u00e4ten bieten. Egal, ob Ihre Zielgruppe auf einem Desktop, Tablet oder Smartphone surft, Ihre Website wird einwandfrei aussehen und funktionieren.<\/p><p><strong>3. SEO-Optimierung:<\/strong> Unsere SEO-Experten optimieren Ihre Website, um ein h\u00f6heres Ranking in den Suchmaschinen zu erzielen und sicherzustellen, dass Ihre Zielgruppe Sie leicht finden kann. Von der Keyword-Recherche bis zur On-Page-SEO implementieren wir Strategien, die Ihre Online-Sichtbarkeit steigern.<\/p><p><strong>4. Content-Management-Systeme:<\/strong> \u00dcbernehmen Sie die Kontrolle \u00fcber Ihre Inhalte mit unseren benutzerfreundlichen CMS-Integrationen. Wir bieten Schulungen und fortlaufenden Support, sodass Sie Ihre Website m\u00fchelos aktualisieren und verwalten k\u00f6nnen.<\/p><p><strong>5. Schnelles und sicheres Hosting:<\/strong> Genie\u00dfen Sie die Sicherheit unserer zuverl\u00e4ssigen Hosting-Dienste. Wir bieten schnelle Ladezeiten, robuste Sicherheitsfunktionen und regelm\u00e4\u00dfige Backups, damit Ihre Website reibungslos und sicher l\u00e4uft.<\/p>\t\t\t\t\t\t<\/div>\n\t\t\t\t<\/div>\n\t\t\t\t<div class=\"elementor-element elementor-element-0d46c18 elementor-align-center elementor-widget elementor-widget-button\" data-id=\"0d46c18\" data-element_type=\"widget\" data-widget_type=\"button.default\">\n\t\t\t\t<div class=\"elementor-widget-container\">\n\t\t\t\t\t\t\t<div class=\"elementor-button-wrapper\">\n\t\t\t\t\t<a class=\"elementor-button elementor-button-link elementor-size-sm\" href=\"https:\/\/onehostingeurope.com\/clientarea\/index.php?rp=\/store\/website-creation\/website-creation\" target=\"_blank\">\n\t\t\t\t\t\t<span class=\"elementor-button-content-wrapper\">\n\t\t\t\t\t\t\t\t\t<span class=\"elementor-button-text\">Jetzt starten<\/span>\n\t\t\t\t\t<\/span>\n\t\t\t\t\t<\/a>\n\t\t\t\t<\/div>\n\t\t\t\t\t\t<\/div>\n\t\t\t\t<\/div>\n\t\t\t\t\t<\/div>\n\t\t<\/div>\n\t\t\t\t<div class=\"elementor-column elementor-col-50 elementor-top-column elementor-element elementor-element-18aad36\" data-id=\"18aad36\" data-element_type=\"column\">\n\t\t\t<div class=\"elementor-widget-wrap elementor-element-populated\">\n\t\t\t\t\t\t<div class=\"elementor-element elementor-element-826188c elementor-widget elementor-widget-image\" data-id=\"826188c\" data-element_type=\"widget\" data-widget_type=\"image.default\">\n\t\t\t\t<div class=\"elementor-widget-container\">\n\t\t\t\t\t\t\t\t\t\t\t\t\t<img decoding=\"async\" width=\"300\" height=\"195\" src=\"https:\/\/onehostingeurope.com\/wp-content\/uploads\/2024\/05\/ecommerce-300x195.webp\" class=\"attachment-medium size-medium wp-image-2261\" alt=\"\" srcset=\"https:\/\/onehostingeurope.com\/wp-content\/uploads\/2024\/05\/ecommerce-300x195.webp 300w, https:\/\/onehostingeurope.com\/wp-content\/uploads\/2024\/05\/ecommerce-18x12.webp 18w, https:\/\/onehostingeurope.com\/wp-content\/uploads\/2024\/05\/ecommerce-416x270.webp 416w, https:\/\/onehostingeurope.com\/wp-content\/uploads\/2024\/05\/ecommerce.webp 500w\" sizes=\"(max-width: 300px) 100vw, 300px\" \/>\t\t\t\t\t\t\t\t\t\t\t\t\t<\/div>\n\t\t\t\t<\/div>\n\t\t\t\t<div class=\"elementor-element elementor-element-83c9d40 elementor-widget elementor-widget-heading\" data-id=\"83c9d40\" data-element_type=\"widget\" data-widget_type=\"heading.default\">\n\t\t\t\t<div class=\"elementor-widget-container\">\n\t\t\t<h2 class=\"elementor-heading-title elementor-size-default\">Erstellung Website + eShop + Online-Zahlung<\/h2>\t\t<\/div>\n\t\t\t\t<\/div>\n\t\t\t\t<div class=\"elementor-element elementor-element-e8aae4d elementor-widget elementor-widget-text-editor\" data-id=\"e8aae4d\" data-element_type=\"widget\" data-widget_type=\"text-editor.default\">\n\t\t\t\t<div class=\"elementor-widget-container\">\n\t\t\t\t\t\t\t<p><strong>1. Individuelles Webdesign:<\/strong> Unsere talentierten Designer erstellen visuell beeindruckende Websites, die auf die einzigartige Identit\u00e4t Ihrer Marke zugeschnitten sind. Von eleganter, moderner \u00c4sthetik bis hin zu lebendigen, dynamischen Layouts sorgen wir daf\u00fcr, dass Ihre Website in der digitalen Landschaft hervorsticht.<\/p><p><strong>2. Responsive Entwicklung:<\/strong> Wir erstellen responsive Websites, die ein nahtloses Benutzererlebnis auf allen Ger\u00e4ten bieten. Egal, ob Ihre Zielgruppe auf einem Desktop, Tablet oder Smartphone surft, Ihre Website wird einwandfrei aussehen und funktionieren.<\/p><p><strong>3. E-Commerce-L\u00f6sungen:<\/strong> Erweitern Sie Ihr Gesch\u00e4ft mit unseren robusten E-Commerce-L\u00f6sungen. Wir integrieren sichere Zahlungsgateways, benutzerfreundliche Einkaufswagen und effiziente Produktmanagementsysteme, um den Umsatz zu steigern und die Kundenzufriedenheit zu verbessern.<\/p><p><strong>4. SEO-Optimierung:<\/strong> Unsere SEO-Experten optimieren Ihre Website, um ein h\u00f6heres Ranking in den Suchmaschinen zu erzielen und sicherzustellen, dass Ihre Zielgruppe Sie leicht finden kann. Von der Keyword-Recherche bis zur On-Page-SEO steigern wir Ihre Online-Sichtbarkeit.<\/p><p><strong>5. Content-Management-Systeme:<\/strong> \u00dcbernehmen Sie die Kontrolle \u00fcber Ihre Inhalte mit unseren benutzerfreundlichen CMS-Integrationen. Wir bieten Schulungen und fortlaufenden Support, sodass Sie Ihre Website m\u00fchelos aktualisieren und verwalten k\u00f6nnen.<\/p>\t\t\t\t\t\t<\/div>\n\t\t\t\t<\/div>\n\t\t\t\t<div class=\"elementor-element elementor-element-e58fc94 elementor-align-center elementor-widget elementor-widget-button\" data-id=\"e58fc94\" data-element_type=\"widget\" data-widget_type=\"button.default\">\n\t\t\t\t<div class=\"elementor-widget-container\">\n\t\t\t\t\t\t\t<div class=\"elementor-button-wrapper\">\n\t\t\t\t\t<a class=\"elementor-button elementor-button-link elementor-size-sm\" href=\"https:\/\/onehostingeurope.com\/clientarea\/index.php?rp=\/store\/website-creation\/creation-website-eshop\" target=\"_blank\">\n\t\t\t\t\t\t<span class=\"elementor-button-content-wrapper\">\n\t\t\t\t\t\t\t\t\t<span class=\"elementor-button-text\">Jetzt starten<\/span>\n\t\t\t\t\t<\/span>\n\t\t\t\t\t<\/a>\n\t\t\t\t<\/div>\n\t\t\t\t\t\t<\/div>\n\t\t\t\t<\/div>\n\t\t\t\t\t<\/div>\n\t\t<\/div>\n\t\t\t\t\t<\/div>\n\t\t<\/section>\n\t\t\t\t<\/div>","protected":false},"excerpt":{"rendered":"<p>Erstellung einer Website 1. Ma\u00dfgeschneidertes Webdesign: Unsere talentierten Designer erstellen visuell beeindruckende Websites, die auf die einzigartige Identit\u00e4t Ihrer Marke zugeschnitten sind. Von eleganter, moderner \u00c4sthetik bis hin zu lebendigen, dynamischen Layouts sorgen wir daf\u00fcr, dass Ihre Website in der digitalen Landschaft hervorsticht. 2. Responsive Entwicklung: Wir erstellen responsive Websites, die ein nahtloses Benutzererlebnis auf allen Ger\u00e4ten bieten. Egal, ob Ihr [\u2026]<\/p>","protected":false},"author":1,"featured_media":0,"parent":0,"menu_order":0,"comment_status":"closed","ping_status":"closed","template":"","meta":{"footnotes":""},"class_list":["post-2248","page","type-page","status-publish","hentry"],"_links":{"self":[{"href":"https:\/\/onehostingeurope.com\/de\/wp-json\/wp\/v2\/pages\/2248","targetHints":{"allow":["GET"]}}],"collection":[{"href":"https:\/\/onehostingeurope.com\/de\/wp-json\/wp\/v2\/pages"}],"about":[{"href":"https:\/\/onehostingeurope.com\/de\/wp-json\/wp\/v2\/types\/page"}],"author":[{"embeddable":true,"href":"https:\/\/onehostingeurope.com\/de\/wp-json\/wp\/v2\/users\/1"}],"replies":[{"embeddable":true,"href":"https:\/\/onehostingeurope.com\/de\/wp-json\/wp\/v2\/comments?post=2248"}],"version-history":[{"count":73,"href":"https:\/\/onehostingeurope.com\/de\/wp-json\/wp\/v2\/pages\/2248\/revisions"}],"predecessor-version":[{"id":3007,"href":"https:\/\/onehostingeurope.com\/de\/wp-json\/wp\/v2\/pages\/2248\/revisions\/3007"}],"wp:attachment":[{"href":"https:\/\/onehostingeurope.com\/de\/wp-json\/wp\/v2\/media?parent=2248"}],"curies":[{"name":"wp","href":"https:\/\/api.w.org\/{rel}","templated":true}]}}