{"id":1654,"date":"2023-01-01T12:34:11","date_gmt":"2023-01-01T12:34:11","guid":{"rendered":"https:\/\/onehostingeurope.com\/?page_id=1654"},"modified":"2023-08-01T05:00:23","modified_gmt":"2023-08-01T05:00:23","slug":"auctions-domain-name-aftermarket","status":"publish","type":"page","link":"https:\/\/onehostingeurope.com\/de\/auktionen-domainnamen-aftermarket\/","title":{"rendered":"Auktionen Domainnamen Aftermarket"},"content":{"rendered":"<div data-elementor-type=\"wp-page\" data-elementor-id=\"1654\" class=\"elementor elementor-1654\" data-elementor-post-type=\"page\">\n\t\t\t\t\t\t<section class=\"elementor-section elementor-top-section elementor-element elementor-element-82b3b70 elementor-section-boxed elementor-section-height-default elementor-section-height-default\" data-id=\"82b3b70\" data-element_type=\"section\">\n\t\t\t\t\t\t<div class=\"elementor-container elementor-column-gap-default\">\n\t\t\t\t\t<div class=\"elementor-column elementor-col-100 elementor-top-column elementor-element elementor-element-4f469be\" data-id=\"4f469be\" data-element_type=\"column\">\n\t\t\t<div class=\"elementor-widget-wrap elementor-element-populated\">\n\t\t\t\t\t\t<div class=\"elementor-element elementor-element-5a2bfdb elementor-widget elementor-widget-spacer\" data-id=\"5a2bfdb\" data-element_type=\"widget\" data-widget_type=\"spacer.default\">\n\t\t\t\t<div class=\"elementor-widget-container\">\n\t\t\t\t\t<div class=\"elementor-spacer\">\n\t\t\t<div class=\"elementor-spacer-inner\"><\/div>\n\t\t<\/div>\n\t\t\t\t<\/div>\n\t\t\t\t<\/div>\n\t\t\t\t\t<\/div>\n\t\t<\/div>\n\t\t\t\t\t<\/div>\n\t\t<\/section>\n\t\t\t\t<section class=\"elementor-section elementor-top-section elementor-element elementor-element-1cc6238 elementor-section-boxed elementor-section-height-default elementor-section-height-default\" data-id=\"1cc6238\" data-element_type=\"section\">\n\t\t\t\t\t\t<div class=\"elementor-container elementor-column-gap-default\">\n\t\t\t\t\t<div class=\"elementor-column elementor-col-50 elementor-top-column elementor-element elementor-element-efb6fa4\" data-id=\"efb6fa4\" data-element_type=\"column\">\n\t\t\t<div class=\"elementor-widget-wrap elementor-element-populated\">\n\t\t\t\t\t\t<div class=\"elementor-element elementor-element-3792ba9 elementor-widget elementor-widget-heading\" data-id=\"3792ba9\" data-element_type=\"widget\" data-widget_type=\"heading.default\">\n\t\t\t\t<div class=\"elementor-widget-container\">\n\t\t\t<h2 class=\"elementor-heading-title elementor-size-large\">Premium-Domainnamen kaufen.<\/h2>\t\t<\/div>\n\t\t\t\t<\/div>\n\t\t\t\t<div class=\"elementor-element elementor-element-1293267 elementor-widget elementor-widget-text-editor\" data-id=\"1293267\" data-element_type=\"widget\" data-widget_type=\"text-editor.default\">\n\t\t\t\t<div class=\"elementor-widget-container\">\n\t\t\t\t\t\t\t<p>Domains sind mehr als eine Webadresse. Sie haben oft einen Wert, der weit \u00fcber ihren anf\u00e4nglichen Registrierungspreis hinausgeht. Je nachdem, wie einpr\u00e4gsam sie ist oder wie gut sie bei Google rankt, kann eine Domain, die anfangs ein paar Dollar kostet, f\u00fcr den richtigen K\u00e4ufer viel Geld wert sein. Aus diesem Grund gibt es Domain-Auktionen \u2013 um Domain-Inhabern die M\u00f6glichkeit zu geben, ihren Namen gewinnbringend zu verkaufen, und um K\u00e4ufern die M\u00f6glichkeit zu geben, einen Namen zu erhalten, der ihre Website auf die n\u00e4chste Stufe heben kann.<\/p>\t\t\t\t\t\t<\/div>\n\t\t\t\t<\/div>\n\t\t\t\t\t<\/div>\n\t\t<\/div>\n\t\t\t\t<div class=\"elementor-column elementor-col-50 elementor-top-column elementor-element elementor-element-efb1d69\" data-id=\"efb1d69\" data-element_type=\"column\">\n\t\t\t<div class=\"elementor-widget-wrap elementor-element-populated\">\n\t\t\t\t\t\t<div class=\"elementor-element elementor-element-bf1a1fc elementor-widget elementor-widget-image\" data-id=\"bf1a1fc\" data-element_type=\"widget\" data-widget_type=\"image.default\">\n\t\t\t\t<div class=\"elementor-widget-container\">\n\t\t\t\t\t\t\t\t\t\t\t\t\t<img fetchpriority=\"high\" decoding=\"async\" width=\"348\" height=\"191\" src=\"https:\/\/onehostingeurope.com\/wp-content\/uploads\/2023\/01\/logo-1.png\" class=\"attachment-large size-large wp-image-1708\" alt=\"\" srcset=\"https:\/\/onehostingeurope.com\/wp-content\/uploads\/2023\/01\/logo-1.png 348w, https:\/\/onehostingeurope.com\/wp-content\/uploads\/2023\/01\/logo-1-300x165.png 300w, https:\/\/onehostingeurope.com\/wp-content\/uploads\/2023\/01\/logo-1-18x10.png 18w\" sizes=\"(max-width: 348px) 100vw, 348px\" \/>\t\t\t\t\t\t\t\t\t\t\t\t\t<\/div>\n\t\t\t\t<\/div>\n\t\t\t\t\t<\/div>\n\t\t<\/div>\n\t\t\t\t\t<\/div>\n\t\t<\/section>\n\t\t\t\t<section class=\"elementor-section elementor-top-section elementor-element elementor-element-096511d elementor-section-boxed elementor-section-height-default elementor-section-height-default\" data-id=\"096511d\" data-element_type=\"section\">\n\t\t\t\t\t\t<div class=\"elementor-container elementor-column-gap-default\">\n\t\t\t\t\t<div class=\"elementor-column elementor-col-100 elementor-top-column elementor-element elementor-element-aebdec2\" data-id=\"aebdec2\" data-element_type=\"column\">\n\t\t\t<div class=\"elementor-widget-wrap elementor-element-populated\">\n\t\t\t\t\t\t<div class=\"elementor-element elementor-element-f196b7b elementor-widget-divider--view-line elementor-widget elementor-widget-divider\" data-id=\"f196b7b\" data-element_type=\"widget\" data-widget_type=\"divider.default\">\n\t\t\t\t<div class=\"elementor-widget-container\">\n\t\t\t\t\t<div class=\"elementor-divider\">\n\t\t\t<span class=\"elementor-divider-separator\">\n\t\t\t\t\t\t<\/span>\n\t\t<\/div>\n\t\t\t\t<\/div>\n\t\t\t\t<\/div>\n\t\t\t\t<div class=\"elementor-element elementor-element-691681e elementor-grid-4 elementor-grid-tablet-3 elementor-grid-mobile-2 elementor-products-grid elementor-wc-products elementor-widget elementor-widget-wc-categories\" data-id=\"691681e\" data-element_type=\"widget\" data-widget_type=\"wc-categories.default\">\n\t\t\t\t<div class=\"elementor-widget-container\">\n\t\t\t<div class=\"woocommerce columns-4\"><ul class=\"products elementor-grid columns-4\">\n<li class=\"product-category product first\">\n\t<a aria-label=\"Produktkategorie Plugin besuchen\" href=\"https:\/\/onehostingeurope.com\/de\/produktkategorie\/plugin\/\" data-no-translation-aria-label=\"\"><img decoding=\"async\" src=\"https:\/\/onehostingeurope.com\/wp-content\/uploads\/woocommerce-placeholder-324x324.png\" alt=\"Plugin\" width=\"324\" height=\"324\" \/>\t\t<h2 class=\"woocommerce-loop-category__title\">\n\t\t\tPlugin <mark class=\"count\">(2)<\/mark>\t\t<\/h2>\n\t\t<\/a><\/li>\n<li class=\"product-category product\">\n\t<a aria-label=\"Produktkategorie Full Projects besuchen\" href=\"https:\/\/onehostingeurope.com\/de\/produktkategorie\/vollstandig-projektbereit\/\" data-no-translation-aria-label=\"\"><img decoding=\"async\" src=\"https:\/\/onehostingeurope.com\/wp-content\/uploads\/2023\/01\/Project-Management-Journey-324x324.jpg\" alt=\"Vollst\u00e4ndige Projekte\" width=\"324\" height=\"324\" srcset=\"https:\/\/onehostingeurope.com\/wp-content\/uploads\/2023\/01\/Project-Management-Journey-324x324.jpg 324w, https:\/\/onehostingeurope.com\/wp-content\/uploads\/2023\/01\/Project-Management-Journey-150x150.jpg 150w, https:\/\/onehostingeurope.com\/wp-content\/uploads\/2023\/01\/Project-Management-Journey-100x100.jpg 100w\" sizes=\"(max-width: 324px) 100vw, 324px\" \/>\t\t<h2 class=\"woocommerce-loop-category__title\">\n\t\t\tVollst\u00e4ndige Projekte\t\t<\/h2>\n\t\t<\/a><\/li>\n<li class=\"product-category product\">\n\t<a aria-label=\"Produktkategorie Domains Name besuchen\" href=\"https:\/\/onehostingeurope.com\/de\/produktkategorie\/domanenname\/\" data-no-translation-aria-label=\"\"><img loading=\"lazy\" decoding=\"async\" src=\"https:\/\/onehostingeurope.com\/wp-content\/uploads\/2023\/01\/istockphoto-1199391473-612x612-1-324x324.jpg\" alt=\"Dom\u00e4nenname\" width=\"324\" height=\"324\" srcset=\"https:\/\/onehostingeurope.com\/wp-content\/uploads\/2023\/01\/istockphoto-1199391473-612x612-1-324x324.jpg 324w, https:\/\/onehostingeurope.com\/wp-content\/uploads\/2023\/01\/istockphoto-1199391473-612x612-1-100x100.jpg 100w, https:\/\/onehostingeurope.com\/wp-content\/uploads\/2023\/01\/istockphoto-1199391473-612x612-1-416x416.jpg 416w, https:\/\/onehostingeurope.com\/wp-content\/uploads\/2023\/01\/istockphoto-1199391473-612x612-1-300x300.jpg 300w, https:\/\/onehostingeurope.com\/wp-content\/uploads\/2023\/01\/istockphoto-1199391473-612x612-1-150x150.jpg 150w, https:\/\/onehostingeurope.com\/wp-content\/uploads\/2023\/01\/istockphoto-1199391473-612x612-1-12x12.jpg 12w, https:\/\/onehostingeurope.com\/wp-content\/uploads\/2023\/01\/istockphoto-1199391473-612x612-1.jpg 612w\" sizes=\"(max-width: 324px) 100vw, 324px\" \/>\t\t<h2 class=\"woocommerce-loop-category__title\">\n\t\t\tDom\u00e4nenname <mark class=\"count\">(1)<\/mark>\t\t<\/h2>\n\t\t<\/a><\/li>\n<\/ul>\n<\/div>\t\t<\/div>\n\t\t\t\t<\/div>\n\t\t\t\t<div class=\"elementor-element elementor-element-5acdf94 elementor-grid-3 elementor-grid-tablet-3 elementor-grid-mobile-2 elementor-products-grid elementor-wc-products elementor-widget elementor-widget-woocommerce-products\" data-id=\"5acdf94\" data-element_type=\"widget\" data-widget_type=\"woocommerce-products.default\">\n\t\t\t\t<div class=\"elementor-widget-container\">\n\t\t\t<div class=\"woocommerce columns-3\"><ul class=\"products elementor-grid columns-3\">\n<li class=\"product type-product post-2836 status-publish first instock product_cat-plugin has-post-thumbnail downloadable virtual purchasable product-type-subscription\">\n\t<a href=\"https:\/\/onehostingeurope.com\/de\/shop\/rank-google-pro\/\" class=\"woocommerce-LoopProduct-link woocommerce-loop-product__link\"><img loading=\"lazy\" decoding=\"async\" width=\"324\" height=\"324\" src=\"https:\/\/onehostingeurope.com\/wp-content\/uploads\/2025\/04\/SEO-Ranking-324x324.png\" class=\"attachment-woocommerce_thumbnail size-woocommerce_thumbnail\" alt=\"Ranking Google PRO\" srcset=\"https:\/\/onehostingeurope.com\/wp-content\/uploads\/2025\/04\/SEO-Ranking-324x324.png 324w, https:\/\/onehostingeurope.com\/wp-content\/uploads\/2025\/04\/SEO-Ranking-150x150.png 150w, https:\/\/onehostingeurope.com\/wp-content\/uploads\/2025\/04\/SEO-Ranking-100x100.png 100w\" sizes=\"(max-width: 324px) 100vw, 324px\" \/><h2 class=\"woocommerce-loop-product__title\">Ranking Google PRO<\/h2>\n\t<span class=\"price\"><span class=\"woocommerce-Price-amount amount\"><bdi><span class=\"woocommerce-Price-currencySymbol\">\u20ac<\/span>499.00<\/bdi><\/span> <span class=\"subscription-details\"> \/ Jahr<\/span><\/span>\n<\/a><a href=\"\/de\/wp-json\/wp\/v2\/pages\/1654?add-to-cart=2836\" aria-describedby=\"woocommerce_loop_add_to_cart_link_describedby_2836\" data-quantity=\"1\" class=\"button product_type_subscription add_to_cart_button ajax_add_to_cart\" data-product_id=\"2836\" data-product_sku=\"\" aria-label=\"Zum Warenkorb hinzuf\u00fcgen: \u201eRank Google PRO\u201c\" rel=\"nofollow\" data-success_message=\"\u201eRank Google PRO\u201c wurde deinem Warenkorb hinzugef\u00fcgt\" role=\"button\" data-no-translation=\"\" data-trp-gettext=\"\" data-no-translation-aria-label=\"\" data-no-translation-data-success_message=\"\">Jetzt abschliessen<\/a>\t<span id=\"woocommerce_loop_add_to_cart_link_describedby_2836\" class=\"screen-reader-text\">\n\t\t\t<\/span>\n<\/li>\n<li class=\"product type-product post-2757 status-publish instock product_cat-domains-name has-post-thumbnail shipping-taxable purchasable product-type-simple\">\n\t<a href=\"https:\/\/onehostingeurope.com\/de\/shop\/service360\/\" class=\"woocommerce-LoopProduct-link woocommerce-loop-product__link\"><img loading=\"lazy\" decoding=\"async\" width=\"300\" height=\"300\" src=\"https:\/\/onehostingeurope.com\/wp-content\/uploads\/2024\/07\/360.webp\" class=\"attachment-woocommerce_thumbnail size-woocommerce_thumbnail\" alt=\"Service360\" srcset=\"https:\/\/onehostingeurope.com\/wp-content\/uploads\/2024\/07\/360.webp 300w, https:\/\/onehostingeurope.com\/wp-content\/uploads\/2024\/07\/360-150x150.webp 150w, https:\/\/onehostingeurope.com\/wp-content\/uploads\/2024\/07\/360-12x12.webp 12w, https:\/\/onehostingeurope.com\/wp-content\/uploads\/2024\/07\/360-100x100.webp 100w\" sizes=\"(max-width: 300px) 100vw, 300px\" \/><h2 class=\"woocommerce-loop-product__title\">Service360<\/h2>\n\t<span class=\"price\"><span class=\"woocommerce-Price-amount amount\"><bdi><span class=\"woocommerce-Price-currencySymbol\">\u20ac<\/span>79.90<\/bdi><\/span><\/span>\n<\/a><a href=\"\/de\/wp-json\/wp\/v2\/pages\/1654?add-to-cart=2757\" aria-describedby=\"woocommerce_loop_add_to_cart_link_describedby_2757\" data-quantity=\"1\" class=\"button product_type_simple add_to_cart_button ajax_add_to_cart\" data-product_id=\"2757\" data-product_sku=\"\" aria-label=\"Zum Warenkorb hinzuf\u00fcgen: \u201eService360\u201c\" rel=\"nofollow\" data-success_message=\"\u201eService360\u201c wurde deinem Warenkorb hinzugef\u00fcgt\" role=\"button\" data-no-translation=\"\" data-trp-gettext=\"\" data-no-translation-aria-label=\"\" data-no-translation-data-success_message=\"\">In den Warenkorb<\/a>\t<span id=\"woocommerce_loop_add_to_cart_link_describedby_2757\" class=\"screen-reader-text\">\n\t\t\t<\/span>\n<\/li>\n<li class=\"product type-product post-2240 status-publish last instock product_cat-plugin product_tag-apimo product_tag-houzez has-post-thumbnail downloadable virtual purchasable product-type-simple\">\n\t<a href=\"https:\/\/onehostingeurope.com\/de\/shop\/apimo-sync-houzez\/\" class=\"woocommerce-LoopProduct-link woocommerce-loop-product__link\"><img loading=\"lazy\" decoding=\"async\" width=\"200\" height=\"200\" src=\"https:\/\/onehostingeurope.com\/wp-content\/uploads\/2023\/11\/images.jpeg\" class=\"attachment-woocommerce_thumbnail size-woocommerce_thumbnail\" alt=\"APIMO SYNC HOUZEZ\" srcset=\"https:\/\/onehostingeurope.com\/wp-content\/uploads\/2023\/11\/images.jpeg 200w, https:\/\/onehostingeurope.com\/wp-content\/uploads\/2023\/11\/images-150x150.jpeg 150w, https:\/\/onehostingeurope.com\/wp-content\/uploads\/2023\/11\/images-12x12.jpeg 12w, https:\/\/onehostingeurope.com\/wp-content\/uploads\/2023\/11\/images-100x100.jpeg 100w\" sizes=\"(max-width: 200px) 100vw, 200px\" \/><h2 class=\"woocommerce-loop-product__title\">APIMO SYNC HOUZEZ<\/h2>\n\t<span class=\"price\"><span class=\"woocommerce-Price-amount amount\"><bdi><span class=\"woocommerce-Price-currencySymbol\">\u20ac<\/span>199.00<\/bdi><\/span><\/span>\n<\/a><a href=\"\/de\/wp-json\/wp\/v2\/pages\/1654?add-to-cart=2240\" aria-describedby=\"woocommerce_loop_add_to_cart_link_describedby_2240\" data-quantity=\"1\" class=\"button product_type_simple add_to_cart_button ajax_add_to_cart\" data-product_id=\"2240\" data-product_sku=\"\" aria-label=\"Zum Warenkorb hinzuf\u00fcgen: \u201eAPIMO SYNC HOUZEZ\u201c\" rel=\"nofollow\" data-success_message=\"\u201eAPIMO SYNC HOUZEZ\u201c wurde deinem Warenkorb hinzugef\u00fcgt\" role=\"button\" data-no-translation=\"\" data-trp-gettext=\"\" data-no-translation-aria-label=\"\" data-no-translation-data-success_message=\"\">In den Warenkorb<\/a>\t<span id=\"woocommerce_loop_add_to_cart_link_describedby_2240\" class=\"screen-reader-text\">\n\t\t\t<\/span>\n<\/li>\n<\/ul>\n<\/div>\t\t<\/div>\n\t\t\t\t<\/div>\n\t\t\t\t<div class=\"elementor-element elementor-element-fed03f8 elementor-widget-divider--view-line elementor-widget elementor-widget-divider\" data-id=\"fed03f8\" data-element_type=\"widget\" data-widget_type=\"divider.default\">\n\t\t\t\t<div class=\"elementor-widget-container\">\n\t\t\t\t\t<div class=\"elementor-divider\">\n\t\t\t<span class=\"elementor-divider-separator\">\n\t\t\t\t\t\t<\/span>\n\t\t<\/div>\n\t\t\t\t<\/div>\n\t\t\t\t<\/div>\n\t\t\t\t\t<\/div>\n\t\t<\/div>\n\t\t\t\t\t<\/div>\n\t\t<\/section>\n\t\t\t\t<section class=\"elementor-section elementor-top-section elementor-element elementor-element-6e8a7ff elementor-section-boxed elementor-section-height-default elementor-section-height-default\" data-id=\"6e8a7ff\" data-element_type=\"section\">\n\t\t\t\t\t\t<div class=\"elementor-container elementor-column-gap-default\">\n\t\t\t\t\t<div class=\"elementor-column elementor-col-100 elementor-top-column elementor-element elementor-element-aed2335\" data-id=\"aed2335\" data-element_type=\"column\">\n\t\t\t<div class=\"elementor-widget-wrap elementor-element-populated\">\n\t\t\t\t\t\t<div class=\"elementor-element elementor-element-6f17f16 elementor-widget elementor-widget-heading\" data-id=\"6f17f16\" data-element_type=\"widget\" data-widget_type=\"heading.default\">\n\t\t\t\t<div class=\"elementor-widget-container\">\n\t\t\t<h2 class=\"elementor-heading-title elementor-size-large\">Premium-Domainname zum Verkauf<\/h2>\t\t<\/div>\n\t\t\t\t<\/div>\n\t\t\t\t\t<\/div>\n\t\t<\/div>\n\t\t\t\t\t<\/div>\n\t\t<\/section>\n\t\t\t\t<section class=\"elementor-section elementor-top-section elementor-element elementor-element-648bcb2 elementor-section-boxed elementor-section-height-default elementor-section-height-default\" data-id=\"648bcb2\" data-element_type=\"section\">\n\t\t\t\t\t\t<div class=\"elementor-container elementor-column-gap-default\">\n\t\t\t\t\t<div class=\"elementor-column elementor-col-20 elementor-top-column elementor-element elementor-element-195c765\" data-id=\"195c765\" data-element_type=\"column\">\n\t\t\t<div class=\"elementor-widget-wrap elementor-element-populated\">\n\t\t\t\t\t\t<div class=\"elementor-element elementor-element-6a06b90 elementor-widget elementor-widget-heading\" data-id=\"6a06b90\" data-element_type=\"widget\" data-widget_type=\"heading.default\">\n\t\t\t\t<div class=\"elementor-widget-container\">\n\t\t\t<h2 class=\"elementor-heading-title elementor-size-small\">Click&amp;Boating.com<\/h2>\t\t<\/div>\n\t\t\t\t<\/div>\n\t\t\t\t<div class=\"elementor-element elementor-element-87ff29c elementor-widget elementor-widget-image\" data-id=\"87ff29c\" data-element_type=\"widget\" data-widget_type=\"image.default\">\n\t\t\t\t<div class=\"elementor-widget-container\">\n\t\t\t\t\t\t\t\t\t\t\t\t\t<img loading=\"lazy\" decoding=\"async\" width=\"1024\" height=\"500\" src=\"https:\/\/onehostingeurope.com\/wp-content\/uploads\/2022\/12\/Home-Click-Boating-1024x500.png\" class=\"attachment-large size-large wp-image-1432\" alt=\"\" srcset=\"https:\/\/onehostingeurope.com\/wp-content\/uploads\/2022\/12\/Home-Click-Boating-1024x500.png 1024w, https:\/\/onehostingeurope.com\/wp-content\/uploads\/2022\/12\/Home-Click-Boating-416x203.png 416w, https:\/\/onehostingeurope.com\/wp-content\/uploads\/2022\/12\/Home-Click-Boating-300x146.png 300w, https:\/\/onehostingeurope.com\/wp-content\/uploads\/2022\/12\/Home-Click-Boating-768x375.png 768w, https:\/\/onehostingeurope.com\/wp-content\/uploads\/2022\/12\/Home-Click-Boating-1536x750.png 1536w, https:\/\/onehostingeurope.com\/wp-content\/uploads\/2022\/12\/Home-Click-Boating-18x9.png 18w, https:\/\/onehostingeurope.com\/wp-content\/uploads\/2022\/12\/Home-Click-Boating.png 1920w\" sizes=\"(max-width: 1024px) 100vw, 1024px\" \/>\t\t\t\t\t\t\t\t\t\t\t\t\t<\/div>\n\t\t\t\t<\/div>\n\t\t\t\t<div class=\"elementor-element elementor-element-67a04cb elementor-align-center elementor-widget elementor-widget-button\" data-id=\"67a04cb\" data-element_type=\"widget\" data-widget_type=\"button.default\">\n\t\t\t\t<div class=\"elementor-widget-container\">\n\t\t\t\t\t\t\t<div class=\"elementor-button-wrapper\">\n\t\t\t\t\t<a class=\"elementor-button elementor-button-link elementor-size-sm\" href=\"https:\/\/onehostingeurope.com\/contact-us\/\" target=\"_blank\">\n\t\t\t\t\t\t<span class=\"elementor-button-content-wrapper\">\n\t\t\t\t\t\t\t\t\t<span class=\"elementor-button-text\">Kontaktiere uns<\/span>\n\t\t\t\t\t<\/span>\n\t\t\t\t\t<\/a>\n\t\t\t\t<\/div>\n\t\t\t\t\t\t<\/div>\n\t\t\t\t<\/div>\n\t\t\t\t\t<\/div>\n\t\t<\/div>\n\t\t\t\t<div class=\"elementor-column elementor-col-20 elementor-top-column elementor-element elementor-element-ca84132\" data-id=\"ca84132\" data-element_type=\"column\">\n\t\t\t<div class=\"elementor-widget-wrap\">\n\t\t\t\t\t\t\t<\/div>\n\t\t<\/div>\n\t\t\t\t<div class=\"elementor-column elementor-col-20 elementor-top-column elementor-element elementor-element-68bca4f\" data-id=\"68bca4f\" data-element_type=\"column\">\n\t\t\t<div class=\"elementor-widget-wrap\">\n\t\t\t\t\t\t\t<\/div>\n\t\t<\/div>\n\t\t\t\t<div class=\"elementor-column elementor-col-20 elementor-top-column elementor-element elementor-element-d67b6b1\" data-id=\"d67b6b1\" data-element_type=\"column\">\n\t\t\t<div class=\"elementor-widget-wrap\">\n\t\t\t\t\t\t\t<\/div>\n\t\t<\/div>\n\t\t\t\t<div class=\"elementor-column elementor-col-20 elementor-top-column elementor-element elementor-element-e791961\" data-id=\"e791961\" data-element_type=\"column\">\n\t\t\t<div class=\"elementor-widget-wrap\">\n\t\t\t\t\t\t\t<\/div>\n\t\t<\/div>\n\t\t\t\t\t<\/div>\n\t\t<\/section>\n\t\t\t\t<\/div>","protected":false},"excerpt":{"rendered":"<p>Kauf von Premium-Dom\u00e4nennamen. Dom\u00e4nen sind mehr als eine Webadresse. Sie haben oft einen Wert, der weit \u00fcber den urspr\u00fcnglichen Registrierungspreis hinausgeht. Je nachdem, wie einpr\u00e4gsam sie ist oder wie gut sie bei Google platziert ist, kann eine Dom\u00e4ne, die urspr\u00fcnglich ein paar Dollar kostete, f\u00fcr den richtigen K\u00e4ufer viel Geld wert sein. [\u2026]<\/p>","protected":false},"author":1,"featured_media":0,"parent":0,"menu_order":0,"comment_status":"closed","ping_status":"closed","template":"","meta":{"footnotes":""},"class_list":["post-1654","page","type-page","status-publish","hentry"],"_links":{"self":[{"href":"https:\/\/onehostingeurope.com\/de\/wp-json\/wp\/v2\/pages\/1654","targetHints":{"allow":["GET"]}}],"collection":[{"href":"https:\/\/onehostingeurope.com\/de\/wp-json\/wp\/v2\/pages"}],"about":[{"href":"https:\/\/onehostingeurope.com\/de\/wp-json\/wp\/v2\/types\/page"}],"author":[{"embeddable":true,"href":"https:\/\/onehostingeurope.com\/de\/wp-json\/wp\/v2\/users\/1"}],"replies":[{"embeddable":true,"href":"https:\/\/onehostingeurope.com\/de\/wp-json\/wp\/v2\/comments?post=1654"}],"version-history":[{"count":100,"href":"https:\/\/onehostingeurope.com\/de\/wp-json\/wp\/v2\/pages\/1654\/revisions"}],"predecessor-version":[{"id":2024,"href":"https:\/\/onehostingeurope.com\/de\/wp-json\/wp\/v2\/pages\/1654\/revisions\/2024"}],"wp:attachment":[{"href":"https:\/\/onehostingeurope.com\/de\/wp-json\/wp\/v2\/media?parent=1654"}],"curies":[{"name":"wp","href":"https:\/\/api.w.org\/{rel}","templated":true}]}}